{"id":335125,"date":"2026-03-07T18:08:02","date_gmt":"2026-03-07T15:08:02","guid":{"rendered":"https:\/\/baldumarket.lt\/?post_type=product&#038;p=335125"},"modified":"2026-03-26T18:06:57","modified_gmt":"2026-03-26T15:06:57","slug":"silumos-kilimelis","status":"publish","type":"product","link":"https:\/\/baldumarket.lt\/lt\/product\/silumos-kilimelis\/","title":{"rendered":"\u0160ilumos kilim\u0117lis"},"content":{"rendered":"<p>Plotis \/ 270 cm<br \/>\nModernaus charakterio ir dizaino \u201e\u017bAR\u201c televizorius puikiai tiks bet kurioje svetain\u0117je, poilsio zonoje ir kitur. Baldai pagaminti i\u0161 tvirtos 16 mm storio laminuotos plok\u0161t\u0117s. D\u0117l eleganti\u0161kos formos ir modernios i\u0161vaizdos jie neu\u017ego\u0161 jokio interjero, tod\u0117l puikiai tiks bet kurioje ma\u017eoje erdv\u0117je. \u201e\u017bAR\u201c televizorius si\u016blomas \u012fvairi\u0173 spalv\u0173.<br \/>\nBaldai nauji, supakuoti \u012f surinkimo pakuotes su ai\u0161kiomis instrukcijomis ir priedais. Matmenys:<br \/>\n\u2013 plotis 270 cm \/ auk\u0161tis XX cm \/ gylis 45 cm<br \/>\nPapildoma informacija:<\/p>\n<p>Galimos spalvos: Sonoma\/balta, Artisan\/Anderson pu\u0161is, Truffle\/Wilton<br \/>\nKorpuso apdaila: matin\u0117<\/p>\n<p>Priekin\u0117 apdaila: blizgi arba matin\u0117, priklausomai nuo pasirinktos spalvos<br \/>\nPlastikin\u0117s kojel\u0117s u\u017etikrina stabilum\u0105 ir ilgaam\u017ei\u0161kum\u0105<br \/>\nPagaminta i\u0161 laminuotos med\u017eio dro\u017eli\u0173 plok\u0161t\u0117s<br \/>\nTipas: laisvai pastatomas \/ montuojamas ant sienos<br \/>\nBlizg\u016bs fasadai galimi baltos, juodos ir latte spalvos.<\/p>","protected":false},"excerpt":{"rendered":"<p>Plotis \/ 270 cm. \u0160iuolaiki\u0161ko charakterio ir dizaino \u017bAR televizorius puikiai tiks bet kurioje svetain\u0117je, poilsio zonoje ir kitur. Baldai pagaminti i\u0161 tvirtos 16 mm storio laminuotos plok\u0161t\u0117s. D\u0117l eleganti\u0161kos formos ir modernios i\u0161vaizdos jie neu\u017ego\u0161 jokio interjero, tod\u0117l puikiai tiks bet kurioje [\u2026]<\/p>","protected":false},"featured_media":335168,"comment_status":"open","ping_status":"closed","template":"","meta":[],"product_brand":[],"product_cat":[9930,9879,2008],"product_tag":[],"class_list":{"0":"post-335125","1":"product","2":"type-product","3":"status-publish","4":"has-post-thumbnail","6":"product_cat-furniture-system-elis","7":"product_cat-krajan","8":"product_cat-wall-units","10":"first","11":"instock","12":"shipping-taxable","13":"purchasable","14":"product-type-variable","15":"wvs-archive-product-wrapper"},"_links":{"self":[{"href":"https:\/\/baldumarket.lt\/lt\/wp-json\/wp\/v2\/product\/335125","targetHints":{"allow":["GET"]}}],"collection":[{"href":"https:\/\/baldumarket.lt\/lt\/wp-json\/wp\/v2\/product"}],"about":[{"href":"https:\/\/baldumarket.lt\/lt\/wp-json\/wp\/v2\/types\/product"}],"replies":[{"embeddable":true,"href":"https:\/\/baldumarket.lt\/lt\/wp-json\/wp\/v2\/comments?post=335125"}],"wp:featuredmedia":[{"embeddable":true,"href":"https:\/\/baldumarket.lt\/lt\/wp-json\/wp\/v2\/media\/335168"}],"wp:attachment":[{"href":"https:\/\/baldumarket.lt\/lt\/wp-json\/wp\/v2\/media?parent=335125"}],"wp:term":[{"taxonomy":"product_brand","embeddable":true,"href":"https:\/\/baldumarket.lt\/lt\/wp-json\/wp\/v2\/product_brand?post=335125"},{"taxonomy":"product_cat","embeddable":true,"href":"https:\/\/baldumarket.lt\/lt\/wp-json\/wp\/v2\/product_cat?post=335125"},{"taxonomy":"product_tag","embeddable":true,"href":"https:\/\/baldumarket.lt\/lt\/wp-json\/wp\/v2\/product_tag?post=335125"}],"curies":[{"name":"wp","href":"https:\/\/api.w.org\/{rel}","templated":true}]}}