{"id":335123,"date":"2026-03-07T18:08:00","date_gmt":"2026-03-07T15:08:00","guid":{"rendered":"https:\/\/baldumarket.lt\/?post_type=product&#038;p=335123"},"modified":"2026-03-26T18:06:57","modified_gmt":"2026-03-26T15:06:57","slug":"zefir-a","status":"publish","type":"product","link":"https:\/\/baldumarket.lt\/lt\/product\/zefir-a\/","title":{"rendered":"Bald\u0173 sienel\u0117 ZEFIR A"},"content":{"rendered":"<p>Plotis\/Auk\u0161tis\/Gylis: 240\/xx\/42 cm<\/p>\n<p>\u201eZEFIR A\u201c komplektas pasi\u017eymi moderniu ir eleganti\u0161ku dizainu, patvarumu ir funkcionalumu. Pagamintas i\u0161 auk\u0161tos kokyb\u0117s laminuotos plok\u0161t\u0117s, jis tarnaus ilgus metus, o paprasta konstrukcija u\u017etikrina naudojimo komfort\u0105 net ir i\u0161rankiausiems klientams. Baldai puikiai tinka svetain\u0117ms ir poilsio kambariams. Jie yra erdv\u016bs ir si\u016blomi \u012fvairi\u0173 spalv\u0173. Matmenys:<br \/>\n\u2013 Plotis 240 cm \/ Auk\u0161tis XX cm \/ Gylis 42 cm<br \/>\nPapildoma informacija:<br \/>\n\u2013 Rinkin\u012f sudaro 6 dalys,<\/p>\n<p>\u2013 Apatin\u0117s spintel\u0117s (stal\u010diai): 120\u2013120 cm, auk\u0161tis 35,8 cm<\/p>\n<p>\u2013 Vir\u0161utin\u0117s spintel\u0117s: 100\u2013100\u201390 cm (baras),<\/p>\n<p>\u2013 Vir\u0161utin\u0117 vertikali spintel\u0117: plotis 30 cm \/ auk\u0161tis 112 cm,<\/p>\n<p>\u2013 Galima rinktis priekin\u0117s dalies spalvas \u2013 blizgios ir matin\u0117s,<\/p>\n<p>\u2013 Rankenos ir kojel\u0117s pagamintos i\u0161 auk\u0161tos kokyb\u0117s plastiko, u\u017etikrinan\u010dio patvarum\u0105 ir naudojimo patogum\u0105,<\/p>\n<p>\u2013 Baldai nauji, supakuoti \u012f savaranki\u0161kai surinkamas pakuotes, su ai\u0161kiomis instrukcijomis ir priedais.<\/p>\n<p>\u2013 Vizualizacijoje pavaizduota sienin\u0117 spintel\u0117 pagaminta i\u0161 baltos pu\u0161ies \/ \u201eartisan\u201c spalvos.<\/p>\n<p>\u2013 90 cm plo\u010dio spintel\u0117 galima \u012fsigyti kaip papildom\u0105 variant\u0105.<\/p>","protected":false},"excerpt":{"rendered":"<p><strong><span dir=\"auto\">Matmenys:<\/span><\/strong><\/p>\n<p><span dir=\"auto\">\u2013 plotis 240 cm \/ auk\u0161tis XX cm \/ gylis 42 cm<\/span><\/p>","protected":false},"featured_media":335167,"comment_status":"open","ping_status":"closed","template":"","meta":[],"product_brand":[],"product_cat":[9879,9880,2008],"product_tag":[],"class_list":{"0":"post-335123","1":"product","2":"type-product","3":"status-publish","4":"has-post-thumbnail","6":"product_cat-krajan","7":"product_cat-classic-furniture-krajan","8":"product_cat-wall-units","10":"first","11":"instock","12":"shipping-taxable","13":"purchasable","14":"product-type-variable","15":"wvs-archive-product-wrapper"},"_links":{"self":[{"href":"https:\/\/baldumarket.lt\/lt\/wp-json\/wp\/v2\/product\/335123","targetHints":{"allow":["GET"]}}],"collection":[{"href":"https:\/\/baldumarket.lt\/lt\/wp-json\/wp\/v2\/product"}],"about":[{"href":"https:\/\/baldumarket.lt\/lt\/wp-json\/wp\/v2\/types\/product"}],"replies":[{"embeddable":true,"href":"https:\/\/baldumarket.lt\/lt\/wp-json\/wp\/v2\/comments?post=335123"}],"wp:featuredmedia":[{"embeddable":true,"href":"https:\/\/baldumarket.lt\/lt\/wp-json\/wp\/v2\/media\/335167"}],"wp:attachment":[{"href":"https:\/\/baldumarket.lt\/lt\/wp-json\/wp\/v2\/media?parent=335123"}],"wp:term":[{"taxonomy":"product_brand","embeddable":true,"href":"https:\/\/baldumarket.lt\/lt\/wp-json\/wp\/v2\/product_brand?post=335123"},{"taxonomy":"product_cat","embeddable":true,"href":"https:\/\/baldumarket.lt\/lt\/wp-json\/wp\/v2\/product_cat?post=335123"},{"taxonomy":"product_tag","embeddable":true,"href":"https:\/\/baldumarket.lt\/lt\/wp-json\/wp\/v2\/product_tag?post=335123"}],"curies":[{"name":"wp","href":"https:\/\/api.w.org\/{rel}","templated":true}]}}