{"id":335119,"date":"2026-03-07T18:07:55","date_gmt":"2026-03-07T15:07:55","guid":{"rendered":"https:\/\/baldumarket.lt\/?post_type=product&#038;p=335119"},"modified":"2026-03-26T18:06:57","modified_gmt":"2026-03-26T15:06:57","slug":"zenit-kilimelis","status":"publish","type":"product","link":"https:\/\/baldumarket.lt\/lt\/product\/zenit-kilimelis\/","title":{"rendered":"Bald\u0173 sienel\u0117 ZENIT MAT"},"content":{"rendered":"<p>Plotis\/Auk\u0161tis\/Gylis: 276\/182\/45 cm<br \/>\nZENIT komplektas pasi\u017eymi moderniu ir eleganti\u0161ku dizainu, patvarumu ir funkcionalumu. Pagamintas i\u0161 auk\u0161tos kokyb\u0117s laminuotos plok\u0161t\u0117s, jis tarnaus ilgus metus, o paprasta konstrukcija u\u017etikrina naudojimo komfort\u0105 net ir reikliausiems vartotojams. Baldai puikiai tinka svetain\u0117ms ir poilsio kambariams. Baldai yra erdv\u016bs ir si\u016blomi \u012fvairi\u0173 spalv\u0173.<br \/>\nMatmenys:<br \/>\n\u2013 Plotis 276 cm \/ Auk\u0161tis 182 cm \/ Gylis 45 cm<br \/>\nPapildoma informacija:<br \/>\n\u2013 Komplekt\u0105 sudaro 3 dalys + 2 atviros lentynos,<\/p>\n<p>\u2013 Apatinis plotis 185 cm; televizoriaus ni\u0161a 100 cm<\/p>\n<p>\u2013 Kair\u0117 lentyna: plotis 91 cm, auk\u0161tis 125,5 cm<\/p>\n<p>\u2013 Atvira lentyna: 130\u2013100 cm<\/p>\n<p>\u2013 Vitrina: plotis 85 cm (kabinama ant sienos)<\/p>\n<p>\u2013 Vitrinose standarti\u0161kai \u012frengtos laminuotos lentos lentynos,<\/p>\n<p>\u2013 Pakabinamoje vitrinoje u\u017e papildom\u0105 mokest\u012f galima \u012fsigyti stiklines lentynas ir LED ap\u0161vietim\u0105.,<\/p>\n<p>\u2013 Galima rinktis priekin\u0117s dalies spalvas \u2013 matin\u0117s arba blizgios,<\/p>\n<p>\u2013 Rankenos pagamintos i\u0161 auk\u0161tos kokyb\u0117s plastiko, u\u017etikrinan\u010dio patvarum\u0105 ir naudojimo patogum\u0105,<\/p>\n<p>\u2013 16 mm storio laminuota plok\u0161t\u0117, 22 mm stalvir\u0161iai<\/p>\n<p>\u2013 Baldai nauji, supakuoti \u012f savaranki\u0161kai surinkamas pakuotes, su ai\u0161kiomis instrukcijomis ir priedais.<\/p>\n<p>\u2013 Vizualizacijoje parodyta sienin\u0117 spintel\u0117 yra \u0161okolado spalvos.<\/p>","protected":false},"excerpt":{"rendered":"<p><strong><span dir=\"auto\">Matmenys:<\/span><\/strong><\/p>\n<p><span dir=\"auto\">\u2013 plotis 276 cm \/ auk\u0161tis 182 cm \/ gylis 45 cm<\/span><\/p>","protected":false},"featured_media":335155,"comment_status":"open","ping_status":"closed","template":"","meta":[],"product_brand":[],"product_cat":[9879,9880,2008],"product_tag":[],"class_list":{"0":"post-335119","1":"product","2":"type-product","3":"status-publish","4":"has-post-thumbnail","6":"product_cat-krajan","7":"product_cat-classic-furniture-krajan","8":"product_cat-wall-units","10":"first","11":"instock","12":"shipping-taxable","13":"purchasable","14":"product-type-variable","15":"wvs-archive-product-wrapper"},"_links":{"self":[{"href":"https:\/\/baldumarket.lt\/lt\/wp-json\/wp\/v2\/product\/335119","targetHints":{"allow":["GET"]}}],"collection":[{"href":"https:\/\/baldumarket.lt\/lt\/wp-json\/wp\/v2\/product"}],"about":[{"href":"https:\/\/baldumarket.lt\/lt\/wp-json\/wp\/v2\/types\/product"}],"replies":[{"embeddable":true,"href":"https:\/\/baldumarket.lt\/lt\/wp-json\/wp\/v2\/comments?post=335119"}],"wp:featuredmedia":[{"embeddable":true,"href":"https:\/\/baldumarket.lt\/lt\/wp-json\/wp\/v2\/media\/335155"}],"wp:attachment":[{"href":"https:\/\/baldumarket.lt\/lt\/wp-json\/wp\/v2\/media?parent=335119"}],"wp:term":[{"taxonomy":"product_brand","embeddable":true,"href":"https:\/\/baldumarket.lt\/lt\/wp-json\/wp\/v2\/product_brand?post=335119"},{"taxonomy":"product_cat","embeddable":true,"href":"https:\/\/baldumarket.lt\/lt\/wp-json\/wp\/v2\/product_cat?post=335119"},{"taxonomy":"product_tag","embeddable":true,"href":"https:\/\/baldumarket.lt\/lt\/wp-json\/wp\/v2\/product_tag?post=335119"}],"curies":[{"name":"wp","href":"https:\/\/api.w.org\/{rel}","templated":true}]}}