{"id":335115,"date":"2026-03-07T18:07:50","date_gmt":"2026-03-07T15:07:50","guid":{"rendered":"https:\/\/baldumarket.lt\/?post_type=product&#038;p=335115"},"modified":"2026-03-26T18:06:57","modified_gmt":"2026-03-26T15:06:57","slug":"sofija","status":"publish","type":"product","link":"https:\/\/baldumarket.lt\/lt\/product\/sofija\/","title":{"rendered":"Sofija"},"content":{"rendered":"<p>Plotis\/Auk\u0161tis\/Gylis: 225\/160\/45 cm<br \/>\nModernaus charakterio ir dizaino ZOFIA televizorius puikiai tiks bet kurioje svetain\u0117je, poilsio zonoje ir kitur. Baldai pagaminti i\u0161 tvirtos 16 mm storio laminuotos plok\u0161t\u0117s. D\u0117l eleganti\u0161kos formos ir modernios i\u0161vaizdos jie neu\u017ego\u0161 interjero, tod\u0117l puikiai tinka net ir ma\u017eoms erdv\u0117ms.<br \/>\nBaldai nauji, supakuoti \u012f surinkimo pakuotes su ai\u0161kiomis instrukcijomis ir priedais. Matmenys:<br \/>\n\u2013 plotis 225 cm \/ auk\u0161tis 160 cm \/ gylis 45 cm<br \/>\nPapildoma informacija:<\/p>\n<p>Galimos spalvos: Sonoma\/balta, Artisan\/Anderson pu\u0161is, Truffle\/Wilton, Sonoma\/blizgi balta,<br \/>\nKorpuso apdaila: matin\u0117,<br \/>\nPriekin\u0117 apdaila: blizgi,<br \/>\nPlastikin\u0117s kojel\u0117s u\u017etikrina stabilum\u0105 ir ilgaam\u017ei\u0161kum\u0105,<br \/>\nPagaminta i\u0161: laminuotos med\u017eio dro\u017eli\u0173 plok\u0161t\u0117s,<br \/>\nTipas: pastatoma \/ montuojama ant sienos lentyna.<br \/>\nBlizgus priekis, baltos ir juodos spalvos.<\/p>\n<p>Stilius: modernus<\/p>","protected":false},"excerpt":{"rendered":"<p>Plotis\/Auk\u0161tis\/Gylis: 225\/160\/45 cm. \u0160iuolaiki\u0161ko dizaino ZOFIA televizorius puikiai tiks bet kurioje svetain\u0117je, poilsio kambaryje ir kitur. Baldai pagaminti i\u0161 tvirtos 16 mm storio laminuotos plok\u0161t\u0117s. Eleganti\u0161ka forma ir moderni i\u0161vaizda u\u017etikrina, kad jie neu\u017ego\u0161 interjero, tod\u0117l puikiai tinka net ma\u017eiems [\u2026]<\/p>","protected":false},"featured_media":335153,"comment_status":"open","ping_status":"closed","template":"","meta":[],"product_brand":[],"product_cat":[9879,2008],"product_tag":[],"class_list":{"0":"post-335115","1":"product","2":"type-product","3":"status-publish","4":"has-post-thumbnail","6":"product_cat-krajan","7":"product_cat-wall-units","9":"first","10":"instock","11":"shipping-taxable","12":"purchasable","13":"product-type-variable","14":"wvs-archive-product-wrapper"},"_links":{"self":[{"href":"https:\/\/baldumarket.lt\/lt\/wp-json\/wp\/v2\/product\/335115","targetHints":{"allow":["GET"]}}],"collection":[{"href":"https:\/\/baldumarket.lt\/lt\/wp-json\/wp\/v2\/product"}],"about":[{"href":"https:\/\/baldumarket.lt\/lt\/wp-json\/wp\/v2\/types\/product"}],"replies":[{"embeddable":true,"href":"https:\/\/baldumarket.lt\/lt\/wp-json\/wp\/v2\/comments?post=335115"}],"wp:featuredmedia":[{"embeddable":true,"href":"https:\/\/baldumarket.lt\/lt\/wp-json\/wp\/v2\/media\/335153"}],"wp:attachment":[{"href":"https:\/\/baldumarket.lt\/lt\/wp-json\/wp\/v2\/media?parent=335115"}],"wp:term":[{"taxonomy":"product_brand","embeddable":true,"href":"https:\/\/baldumarket.lt\/lt\/wp-json\/wp\/v2\/product_brand?post=335115"},{"taxonomy":"product_cat","embeddable":true,"href":"https:\/\/baldumarket.lt\/lt\/wp-json\/wp\/v2\/product_cat?post=335115"},{"taxonomy":"product_tag","embeddable":true,"href":"https:\/\/baldumarket.lt\/lt\/wp-json\/wp\/v2\/product_tag?post=335115"}],"curies":[{"name":"wp","href":"https:\/\/api.w.org\/{rel}","templated":true}]}}