{"id":335111,"date":"2026-03-07T18:07:47","date_gmt":"2026-03-07T15:07:47","guid":{"rendered":"https:\/\/baldumarket.lt\/?post_type=product&#038;p=335111"},"modified":"2026-03-26T18:06:57","modified_gmt":"2026-03-26T15:06:57","slug":"zumi","status":"publish","type":"product","link":"https:\/\/baldumarket.lt\/lt\/product\/zumi\/","title":{"rendered":"Prie\u0161kambaris ZUMI"},"content":{"rendered":"<p>Informacija:<br \/>\nPlotis\/Auk\u0161tis\/Gylis: 170\/201\/43,5 cm<br \/>\nLentynos su pakaba plotis: 85 cm<\/p>\n<p>Komodos plotis: 85 cm<\/p>\n<p>Veidrodis: 80 \u00d7 70 cm + r\u0117mas<br \/>\nSpalva nuotraukoje: \u0161okoladas<\/p>\n<p>Baldai pristatomi plok\u0161\u010diose pakuot\u0117se, kurias galima surinkti savaranki\u0161kai.<\/p>\n<p>Naujas produktas, originalioje pakuot\u0117je!<\/p>\n<p>Pagaminta i\u0161 laminuotos med\u017eio dro\u017eli\u0173 plok\u0161t\u0117s.<\/p>\n<p>Priekin\u0117s dalys: lenta + lygus priekis + \u0161onin\u0117 panel\u0117.<\/p>","protected":false},"excerpt":{"rendered":"<p>Informacija: Plotis\/Auk\u0161tis\/Gylis: 170\/201\/43,5 cm Lentynos su pakaba plotis: 85 cm Komodos plotis: 85 cm Veidrodis: 80\u00d770 cm + r\u0117mas Spalva nuotraukoje: \u0161okolado Baldai pristatomi plok\u0161\u010diose pakuot\u0117se, kad b\u016bt\u0173 galima surinkti patiems. Naujas gaminys, originalioje pakuot\u0117je! Pagaminta i\u0161 laminuotos med\u017eio dro\u017eli\u0173 plok\u0161t\u0117s. Fasadas: plok\u0161t\u0117 + lygus priekis + \u0161onin\u0117 plok\u0161t\u0117.<\/p>","protected":false},"featured_media":335144,"comment_status":"open","ping_status":"closed","template":"","meta":[],"product_brand":[],"product_cat":[9879,9884,1177],"product_tag":[],"class_list":{"0":"post-335111","1":"product","2":"type-product","3":"status-publish","4":"has-post-thumbnail","6":"product_cat-krajan","7":"product_cat-wardrobes-krajan","8":"product_cat-wardrobes","10":"first","11":"instock","12":"shipping-taxable","13":"purchasable","14":"product-type-variable","15":"wvs-archive-product-wrapper"},"_links":{"self":[{"href":"https:\/\/baldumarket.lt\/lt\/wp-json\/wp\/v2\/product\/335111","targetHints":{"allow":["GET"]}}],"collection":[{"href":"https:\/\/baldumarket.lt\/lt\/wp-json\/wp\/v2\/product"}],"about":[{"href":"https:\/\/baldumarket.lt\/lt\/wp-json\/wp\/v2\/types\/product"}],"replies":[{"embeddable":true,"href":"https:\/\/baldumarket.lt\/lt\/wp-json\/wp\/v2\/comments?post=335111"}],"wp:featuredmedia":[{"embeddable":true,"href":"https:\/\/baldumarket.lt\/lt\/wp-json\/wp\/v2\/media\/335144"}],"wp:attachment":[{"href":"https:\/\/baldumarket.lt\/lt\/wp-json\/wp\/v2\/media?parent=335111"}],"wp:term":[{"taxonomy":"product_brand","embeddable":true,"href":"https:\/\/baldumarket.lt\/lt\/wp-json\/wp\/v2\/product_brand?post=335111"},{"taxonomy":"product_cat","embeddable":true,"href":"https:\/\/baldumarket.lt\/lt\/wp-json\/wp\/v2\/product_cat?post=335111"},{"taxonomy":"product_tag","embeddable":true,"href":"https:\/\/baldumarket.lt\/lt\/wp-json\/wp\/v2\/product_tag?post=335111"}],"curies":[{"name":"wp","href":"https:\/\/api.w.org\/{rel}","templated":true}]}}