{"id":335109,"date":"2026-03-07T18:07:44","date_gmt":"2026-03-07T15:07:44","guid":{"rendered":"https:\/\/baldumarket.lt\/?post_type=product&#038;p=335109"},"modified":"2026-04-07T16:02:23","modified_gmt":"2026-04-07T13:02:23","slug":"zyta","status":"publish","type":"product","link":"https:\/\/baldumarket.lt\/lt\/product\/zyta\/","title":{"rendered":"ZYTA"},"content":{"rendered":"<p>ZYTA miegamojo komplektas<br \/>\n\u0160\u012f miegamojo bald\u0173 komplekt\u0105 sudaro lova, drabu\u017ei\u0173 spinta, komoda ir naktiniai staleliai. Juos taip pat galima \u012fsigyti atskirai, tod\u0117l galite susikurti savo miegamojo bald\u0173 komplekt\u0105 pagal savo individualius pageidavimus. Jie yra patog\u016bs ir erdv\u016bs d\u0117l gerai suprojektuot\u0173 daiktad\u0117\u017ei\u0173. D\u0117l auk\u0161\u010diausios kokyb\u0117s meistri\u0161kumo jais gal\u0117site d\u017eiaugtis ilgus metus. Komplekt\u0105 sudaro:<br \/>\n\u2013 1 trij\u0173 dur\u0173 spinta su veidrod\u017eiu (atidaroma)<\/p>\n<p>\u2013 arba 2 dur\u0173 stumdoma spinta \u2192 spintos ap\u017evalga \u2192 Zyta<\/p>\n<p>\u2013 1 lova su kop\u0117\u010diomis (be \u010diu\u017einio)<\/p>\n<p>\u2013 1 komoda<\/p>\n<p>\u2013 2 naktiniai staleliai<\/p>\n<p>Matmenys:<\/p>\n<p>plotis cm \/ auk\u0161tis cm \/ gylis cm<\/p>\n<p>\u2013 spinta: 150 x 200 x 53<\/p>\n<p>\u2013 lova su naktiniais staleliais: 262 x 100 x 204 (i\u0161oriniai matmenys)<\/p>\n<p>Papildoma informacija:<br \/>\n\u2013 lova: miegamojo plotas 160 x 200 cm (\u010diu\u017einys ne\u012fskai\u010diuotas)<\/p>\n<p>\u2013 baldai yra nauji, supakuoti \u012f savaranki\u0161kai surinkamas pakuotes, su ai\u0161kiomis instrukcijomis ir priedais.<\/p>\n<p>\u2013 miegamasis i\u0161 vizualizacijos, spalva: balta\/Riva<\/p>","protected":false},"excerpt":{"rendered":"<p>ZYTA miegamojo komplektas. \u0160\u012f miegamojo komplekt\u0105 sudaro lova, drabu\u017ei\u0173 spinta, komoda ir naktiniai staleliai. Juos taip pat galima \u012fsigyti atskirai, tod\u0117l galite susikurti savo miegamojo bald\u0173 komplekt\u0105 pagal savo individualius pageidavimus. Jie yra patog\u016bs ir erdv\u016bs d\u0117l gerai suprojektuot\u0173 daiktad\u0117\u017ei\u0173. D\u0117l auk\u0161\u010diausios kokyb\u0117s meistri\u0161kumo galite m\u0117gautis [\u2026]<\/p>","protected":false},"featured_media":335143,"comment_status":"open","ping_status":"closed","template":"","meta":[],"product_brand":[],"product_cat":[9883,9879,9134],"product_tag":[],"class_list":{"0":"post-335109","1":"product","2":"type-product","3":"status-publish","4":"has-post-thumbnail","6":"product_cat-bedrooms-krajan","7":"product_cat-krajan","8":"product_cat-bedroom-sets","10":"first","11":"instock","12":"shipping-taxable","13":"product-type-variable","14":"wvs-archive-product-wrapper"},"_links":{"self":[{"href":"https:\/\/baldumarket.lt\/lt\/wp-json\/wp\/v2\/product\/335109","targetHints":{"allow":["GET"]}}],"collection":[{"href":"https:\/\/baldumarket.lt\/lt\/wp-json\/wp\/v2\/product"}],"about":[{"href":"https:\/\/baldumarket.lt\/lt\/wp-json\/wp\/v2\/types\/product"}],"replies":[{"embeddable":true,"href":"https:\/\/baldumarket.lt\/lt\/wp-json\/wp\/v2\/comments?post=335109"}],"wp:featuredmedia":[{"embeddable":true,"href":"https:\/\/baldumarket.lt\/lt\/wp-json\/wp\/v2\/media\/335143"}],"wp:attachment":[{"href":"https:\/\/baldumarket.lt\/lt\/wp-json\/wp\/v2\/media?parent=335109"}],"wp:term":[{"taxonomy":"product_brand","embeddable":true,"href":"https:\/\/baldumarket.lt\/lt\/wp-json\/wp\/v2\/product_brand?post=335109"},{"taxonomy":"product_cat","embeddable":true,"href":"https:\/\/baldumarket.lt\/lt\/wp-json\/wp\/v2\/product_cat?post=335109"},{"taxonomy":"product_tag","embeddable":true,"href":"https:\/\/baldumarket.lt\/lt\/wp-json\/wp\/v2\/product_tag?post=335109"}],"curies":[{"name":"wp","href":"https:\/\/api.w.org\/{rel}","templated":true}]}}