{"id":335008,"date":"2026-03-07T00:57:40","date_gmt":"2026-03-06T21:57:40","guid":{"rendered":"https:\/\/baldumarket.lt\/?post_type=product&#038;p=335008"},"modified":"2026-03-25T16:24:46","modified_gmt":"2026-03-25T13:24:46","slug":"erdvi-indauja-150-cm-spinteles-lentynos-stalciai-auksciausios-kokybes-furnitura-balta-pusis-azuolas-sonoma","status":"publish","type":"product","link":"https:\/\/baldumarket.lt\/lt\/product\/erdvi-indauja-150-cm-spinteles-lentynos-stalciai-auksciausios-kokybes-furnitura-balta-pusis-azuolas-sonoma\/","title":{"rendered":"Erdvi indauja 150 cm, spintel\u0117s, lentynos, stal\u010diai, auk\u0161\u010diausios kokyb\u0117s furnit\u016bra, balta, pu\u0161is, \u0105\u017euolas, Sonoma"},"content":{"rendered":"<p>Klasikin\u0117 150 dyd\u017eio indauja \u2013 tai nepaprasto \u017eavesio baldas. Ji tinka beveik bet kokiam interjerui ir stiliui. J\u016bs\u0173 namuose ji gali b\u016bti gra\u017eus svetain\u0117s, virtuv\u0117s ar valgomojo papildymas. Jei ie\u0161kote bald\u0173, kuriuose tilpt\u0173 ne tik stalo \u012frankiai, bet ir kiti naudingi aksesuarai ar knygos, rinkit\u0117s 150 dyd\u017eio indauja i\u0161 e-meblast.pl. \u0160i klasikinio stiliaus indauja pagaminta i\u0161 auk\u0161\u010diausios kokyb\u0117s med\u017eiag\u0173. Ji pasi\u017eymi patvarumu ir nesenstan\u010dia i\u0161vaizda. \u0160is baldas puikiai dera su kitais \u012fmon\u0117s gaminamais produktais. Didelis vis\u0173 m\u016bs\u0173 bald\u0173 privalumas yra tai, kad juos galima modifikuoti gamybos metu. Reikia pakeisti atskirus elementus ar fasad\u0173 spalv\u0105? Susisiekite su mumis. Toks po\u017ei\u016bris leid\u017eia jums tur\u0117ti bald\u0105 b\u016btent tok\u012f, kokio svajojate.<br \/>\nRinkit\u0117s auk\u0161tos kokyb\u0117s ir patikrintus baldus i\u0161 Lenkijos gamintojo.<\/p>","protected":false},"excerpt":{"rendered":"<p>Matmenys: Plotis: 150 cm Auk\u0161tis: 200 cm Gylis: 53 cm<\/p>","protected":false},"featured_media":335055,"comment_status":"open","ping_status":"closed","template":"","meta":[],"product_brand":[],"product_cat":[9983,9857,1177],"product_tag":[],"class_list":{"0":"post-335008","1":"product","2":"type-product","3":"status-publish","4":"has-post-thumbnail","6":"product_cat-furniture-sets-room-sets-meblast","7":"product_cat-meblast","8":"product_cat-wardrobes","10":"first","11":"instock","12":"shipping-taxable","13":"purchasable","14":"product-type-variable","15":"wvs-archive-product-wrapper"},"_links":{"self":[{"href":"https:\/\/baldumarket.lt\/lt\/wp-json\/wp\/v2\/product\/335008","targetHints":{"allow":["GET"]}}],"collection":[{"href":"https:\/\/baldumarket.lt\/lt\/wp-json\/wp\/v2\/product"}],"about":[{"href":"https:\/\/baldumarket.lt\/lt\/wp-json\/wp\/v2\/types\/product"}],"replies":[{"embeddable":true,"href":"https:\/\/baldumarket.lt\/lt\/wp-json\/wp\/v2\/comments?post=335008"}],"wp:featuredmedia":[{"embeddable":true,"href":"https:\/\/baldumarket.lt\/lt\/wp-json\/wp\/v2\/media\/335055"}],"wp:attachment":[{"href":"https:\/\/baldumarket.lt\/lt\/wp-json\/wp\/v2\/media?parent=335008"}],"wp:term":[{"taxonomy":"product_brand","embeddable":true,"href":"https:\/\/baldumarket.lt\/lt\/wp-json\/wp\/v2\/product_brand?post=335008"},{"taxonomy":"product_cat","embeddable":true,"href":"https:\/\/baldumarket.lt\/lt\/wp-json\/wp\/v2\/product_cat?post=335008"},{"taxonomy":"product_tag","embeddable":true,"href":"https:\/\/baldumarket.lt\/lt\/wp-json\/wp\/v2\/product_tag?post=335008"}],"curies":[{"name":"wp","href":"https:\/\/api.w.org\/{rel}","templated":true}]}}