{"id":335006,"date":"2026-03-07T00:57:31","date_gmt":"2026-03-06T21:57:31","guid":{"rendered":"https:\/\/baldumarket.lt\/?post_type=product&#038;p=335006"},"modified":"2026-03-25T12:14:07","modified_gmt":"2026-03-25T09:14:07","slug":"didele-indauja-170-cm-spinteles-stalciai-stiklinimas-auksciausios-kokybes-furnitura-balta-pusis-azuolas-sonoma","status":"publish","type":"product","link":"https:\/\/baldumarket.lt\/lt\/product\/didele-indauja-170-cm-spinteles-stalciai-stiklinimas-auksciausios-kokybes-furnitura-balta-pusis-azuolas-sonoma\/","title":{"rendered":"Didel\u0117 indauja 170 cm, spintel\u0117s, stal\u010diai, stiklinimas, auk\u0161\u010diausios kokyb\u0117s furnit\u016bra,"},"content":{"rendered":"<p>Gra\u017ei indauja, kurios konstrukcija u\u017etikrina tvirtum\u0105 ir sujungia funkcionalum\u0105 su kokybi\u0161ka meistryste. Jei esate nesenstan\u010di\u0173 tradicij\u0173 ir klasikinio stiliaus gerb\u0117jas, indauja 170 tikrai pavogs j\u016bs\u0173 \u0161ird\u012f.<br \/>\nIndauja 170 \u2013 puikus baldas j\u016bs\u0173 svetainei ar valgomajam. Be praktin\u0117s funkcijos, ji taip pat atlieka dekoratyvinio elemento funkcij\u0105. Ji bus puiki vitrina j\u016bs\u0173 namams ir taps traukos centru, atkreips d\u0117mes\u012f \u012f j\u016bs\u0173 interjer\u0105 ir suteiks jam unikalumo. D\u0117l savo dyd\u017eio indauja gali sutalpinti drabu\u017eius, smulkius daiktus ir stalo \u012frankius. Stiklin\u0117se vitrinose galite eksponuoti kelioni\u0173 suvenyrus ar porcelianin\u012f arbatos serviz\u0105.<br \/>\nIndauja 170 pasi\u017eymi i\u0161skirtiniu patvarumu, nes ji pagaminta i\u0161 18 mm storio \u2019Woodeco\u201c (anks\u010diau \u201ePfleiderer\u201c) plok\u0161t\u0117s, atsparios pa\u017eeidimams.<br \/>\nRinkit\u0117s \u0161\u012f nesenstant\u012f Lenkijos gamintojo bald\u0105 ir m\u0117gaukit\u0117s jo funkcionalumu ilgus metus.<\/p>","protected":false},"excerpt":{"rendered":"<p>Matmenys:<br \/>\nPlotis: 170 cm<br \/>\nAuk\u0161tis: 200 cm<br \/>\nGylis: 45 cm<\/p>","protected":false},"featured_media":335051,"comment_status":"open","ping_status":"closed","template":"","meta":[],"product_brand":[],"product_cat":[9983,9857,1177],"product_tag":[],"class_list":{"0":"post-335006","1":"product","2":"type-product","3":"status-publish","4":"has-post-thumbnail","6":"product_cat-furniture-sets-room-sets-meblast","7":"product_cat-meblast","8":"product_cat-wardrobes","10":"first","11":"instock","12":"shipping-taxable","13":"purchasable","14":"product-type-variable","15":"wvs-archive-product-wrapper"},"_links":{"self":[{"href":"https:\/\/baldumarket.lt\/lt\/wp-json\/wp\/v2\/product\/335006","targetHints":{"allow":["GET"]}}],"collection":[{"href":"https:\/\/baldumarket.lt\/lt\/wp-json\/wp\/v2\/product"}],"about":[{"href":"https:\/\/baldumarket.lt\/lt\/wp-json\/wp\/v2\/types\/product"}],"replies":[{"embeddable":true,"href":"https:\/\/baldumarket.lt\/lt\/wp-json\/wp\/v2\/comments?post=335006"}],"wp:featuredmedia":[{"embeddable":true,"href":"https:\/\/baldumarket.lt\/lt\/wp-json\/wp\/v2\/media\/335051"}],"wp:attachment":[{"href":"https:\/\/baldumarket.lt\/lt\/wp-json\/wp\/v2\/media?parent=335006"}],"wp:term":[{"taxonomy":"product_brand","embeddable":true,"href":"https:\/\/baldumarket.lt\/lt\/wp-json\/wp\/v2\/product_brand?post=335006"},{"taxonomy":"product_cat","embeddable":true,"href":"https:\/\/baldumarket.lt\/lt\/wp-json\/wp\/v2\/product_cat?post=335006"},{"taxonomy":"product_tag","embeddable":true,"href":"https:\/\/baldumarket.lt\/lt\/wp-json\/wp\/v2\/product_tag?post=335006"}],"curies":[{"name":"wp","href":"https:\/\/api.w.org\/{rel}","templated":true}]}}