{"id":334994,"date":"2026-03-07T00:56:55","date_gmt":"2026-03-06T21:56:55","guid":{"rendered":"https:\/\/baldumarket.lt\/?post_type=product&#038;p=334994"},"modified":"2026-03-25T16:24:46","modified_gmt":"2026-03-25T13:24:46","slug":"daugiafunkcine-indauja-80-cm-stalciai-spinteles-lentynos-balta-azuolas-pusis-sonoma","status":"publish","type":"product","link":"https:\/\/baldumarket.lt\/lt\/product\/daugiafunkcine-indauja-80-cm-stalciai-spinteles-lentynos-balta-azuolas-pusis-sonoma\/","title":{"rendered":"Daugiafunkcin\u0117 indauja 80 cm, stal\u010diai, spintel\u0117s, lentynos, balta, \u0105\u017euolas, pu\u0161is, Sonoma"},"content":{"rendered":"<p>Jau kelet\u0105 met\u0173 m\u016bs\u0173 namuose karaliauja indauja. Jos puikiai dera su \u0161iuolaiki\u0161komis svetain\u0117mis ir virtuv\u0117mis. Jos suteikia kambariams stiliaus ir papildomos vietos daiktams susid\u0117ti. Jei ie\u0161kote baldo, kuris papildyt\u0173 j\u016bs\u0173 svetain\u0117s ar valgomojo stili\u0173, rinkit\u0117s indauja 80 i\u0161 e-meblast.pl.<br \/>\n\u0160is funkcionalus, patvarus ir esteti\u0161kai patrauklus baldas pagamintas i\u0161 auk\u0161tos kokyb\u0117s med\u017eiag\u0173. \u012emon\u0117 yra viena i\u0161 nedaugelio bald\u0173 gamintoj\u0173, gaminan\u010di\u0173 indaujas i\u0161 18 mm storio \u017einomos \u201eWoodeco\u201c \u012fmon\u0117s (anks\u010diau \u201ePfleiderer\u201c) lent\u0173. Tai u\u017etikrina, kad baldai gerai laikosi, yra atspar\u016bs sm\u016bgiams ir gali atlaikyti sunkius daiktus nesulinkdami. Pasirink\u0119 indauja i\u0161 e-meblast.pl, galite b\u016bti tikri, kad ji tarnaus ilgus metus.<br \/>\nRinkit\u0117s auk\u0161tos kokyb\u0117s, patikrintus baldus i\u0161 Lenkijos gamintojo.<\/p>","protected":false},"excerpt":{"rendered":"<p>Matmenys:<br \/>\nPlotis: 80 cm<br \/>\nAuk\u0161tis: 200 cm<br \/>\nGylis: 53 cm<\/p>","protected":false},"featured_media":335047,"comment_status":"open","ping_status":"closed","template":"","meta":[],"product_brand":[],"product_cat":[9983,9857,1177],"product_tag":[],"class_list":{"0":"post-334994","1":"product","2":"type-product","3":"status-publish","4":"has-post-thumbnail","6":"product_cat-furniture-sets-room-sets-meblast","7":"product_cat-meblast","8":"product_cat-wardrobes","10":"first","11":"instock","12":"shipping-taxable","13":"purchasable","14":"product-type-variable","15":"wvs-archive-product-wrapper"},"_links":{"self":[{"href":"https:\/\/baldumarket.lt\/lt\/wp-json\/wp\/v2\/product\/334994","targetHints":{"allow":["GET"]}}],"collection":[{"href":"https:\/\/baldumarket.lt\/lt\/wp-json\/wp\/v2\/product"}],"about":[{"href":"https:\/\/baldumarket.lt\/lt\/wp-json\/wp\/v2\/types\/product"}],"replies":[{"embeddable":true,"href":"https:\/\/baldumarket.lt\/lt\/wp-json\/wp\/v2\/comments?post=334994"}],"wp:featuredmedia":[{"embeddable":true,"href":"https:\/\/baldumarket.lt\/lt\/wp-json\/wp\/v2\/media\/335047"}],"wp:attachment":[{"href":"https:\/\/baldumarket.lt\/lt\/wp-json\/wp\/v2\/media?parent=334994"}],"wp:term":[{"taxonomy":"product_brand","embeddable":true,"href":"https:\/\/baldumarket.lt\/lt\/wp-json\/wp\/v2\/product_brand?post=334994"},{"taxonomy":"product_cat","embeddable":true,"href":"https:\/\/baldumarket.lt\/lt\/wp-json\/wp\/v2\/product_cat?post=334994"},{"taxonomy":"product_tag","embeddable":true,"href":"https:\/\/baldumarket.lt\/lt\/wp-json\/wp\/v2\/product_tag?post=334994"}],"curies":[{"name":"wp","href":"https:\/\/api.w.org\/{rel}","templated":true}]}}