{"id":334992,"date":"2026-03-07T00:56:52","date_gmt":"2026-03-06T21:56:52","guid":{"rendered":"https:\/\/baldumarket.lt\/?post_type=product&#038;p=334992"},"modified":"2026-03-28T12:06:02","modified_gmt":"2026-03-28T09:06:02","slug":"spinta-2d-130-lentynos-du-pakabos-strypai","status":"publish","type":"product","link":"https:\/\/baldumarket.lt\/lt\/product\/spinta-2d-130-lentynos-du-pakabos-strypai\/","title":{"rendered":"Spinta 2D\/130 \u2013 lentynos, du pakabos strypai"},"content":{"rendered":"<p>Prakti\u0161kas sprendimas su unikaliu stiliumi.<br \/>\nTinkam\u0173 bald\u0173 pasirinkimas yra labai svarbus, bet ne visada lengvas. Tai ypa\u010d aktualu, kai svarstote apie plat\u0173 internetin\u0117je parduotuv\u0117je si\u016blom\u0173 preki\u0173 pasirinkim\u0105. Jei miegamajame n\u0117ra daug vietos, 2 dur\u0173 \/ 130 cm spinta su stumdomomis durimis gali b\u016bti puikus sprendimas. Tai sutaupys vietos.<br \/>\nStumdomos spintos yra puiki id\u0117ja, ypa\u010d jei jos pastatytos ni\u0161oje ar kampe. Jas galite strategi\u0161kai i\u0161d\u0117styti, kad maksimaliai i\u0161naudotum\u0117te turim\u0105 erdv\u0119.<br \/>\nMiegam\u0173j\u0173 modeliams verta apsvarstyti spintas su \u012fvairiais priedais, tokiais kaip papildomos lentynos ar organizatoriai. Tai puikus sprendimas, kuris leis dar geriau sutvarkyti drabu\u017eius ir aksesuarus.<br \/>\nPasirinkite i\u0161 auk\u0161tos kokyb\u0117s med\u017eiag\u0173 pagamint\u0105 Lenkijos gamintojo spint\u0105 ir gausite funkcional\u0173 sprendim\u0105, kuris puikiai atitiks j\u016bs\u0173 erdv\u0119 ir poreikius.<\/p>","protected":false},"excerpt":{"rendered":"<p>Matmenys:<br \/>\nPlotis: 130 cm<br \/>\nAuk\u0161tis: 220 cm<br \/>\nGylis: 64 cm<\/p>","protected":false},"featured_media":335044,"comment_status":"open","ping_status":"closed","template":"","meta":[],"product_brand":[],"product_cat":[9857,9985,1177],"product_tag":[],"class_list":{"0":"post-334992","1":"product","2":"type-product","3":"status-publish","4":"has-post-thumbnail","6":"product_cat-meblast","7":"product_cat-sliding-wardrobes-meblast","8":"product_cat-wardrobes","10":"first","11":"instock","12":"shipping-taxable","13":"purchasable","14":"product-type-variable","15":"wvs-archive-product-wrapper"},"_links":{"self":[{"href":"https:\/\/baldumarket.lt\/lt\/wp-json\/wp\/v2\/product\/334992","targetHints":{"allow":["GET"]}}],"collection":[{"href":"https:\/\/baldumarket.lt\/lt\/wp-json\/wp\/v2\/product"}],"about":[{"href":"https:\/\/baldumarket.lt\/lt\/wp-json\/wp\/v2\/types\/product"}],"replies":[{"embeddable":true,"href":"https:\/\/baldumarket.lt\/lt\/wp-json\/wp\/v2\/comments?post=334992"}],"wp:featuredmedia":[{"embeddable":true,"href":"https:\/\/baldumarket.lt\/lt\/wp-json\/wp\/v2\/media\/335044"}],"wp:attachment":[{"href":"https:\/\/baldumarket.lt\/lt\/wp-json\/wp\/v2\/media?parent=334992"}],"wp:term":[{"taxonomy":"product_brand","embeddable":true,"href":"https:\/\/baldumarket.lt\/lt\/wp-json\/wp\/v2\/product_brand?post=334992"},{"taxonomy":"product_cat","embeddable":true,"href":"https:\/\/baldumarket.lt\/lt\/wp-json\/wp\/v2\/product_cat?post=334992"},{"taxonomy":"product_tag","embeddable":true,"href":"https:\/\/baldumarket.lt\/lt\/wp-json\/wp\/v2\/product_tag?post=334992"}],"curies":[{"name":"wp","href":"https:\/\/api.w.org\/{rel}","templated":true}]}}