{"id":334990,"date":"2026-03-07T00:56:47","date_gmt":"2026-03-06T21:56:47","guid":{"rendered":"https:\/\/baldumarket.lt\/?post_type=product&#038;p=334990"},"modified":"2026-03-28T12:10:54","modified_gmt":"2026-03-28T09:10:54","slug":"spinta-2d-150-septynios-lentynos-pakabinimo-karnizas","status":"publish","type":"product","link":"https:\/\/baldumarket.lt\/lt\/product\/spinta-2d-150-septynios-lentynos-pakabinimo-karnizas\/","title":{"rendered":"Spinta 2D\/150 \u2013 septynios lentynos, pakabinimo karnizas"},"content":{"rendered":"<p>Prakti\u0161kas sprendimas unikaliu stiliumi.<br \/>\nIe\u0161kote modernios ir prakti\u0161kos spintos su stumdomomis durimis? Rekomenduojame 2D\/150 spint\u0105 su auk\u0161\u010diausios kokyb\u0117s stumdoma sistema. 2D\/150 spinta puikiai tiks tiek miegamajame, tiek svetain\u0117je. \u0160i moderni stumdoma spinta turi veidrod\u012f (be veidrod\u017eio galima u\u017esisakyti), kuris vizualiai padidins kambar\u012f. Spinta yra universalios spalv\u0173 gamos, tod\u0117l j\u0105 lengva priderinti prie j\u016bs\u0173 interjero.<br \/>\n\u0160i e-meblast.pl spinta turi stumdom\u0173 dur\u0173 sistem\u0105, kad b\u016bt\u0173 patogu naudoti ir taupoma vieta daiktams laikyti. Ji padalinta \u012f dvi dalis, kuri\u0173 kiekvienoje yra erdvios lentynos ir pakaba daiktams. Jei ie\u0161kote funkcionalios ir paprastos spintos, rinkit\u0117s auk\u0161tos kokyb\u0117s lenk\u0173 gamintojo 2D\/150 spint\u0105.<\/p>","protected":false},"excerpt":{"rendered":"<p>Matmenys:<br \/>\nPlotis: 150 cm<br \/>\n\u016agis: 215 cm<br \/>\nGylis: 64 cm<\/p>","protected":false},"featured_media":335041,"comment_status":"open","ping_status":"closed","template":"","meta":[],"product_brand":[],"product_cat":[9857,9985,1177],"product_tag":[],"class_list":{"0":"post-334990","1":"product","2":"type-product","3":"status-publish","4":"has-post-thumbnail","6":"product_cat-meblast","7":"product_cat-sliding-wardrobes-meblast","8":"product_cat-wardrobes","10":"first","11":"instock","12":"shipping-taxable","13":"purchasable","14":"product-type-variable","15":"wvs-archive-product-wrapper"},"_links":{"self":[{"href":"https:\/\/baldumarket.lt\/lt\/wp-json\/wp\/v2\/product\/334990","targetHints":{"allow":["GET"]}}],"collection":[{"href":"https:\/\/baldumarket.lt\/lt\/wp-json\/wp\/v2\/product"}],"about":[{"href":"https:\/\/baldumarket.lt\/lt\/wp-json\/wp\/v2\/types\/product"}],"replies":[{"embeddable":true,"href":"https:\/\/baldumarket.lt\/lt\/wp-json\/wp\/v2\/comments?post=334990"}],"wp:featuredmedia":[{"embeddable":true,"href":"https:\/\/baldumarket.lt\/lt\/wp-json\/wp\/v2\/media\/335041"}],"wp:attachment":[{"href":"https:\/\/baldumarket.lt\/lt\/wp-json\/wp\/v2\/media?parent=334990"}],"wp:term":[{"taxonomy":"product_brand","embeddable":true,"href":"https:\/\/baldumarket.lt\/lt\/wp-json\/wp\/v2\/product_brand?post=334990"},{"taxonomy":"product_cat","embeddable":true,"href":"https:\/\/baldumarket.lt\/lt\/wp-json\/wp\/v2\/product_cat?post=334990"},{"taxonomy":"product_tag","embeddable":true,"href":"https:\/\/baldumarket.lt\/lt\/wp-json\/wp\/v2\/product_tag?post=334990"}],"curies":[{"name":"wp","href":"https:\/\/api.w.org\/{rel}","templated":true}]}}