{"id":334977,"date":"2026-03-07T00:56:08","date_gmt":"2026-03-06T21:56:08","guid":{"rendered":"https:\/\/baldumarket.lt\/?post_type=product&#038;p=334977"},"modified":"2026-03-28T12:13:44","modified_gmt":"2026-03-28T09:13:44","slug":"spinta-2d-170-drabuziu-kabykla-istraukiamos-lentynos-drabuziu-lentynos-stalciai","status":"publish","type":"product","link":"https:\/\/baldumarket.lt\/lt\/product\/spinta-2d-170-drabuziu-kabykla-istraukiamos-lentynos-drabuziu-lentynos-stalciai\/","title":{"rendered":"Spinta 2D\/170 \u2013 drabu\u017ei\u0173 kabykla, i\u0161traukiamos lentynos, drabu\u017ei\u0173 lentynos, stal\u010diai"},"content":{"rendered":"<p>Prakti\u0161kas sprendimas su unikaliu stiliumi.<br \/>\nReikia modernios ir funkcionalios spintos, kuri puikiai tikt\u0173 \u012fleid\u017eiamai erdvei? Rekomenduojame lenk\u0173 gamintojo 2D\/170 stumdom\u0105 spint\u0105.<br \/>\n2D\/170 spinta yra geriausias pasirinkimas tiems, kurie vertina funkcionalum\u0105, i\u0161vaizd\u0105, patogum\u0105 naudoti ir talpum\u0105. \u0160i moderni stumdom\u0173 stumdom\u0173 konstrukcij\u0173 spinta su veidrod\u017eiu yra puikus sprendimas tiems, kurie vertina erdv\u0119 taupan\u010dius ir funkcionalius baldus.<br \/>\nD\u0117l gerai apgalvot\u0173 matmen\u0173 \u0161i spinta idealiai tinka ma\u017eesn\u0117ms erdv\u0117ms ir u\u017etikrina didel\u012f naudojimo komfort\u0105. Verta atkreipti d\u0117mes\u012f \u012f jos plot\u012f \u2013 vos 170 cm, kuris kartu su auk\u0161\u010diu (230 cm) ir gyliu (64 cm) leid\u017eia patogiai laikyti visus j\u016bs\u0173 drabu\u017eius ir \u012fvairius kitus daiktus.<\/p>","protected":false},"excerpt":{"rendered":"<p>Matmenys:<br \/>\nPlotis: 170 cm<br \/>\nAuk\u0161tis: 230 cm<br \/>\nGylis: 64 cm<\/p>","protected":false},"featured_media":335038,"comment_status":"open","ping_status":"closed","template":"","meta":[],"product_brand":[],"product_cat":[9857,9985,1177],"product_tag":[],"class_list":{"0":"post-334977","1":"product","2":"type-product","3":"status-publish","4":"has-post-thumbnail","6":"product_cat-meblast","7":"product_cat-sliding-wardrobes-meblast","8":"product_cat-wardrobes","10":"first","11":"instock","12":"shipping-taxable","13":"purchasable","14":"product-type-variable","15":"wvs-archive-product-wrapper"},"_links":{"self":[{"href":"https:\/\/baldumarket.lt\/lt\/wp-json\/wp\/v2\/product\/334977","targetHints":{"allow":["GET"]}}],"collection":[{"href":"https:\/\/baldumarket.lt\/lt\/wp-json\/wp\/v2\/product"}],"about":[{"href":"https:\/\/baldumarket.lt\/lt\/wp-json\/wp\/v2\/types\/product"}],"replies":[{"embeddable":true,"href":"https:\/\/baldumarket.lt\/lt\/wp-json\/wp\/v2\/comments?post=334977"}],"wp:featuredmedia":[{"embeddable":true,"href":"https:\/\/baldumarket.lt\/lt\/wp-json\/wp\/v2\/media\/335038"}],"wp:attachment":[{"href":"https:\/\/baldumarket.lt\/lt\/wp-json\/wp\/v2\/media?parent=334977"}],"wp:term":[{"taxonomy":"product_brand","embeddable":true,"href":"https:\/\/baldumarket.lt\/lt\/wp-json\/wp\/v2\/product_brand?post=334977"},{"taxonomy":"product_cat","embeddable":true,"href":"https:\/\/baldumarket.lt\/lt\/wp-json\/wp\/v2\/product_cat?post=334977"},{"taxonomy":"product_tag","embeddable":true,"href":"https:\/\/baldumarket.lt\/lt\/wp-json\/wp\/v2\/product_tag?post=334977"}],"curies":[{"name":"wp","href":"https:\/\/api.w.org\/{rel}","templated":true}]}}