{"id":334971,"date":"2026-03-07T00:56:02","date_gmt":"2026-03-06T21:56:02","guid":{"rendered":"https:\/\/baldumarket.lt\/?post_type=product&#038;p=334971"},"modified":"2026-03-29T11:37:55","modified_gmt":"2026-03-29T08:37:55","slug":"stumdoma-spinta-3d-220-pakabos-krepseliai-lentynos-stalciai","status":"publish","type":"product","link":"https:\/\/baldumarket.lt\/lt\/product\/stumdoma-spinta-3d-220-pakabos-krepseliai-lentynos-stalciai\/","title":{"rendered":"Stumdoma spinta 3D\/220 \u2013 pakabos, krep\u0161eliai, lentynos, stal\u010diai"},"content":{"rendered":"<p>Prakti\u0161kas sprendimas su unikaliu stiliumi.<br \/>\nStumdomos spintos yra itin populiarus ir da\u017enai naudojamas sprendimas daugelyje nam\u0173 ir but\u0173.<br \/>\nJ\u0173 populiarumas kyla d\u0117l prakti\u0161kumo ir geb\u0117jimo maksimaliai i\u0161naudoti turim\u0105 erdv\u0119. Pagrindinis tikslas \u2013 sutalpinti kuo daugiau daikt\u0173. \u0160iais laikais stumdom\u0173 dur\u0173 spintos tapo b\u016btinu baldu tiek namuose, tiek ma\u017euose butuose.<br \/>\nD\u0117l stumdom\u0173 dur\u0173 pagal u\u017esakym\u0105 pagaminta spinta u\u017eima minimaliai vietos, tod\u0117l telpa net ir siaurose erdv\u0117se. D\u0117l didel\u0117s talpos jose telpa daug daugiau drabu\u017ei\u0173 ir aksesuar\u0173. Spinta puikiai gali u\u017epildyti ni\u0161\u0105 ir tarnauti kaip persirengimo kambarys \u2013 ypa\u010d jei atskiro kambario n\u0117ra.<br \/>\n\u201ee-meblast\u201c 3D\/220 spinta yra ne\u012ftik\u0117tinai erdvi. Jos viduje yra drabu\u017ei\u0173 kabykla, stal\u010diai, drabu\u017ei\u0173 krep\u0161iai ir iki 9 lentyn\u0173. Jei reikia daugiau, susisiekite su gamintoju. Rinkit\u0117s kokybi\u0161kus baldus ir m\u0117gaukit\u0117s j\u0173 funkcionalumu ilgus metus.<\/p>","protected":false},"excerpt":{"rendered":"<p>Matmenys:<br \/>\nPlotis: 220 cm<br \/>\nAuk\u0161tis: 220 cm<br \/>\nGylis: 64 cm<\/p>","protected":false},"featured_media":335029,"comment_status":"open","ping_status":"closed","template":"","meta":[],"product_brand":[],"product_cat":[9857,9985,1177],"product_tag":[],"class_list":{"0":"post-334971","1":"product","2":"type-product","3":"status-publish","4":"has-post-thumbnail","6":"product_cat-meblast","7":"product_cat-sliding-wardrobes-meblast","8":"product_cat-wardrobes","10":"first","11":"instock","12":"shipping-taxable","13":"purchasable","14":"product-type-variable","15":"wvs-archive-product-wrapper"},"_links":{"self":[{"href":"https:\/\/baldumarket.lt\/lt\/wp-json\/wp\/v2\/product\/334971","targetHints":{"allow":["GET"]}}],"collection":[{"href":"https:\/\/baldumarket.lt\/lt\/wp-json\/wp\/v2\/product"}],"about":[{"href":"https:\/\/baldumarket.lt\/lt\/wp-json\/wp\/v2\/types\/product"}],"replies":[{"embeddable":true,"href":"https:\/\/baldumarket.lt\/lt\/wp-json\/wp\/v2\/comments?post=334971"}],"wp:featuredmedia":[{"embeddable":true,"href":"https:\/\/baldumarket.lt\/lt\/wp-json\/wp\/v2\/media\/335029"}],"wp:attachment":[{"href":"https:\/\/baldumarket.lt\/lt\/wp-json\/wp\/v2\/media?parent=334971"}],"wp:term":[{"taxonomy":"product_brand","embeddable":true,"href":"https:\/\/baldumarket.lt\/lt\/wp-json\/wp\/v2\/product_brand?post=334971"},{"taxonomy":"product_cat","embeddable":true,"href":"https:\/\/baldumarket.lt\/lt\/wp-json\/wp\/v2\/product_cat?post=334971"},{"taxonomy":"product_tag","embeddable":true,"href":"https:\/\/baldumarket.lt\/lt\/wp-json\/wp\/v2\/product_tag?post=334971"}],"curies":[{"name":"wp","href":"https:\/\/api.w.org\/{rel}","templated":true}]}}