{"id":334955,"date":"2026-03-07T00:55:23","date_gmt":"2026-03-06T21:55:23","guid":{"rendered":"https:\/\/baldumarket.lt\/?post_type=product&#038;p=334955"},"modified":"2026-03-29T11:39:35","modified_gmt":"2026-03-29T08:39:35","slug":"stumdoma-spinta-3d-230-pakabos-krepseliai-lentynos","status":"publish","type":"product","link":"https:\/\/baldumarket.lt\/lt\/product\/stumdoma-spinta-3d-230-pakabos-krepseliai-lentynos\/","title":{"rendered":"Stumdoma spinta 3D\/230 \u2013 pakabos, krep\u0161eliai, lentynos"},"content":{"rendered":"<p>Prakti\u0161kas sprendimas su unikaliu stiliumi.<br \/>\nIe\u0161kote erdvios spintos, kurioje tilpt\u0173 \u012fvair\u016bs drabu\u017eiai ir kiti daiktai? Tuo pa\u010diu metu norite bald\u0173, kurie der\u0117t\u0173 prie erdv\u0117s ir der\u0117t\u0173 su kitais baldais? Rinkit\u0117s stumdom\u0173 dur\u0173 spint\u0105 i\u0161 e-meblast.pl!<br \/>\nPlatus bald\u0173 pasirinkimas svetain\u0117je e-meblast.pl leis jums idealiai pritaikyti stumdom\u0173 dur\u0173 spint\u0105 prie savo poreiki\u0173. \u0160iuolaikin\u0117s stumdom\u0173 dur\u0173 spintos yra ne\u012ftik\u0117tinai prakti\u0161ki baldai. Stumdoma sistema, skirtingai nei varstomos spintos, taupo viet\u0105. Tai leid\u017eia lengvai pastatyti naktin\u012f staliuk\u0105 tiesiai \u0161alia spintos dur\u0173, nesijaudinant d\u0117l dur\u0173 atidarymo ir u\u017edarymo.<br \/>\nTai puikus argumentas, kod\u0117l ma\u017eoms erdv\u0117ms verta rinktis spint\u0105 su stumdomomis durimis. Spinta su stumdomomis durimis puikiai tinka ne tik ma\u017euose kambariuose, bet ir didel\u0117je svetain\u0117je.<br \/>\nDar vienas stumdom\u0173 dur\u0173 spint\u0173 privalumas yra j\u0173 konstrukcija. Visi i\u0161oriniai ir vidiniai elementai yra gerai suderinti, atitinkantys minimalistin\u0119 bald\u0173 koncepcij\u0105, toki\u0105 populiari\u0105 \u0161iuolaikiniame interjero dizaine. \u201ee-meblast\u201c stumdoma spinta maksimaliai i\u0161naudoja erdv\u0119, leisdama j\u0105 pritaikyti pagal savo poreikius. Norite pakeisti savo spintos spalv\u0105, dyd\u012f ar savybes? Susisiekite su mumis \u0161iandien.<\/p>\n<p>Rinkit\u0117s baldus i\u0161 lenk\u0173 gamintojo.<\/p>","protected":false},"excerpt":{"rendered":"<p>Matmenys:<br \/>\nPlotis: 230 cm<br \/>\nAuk\u0161tis: 220 cm<br \/>\nGylis: 64 cm<\/p>","protected":false},"featured_media":335026,"comment_status":"open","ping_status":"closed","template":"","meta":[],"product_brand":[],"product_cat":[9857,9985,1177],"product_tag":[],"class_list":{"0":"post-334955","1":"product","2":"type-product","3":"status-publish","4":"has-post-thumbnail","6":"product_cat-meblast","7":"product_cat-sliding-wardrobes-meblast","8":"product_cat-wardrobes","10":"first","11":"instock","12":"shipping-taxable","13":"purchasable","14":"product-type-variable","15":"wvs-archive-product-wrapper"},"_links":{"self":[{"href":"https:\/\/baldumarket.lt\/lt\/wp-json\/wp\/v2\/product\/334955","targetHints":{"allow":["GET"]}}],"collection":[{"href":"https:\/\/baldumarket.lt\/lt\/wp-json\/wp\/v2\/product"}],"about":[{"href":"https:\/\/baldumarket.lt\/lt\/wp-json\/wp\/v2\/types\/product"}],"replies":[{"embeddable":true,"href":"https:\/\/baldumarket.lt\/lt\/wp-json\/wp\/v2\/comments?post=334955"}],"wp:featuredmedia":[{"embeddable":true,"href":"https:\/\/baldumarket.lt\/lt\/wp-json\/wp\/v2\/media\/335026"}],"wp:attachment":[{"href":"https:\/\/baldumarket.lt\/lt\/wp-json\/wp\/v2\/media?parent=334955"}],"wp:term":[{"taxonomy":"product_brand","embeddable":true,"href":"https:\/\/baldumarket.lt\/lt\/wp-json\/wp\/v2\/product_brand?post=334955"},{"taxonomy":"product_cat","embeddable":true,"href":"https:\/\/baldumarket.lt\/lt\/wp-json\/wp\/v2\/product_cat?post=334955"},{"taxonomy":"product_tag","embeddable":true,"href":"https:\/\/baldumarket.lt\/lt\/wp-json\/wp\/v2\/product_tag?post=334955"}],"curies":[{"name":"wp","href":"https:\/\/api.w.org\/{rel}","templated":true}]}}