{"id":334953,"date":"2026-03-07T00:55:21","date_gmt":"2026-03-06T21:55:21","guid":{"rendered":"https:\/\/baldumarket.lt\/?post_type=product&#038;p=334953"},"modified":"2026-03-29T11:42:09","modified_gmt":"2026-03-29T08:42:09","slug":"spinta-3d-240-lentynos-stalciai-pakabos","status":"publish","type":"product","link":"https:\/\/baldumarket.lt\/lt\/product\/spinta-3d-240-lentynos-stalciai-pakabos\/","title":{"rendered":"Spinta 3D\/240 \u2013 lentynos, stal\u010diai, pakabos"},"content":{"rendered":"<p>Prakti\u0161kas sprendimas su unikaliu stiliumi.<br \/>\nTurite daug drabu\u017ei\u0173 ir norite juos visus sutalpinti vienoje vietoje? I\u0161sirinkite erdvi\u0105 stumdom\u0105 spint\u0105 i\u0161 e-meblast.pl!<br \/>\n\u0160i spinta turi 8 lentynas, pagamintas i\u0161 auk\u0161\u010diausios kokyb\u0117s laminuotos plok\u0161t\u0117s, puikiai tinkan\u010dias palaidin\u0117ms, mar\u0161kin\u0117liams, d\u017eemperiams ir megztiniams laikyti, taip pat 3 kabinimo b\u0117gelius, kad mar\u0161kiniai, suknel\u0117s ir paltai atrodyt\u0173 kuo puikiausiai. D\u0117l savo erdvumo \u0161i spinta puikiai tinka miegamajam, prie\u0161kambariui, svetainei ar net biurui.<br \/>\nSpintoje galima \u012fmontuoti veidrod\u012f, kuris vizualiai padidins erdv\u0119 ir suteiks jai \u0161viesumo. Galite pritaikyti fasadus ir vid\u0173 pagal savo pageidavimus. Tiesiog susisiekite su mumis ir papasakokite apie savo spintos dizaino poreikius.<br \/>\nRinkit\u0117s kokybi\u0161k\u0105 Lenkijos gamintojo drabu\u017ei\u0173 spint\u0105.<\/p>","protected":false},"excerpt":{"rendered":"<p>Matmenys:<br \/>\nPlotis: 240 cm<br \/>\nAuk\u0161tis: 240 cm<br \/>\nGylis: 70 cm<\/p>","protected":false},"featured_media":335023,"comment_status":"open","ping_status":"closed","template":"","meta":[],"product_brand":[],"product_cat":[9857,9985,1177],"product_tag":[],"class_list":{"0":"post-334953","1":"product","2":"type-product","3":"status-publish","4":"has-post-thumbnail","6":"product_cat-meblast","7":"product_cat-sliding-wardrobes-meblast","8":"product_cat-wardrobes","10":"first","11":"instock","12":"shipping-taxable","13":"purchasable","14":"product-type-variable","15":"wvs-archive-product-wrapper"},"_links":{"self":[{"href":"https:\/\/baldumarket.lt\/lt\/wp-json\/wp\/v2\/product\/334953","targetHints":{"allow":["GET"]}}],"collection":[{"href":"https:\/\/baldumarket.lt\/lt\/wp-json\/wp\/v2\/product"}],"about":[{"href":"https:\/\/baldumarket.lt\/lt\/wp-json\/wp\/v2\/types\/product"}],"replies":[{"embeddable":true,"href":"https:\/\/baldumarket.lt\/lt\/wp-json\/wp\/v2\/comments?post=334953"}],"wp:featuredmedia":[{"embeddable":true,"href":"https:\/\/baldumarket.lt\/lt\/wp-json\/wp\/v2\/media\/335023"}],"wp:attachment":[{"href":"https:\/\/baldumarket.lt\/lt\/wp-json\/wp\/v2\/media?parent=334953"}],"wp:term":[{"taxonomy":"product_brand","embeddable":true,"href":"https:\/\/baldumarket.lt\/lt\/wp-json\/wp\/v2\/product_brand?post=334953"},{"taxonomy":"product_cat","embeddable":true,"href":"https:\/\/baldumarket.lt\/lt\/wp-json\/wp\/v2\/product_cat?post=334953"},{"taxonomy":"product_tag","embeddable":true,"href":"https:\/\/baldumarket.lt\/lt\/wp-json\/wp\/v2\/product_tag?post=334953"}],"curies":[{"name":"wp","href":"https:\/\/api.w.org\/{rel}","templated":true}]}}