{"id":334940,"date":"2026-03-07T00:54:47","date_gmt":"2026-03-06T21:54:47","guid":{"rendered":"https:\/\/baldumarket.lt\/?post_type=product&#038;p=334940"},"modified":"2026-03-29T11:43:57","modified_gmt":"2026-03-29T08:43:57","slug":"spinta-3d-245-istraukiamos-lentynos-stalciai-pakabinimo-begeliai","status":"publish","type":"product","link":"https:\/\/baldumarket.lt\/lt\/product\/spinta-3d-245-istraukiamos-lentynos-stalciai-pakabinimo-begeliai\/","title":{"rendered":"Spinta 3D\/245 \u2013 i\u0161traukiamos lentynos, stal\u010diai, pakabinimo b\u0117geliai"},"content":{"rendered":"<p>Prakti\u0161kas sprendimas su unikaliu stiliumi.<br \/>\nStumdoma spinta yra funkcionalus baldas, puikiai tinkantis tiek namuose, tiek biure. J\u0105 galima naudoti \u012fvairiuose kambariuose, tokiuose kaip:<\/p>\n<p>Paauglio kambarys,<br \/>\nMiegamasis,<br \/>\nDrabu\u017ein\u0117,<br \/>\n\u012emon\u0117s poilsio kambarys,<br \/>\nPrie\u0161kambaris.<\/p>\n<p>Erdvus spintos vidus leid\u017eia laikyti drabu\u017eius, retai naudojamus daiktus ir dokumentus. Jis u\u017etikrina puiki\u0105 tvark\u0105 ir apsaugo visus daiktus nuo dulki\u0173 ir pa\u017eeidim\u0173. Tai \u012fdomus sprendimas tiek dideli\u0173, tiek ma\u017e\u0173 erdvi\u0173 savininkams.<br \/>\n\u0160iuolaikin\u0117s e-meblast.pl spintos su stumdomomis durimis yra lengvai valomos. Tinkamai pri\u017ei\u016brimos, jos tarnaus ilgai. Verta reguliariai jas nuvalyti mink\u0161ta, sausa \u0161luoste. D\u0117mes reikia reguliariai valyti \u0161iek tiek dr\u0117gna \u0161luoste, o tada nusausinti, kad nelikt\u0173 dry\u017ei\u0173.<br \/>\nStumdom\u0173 dur\u0173 spintos yra labai patogios naudoti, o j\u0173 atidarymui nereikia jokios papildomos vietos. Tai puiki alternatyva baldams su tradicin\u0117mis durimis. \u0160io tipo modeliai tinka \u012fvairiems interjero dizaino stiliams. Verta rinktis kokybi\u0161kus, nesenstan\u010dius ir funkcionalius Lenkijos gamintojo baldus.<\/p>","protected":false},"excerpt":{"rendered":"<p>Matmenys:<br \/>\nPlotis: 245 cm<br \/>\nAuk\u0161tis: 220 cm<br \/>\nGylis: 65 cm<\/p>","protected":false},"featured_media":335017,"comment_status":"open","ping_status":"closed","template":"","meta":[],"product_brand":[],"product_cat":[9857,9985,1177],"product_tag":[],"class_list":{"0":"post-334940","1":"product","2":"type-product","3":"status-publish","4":"has-post-thumbnail","6":"product_cat-meblast","7":"product_cat-sliding-wardrobes-meblast","8":"product_cat-wardrobes","10":"first","11":"instock","12":"shipping-taxable","13":"purchasable","14":"product-type-variable","15":"wvs-archive-product-wrapper"},"_links":{"self":[{"href":"https:\/\/baldumarket.lt\/lt\/wp-json\/wp\/v2\/product\/334940","targetHints":{"allow":["GET"]}}],"collection":[{"href":"https:\/\/baldumarket.lt\/lt\/wp-json\/wp\/v2\/product"}],"about":[{"href":"https:\/\/baldumarket.lt\/lt\/wp-json\/wp\/v2\/types\/product"}],"replies":[{"embeddable":true,"href":"https:\/\/baldumarket.lt\/lt\/wp-json\/wp\/v2\/comments?post=334940"}],"wp:featuredmedia":[{"embeddable":true,"href":"https:\/\/baldumarket.lt\/lt\/wp-json\/wp\/v2\/media\/335017"}],"wp:attachment":[{"href":"https:\/\/baldumarket.lt\/lt\/wp-json\/wp\/v2\/media?parent=334940"}],"wp:term":[{"taxonomy":"product_brand","embeddable":true,"href":"https:\/\/baldumarket.lt\/lt\/wp-json\/wp\/v2\/product_brand?post=334940"},{"taxonomy":"product_cat","embeddable":true,"href":"https:\/\/baldumarket.lt\/lt\/wp-json\/wp\/v2\/product_cat?post=334940"},{"taxonomy":"product_tag","embeddable":true,"href":"https:\/\/baldumarket.lt\/lt\/wp-json\/wp\/v2\/product_tag?post=334940"}],"curies":[{"name":"wp","href":"https:\/\/api.w.org\/{rel}","templated":true}]}}