{"id":334938,"date":"2026-03-07T00:54:46","date_gmt":"2026-03-06T21:54:46","guid":{"rendered":"https:\/\/baldumarket.lt\/?post_type=product&#038;p=334938"},"modified":"2026-03-29T11:45:32","modified_gmt":"2026-03-29T08:45:32","slug":"spinta-3d-250-pakabinimo-begeliai-isoriniai-stalciai-lentynos","status":"publish","type":"product","link":"https:\/\/baldumarket.lt\/lt\/product\/spinta-3d-250-pakabinimo-begeliai-isoriniai-stalciai-lentynos\/","title":{"rendered":"Spinta 3D\/250 \u2013 pakabinimo b\u0117geliai, i\u0161oriniai stal\u010diai, lentynos"},"content":{"rendered":"<p>Prakti\u0161kas sprendimas unikaliu stiliumi.<br \/>\nIe\u0161kote prakti\u0161kos ir modernios spintos? Per\u017ei\u016br\u0117kite e-meblast.pl si\u016blomas galimybes. Tai puikus pasirinkimas j\u016bs\u0173 miegamajam ir persirengimo kambariui.<br \/>\nRinkit\u0117s didel\u0119 spint\u0105 su veidrod\u017eiu, kuri leis jums lengvai ap\u017ei\u016br\u0117ti save ir vizualiai padidinti erdv\u0119. 3D\/250 spinta yra padalinta \u012f tris dalis. Prakti\u0161kose lentynose tilps drabu\u017eiai, antklod\u0117s ir patalyn\u0117. Stal\u010diuose tilps visi j\u016bs\u0173 aksesuarai ir priedai. Trys metaliniai b\u0117geliai u\u017etikrina patogesn\u012f drabu\u017ei\u0173 laikym\u0105. \u0160is funkcionalus baldas puikiai der\u0117s prie j\u016bs\u0173 modernaus interjero.<br \/>\nJei ie\u0161kote papildomos vietos daiktams susid\u0117ti, galite pakeisti spintos furnit\u016br\u0105. Susisiekite su mumis, kad sukurtume nauj\u0105 dizain\u0105.<br \/>\n\u0160i spinta puikiai dera su kitais e-meblast.pl baldais. B\u016btinai ap\u017ei\u016br\u0117kite! Rinkit\u0117s kokybi\u0161kus Lenkijos gamintojo baldus.<\/p>","protected":false},"excerpt":{"rendered":"<p>Matmenys:<br \/>\nPlotis: 250 cm<br \/>\n\u016agis: 216 cm<br \/>\nGylis: 65 cm<\/p>","protected":false},"featured_media":335014,"comment_status":"open","ping_status":"closed","template":"","meta":[],"product_brand":[],"product_cat":[9857,9985,1177],"product_tag":[],"class_list":{"0":"post-334938","1":"product","2":"type-product","3":"status-publish","4":"has-post-thumbnail","6":"product_cat-meblast","7":"product_cat-sliding-wardrobes-meblast","8":"product_cat-wardrobes","10":"first","11":"instock","12":"shipping-taxable","13":"purchasable","14":"product-type-variable","15":"wvs-archive-product-wrapper"},"_links":{"self":[{"href":"https:\/\/baldumarket.lt\/lt\/wp-json\/wp\/v2\/product\/334938","targetHints":{"allow":["GET"]}}],"collection":[{"href":"https:\/\/baldumarket.lt\/lt\/wp-json\/wp\/v2\/product"}],"about":[{"href":"https:\/\/baldumarket.lt\/lt\/wp-json\/wp\/v2\/types\/product"}],"replies":[{"embeddable":true,"href":"https:\/\/baldumarket.lt\/lt\/wp-json\/wp\/v2\/comments?post=334938"}],"wp:featuredmedia":[{"embeddable":true,"href":"https:\/\/baldumarket.lt\/lt\/wp-json\/wp\/v2\/media\/335014"}],"wp:attachment":[{"href":"https:\/\/baldumarket.lt\/lt\/wp-json\/wp\/v2\/media?parent=334938"}],"wp:term":[{"taxonomy":"product_brand","embeddable":true,"href":"https:\/\/baldumarket.lt\/lt\/wp-json\/wp\/v2\/product_brand?post=334938"},{"taxonomy":"product_cat","embeddable":true,"href":"https:\/\/baldumarket.lt\/lt\/wp-json\/wp\/v2\/product_cat?post=334938"},{"taxonomy":"product_tag","embeddable":true,"href":"https:\/\/baldumarket.lt\/lt\/wp-json\/wp\/v2\/product_tag?post=334938"}],"curies":[{"name":"wp","href":"https:\/\/api.w.org\/{rel}","templated":true}]}}