{"id":334929,"date":"2026-03-07T00:54:11","date_gmt":"2026-03-06T21:54:11","guid":{"rendered":"https:\/\/baldumarket.lt\/?post_type=product&#038;p=334929"},"modified":"2026-03-30T09:38:04","modified_gmt":"2026-03-30T06:38:04","slug":"spinta-4d-260-kelniu-pakaba-pantografas-stalciai-lentynos","status":"publish","type":"product","link":"https:\/\/baldumarket.lt\/lt\/product\/spinta-4d-260-kelniu-pakaba-pantografas-stalciai-lentynos\/","title":{"rendered":"Spinta 4D\/260 \u2013 kelni\u0173 pakaba, pantografas, stal\u010diai, lentynos"},"content":{"rendered":"<p>Prakti\u0161kas sprendimas su unikaliu stiliumi.<br \/>\nJei jums reikia daugiau vietos drabu\u017eiams, per\u017ei\u016br\u0117kite m\u016bs\u0173 260 cm plo\u010dio stumdom\u0173 spint\u0173 pasirinkim\u0105. \u0160is tvirtas, patrauklus miegamojo baldas lengvai integruosis \u012f kit\u0173 j\u016bs\u0173 buto kambari\u0173, \u012fskaitant svetaines ir sve\u010di\u0173 kambarius, interjer\u0105. M\u016bs\u0173 stumdomos spintos yra ne\u012ftik\u0117tinai funkcionalios ir universalios.<\/p>\n<p>Didel\u0117 spinta su stumdomomis durimis.<\/p>\n<p>D\u0117l stumdom\u0173 dur\u0173 4D\/260 spinta miegamajam yra ne\u012ftik\u0117tinai patogi kasdieniam naudojimui. Didel\u0117 spinta bus ma\u017eiau slegianti, jei pasirinksite veidrodin\u012f pavir\u0161i\u0173.<\/p>\n<p>4D\/260 spinta i\u0161siskiria \u012fdomiu dizainu ir auk\u0161tos kokyb\u0117s, funkcionaliu interjeru. Tai rei\u0161kia, kad galite b\u016bti tikri, jog ji s\u0117kmingai pakeis tradicin\u0119, atskir\u0105 persirengimo kambar\u012f. Pasinaudokite e-meblast.pl parengtu pasi\u016blymu ir u\u017esisakykite Lenkijos gamintojo baldus internetu. Pasirinkite model\u012f, kurio stilius, dydis ir spalva puikiai atitiks j\u016bs\u0173 interjero dizaino poreikius.<\/p>","protected":false},"excerpt":{"rendered":"<p>Matmenys:<br \/>\nPlotis: 260 cm<br \/>\nAuk\u0161tis: 240 cm<br \/>\nGylis: 65 cm<\/p>","protected":false},"featured_media":335011,"comment_status":"open","ping_status":"closed","template":"","meta":[],"product_brand":[],"product_cat":[9857,9985,1177],"product_tag":[],"class_list":{"0":"post-334929","1":"product","2":"type-product","3":"status-publish","4":"has-post-thumbnail","6":"product_cat-meblast","7":"product_cat-sliding-wardrobes-meblast","8":"product_cat-wardrobes","10":"first","11":"instock","12":"shipping-taxable","13":"purchasable","14":"product-type-variable","15":"wvs-archive-product-wrapper"},"_links":{"self":[{"href":"https:\/\/baldumarket.lt\/lt\/wp-json\/wp\/v2\/product\/334929","targetHints":{"allow":["GET"]}}],"collection":[{"href":"https:\/\/baldumarket.lt\/lt\/wp-json\/wp\/v2\/product"}],"about":[{"href":"https:\/\/baldumarket.lt\/lt\/wp-json\/wp\/v2\/types\/product"}],"replies":[{"embeddable":true,"href":"https:\/\/baldumarket.lt\/lt\/wp-json\/wp\/v2\/comments?post=334929"}],"wp:featuredmedia":[{"embeddable":true,"href":"https:\/\/baldumarket.lt\/lt\/wp-json\/wp\/v2\/media\/335011"}],"wp:attachment":[{"href":"https:\/\/baldumarket.lt\/lt\/wp-json\/wp\/v2\/media?parent=334929"}],"wp:term":[{"taxonomy":"product_brand","embeddable":true,"href":"https:\/\/baldumarket.lt\/lt\/wp-json\/wp\/v2\/product_brand?post=334929"},{"taxonomy":"product_cat","embeddable":true,"href":"https:\/\/baldumarket.lt\/lt\/wp-json\/wp\/v2\/product_cat?post=334929"},{"taxonomy":"product_tag","embeddable":true,"href":"https:\/\/baldumarket.lt\/lt\/wp-json\/wp\/v2\/product_tag?post=334929"}],"curies":[{"name":"wp","href":"https:\/\/api.w.org\/{rel}","templated":true}]}}