{"id":334927,"date":"2026-03-07T00:54:07","date_gmt":"2026-03-06T21:54:07","guid":{"rendered":"https:\/\/baldumarket.lt\/?post_type=product&#038;p=334927"},"modified":"2026-03-30T09:38:04","modified_gmt":"2026-03-30T06:38:04","slug":"spinta-4d-268-pakabinimo-begeliai-istraukiamos-lentynos-stalciai","status":"publish","type":"product","link":"https:\/\/baldumarket.lt\/lt\/product\/spinta-4d-268-pakabinimo-begeliai-istraukiamos-lentynos-stalciai\/","title":{"rendered":"Spinta 4D\/268 \u2013 pakabinimo b\u0117geliai, i\u0161traukiamos lentynos, stal\u010diai"},"content":{"rendered":"<p>Prakti\u0161kas sprendimas unikaliu stiliumi.<br \/>\nGeriausia spinta \u2013 kokia ji tur\u0117t\u0173 b\u016bti? Erdvi, funkcionali ir talpi, o idealiu atveju \u2013 neu\u017eimanti per daug vietos. Kaip suderinti \u0161iuos du dalykus? Yra labai paprastas sprendimas \u2013 rinkit\u0117s stumdom\u0105 spint\u0105. D\u0117l stumdom\u0173, o ne \u012f i\u0161or\u0119 atsidaran\u010di\u0173 dur\u0173 tai prakti\u0161kas sprendimas ma\u017eiems kambariams. Be to, stumdoma spinta atrodo moderniai, o i\u0161siki\u0161usi\u0173 ranken\u0173 ir laikikli\u0173 nebuvimas daro j\u0105 saugesn\u0119 \u2013 ypa\u010d vaik\u0173 kambariuose.<br \/>\n\u012e k\u0105 reik\u0117t\u0173 atkreipti d\u0117mes\u012f perkant stumdom\u0105 spint\u0105? Pirmiausia patikrinkite kambario matmenis. Tada pasirinkite viet\u0105, kurioje ji bus pastatyta. Atsi\u017evelgdami \u012f turim\u0105 erdv\u0119, pasirinkite spint\u0105, kuri atitikt\u0173 j\u016bs\u0173 interjer\u0105. Galite rinktis i\u0161 vienv\u0117ri\u0173, dviv\u0117ri\u0173, trij\u0173 ar net keturi\u0173 dur\u0173 spint\u0173. Visas jas galite rasti internete adresu e-meblast.pl!<br \/>\nJei j\u016bs\u0173 daikt\u0173 laikymo poreikiai dideli, rekomenduojame rinktis erdvi\u0105 ir funkcionali\u0105 4D\/268 spint\u0105. Kod\u0117l? Net jei dabar jums nereikia keturi\u0173 dur\u0173 spintos, po keli\u0173 m\u0117nesi\u0173 galite pasteb\u0117ti, kad ji pasitarnaus kaip papildoma sporto \u012frangos, fotografijos \u012frangos ir kt. saugykla.<br \/>\nJei norite maksimaliai i\u0161naudoti erdv\u0119, rinkit\u0117s auk\u0161tas stumdomas spintas, kuriose vir\u0161utin\u0117se lentynose gal\u0117site laikyti daiktus, kuri\u0173 nenaudojate kasdien, bet neturite kur j\u0173 laikyti.<br \/>\nO koks idealus gylis? Jis tur\u0117t\u0173 b\u016bti bent 65 cm, kad tilpt\u0173 pakabos. Taip pat atsi\u017evelkite \u012f spintos kokyb\u0119. Rinkit\u0117s baldus i\u0161 lenk\u0173 gamintojo.<\/p>","protected":false},"excerpt":{"rendered":"<p>Matmenys:<br \/>\nPlotis: 268 cm<br \/>\nAuk\u0161tis: 220 cm<br \/>\nGylis: 65 cm<\/p>","protected":false},"featured_media":335002,"comment_status":"open","ping_status":"closed","template":"","meta":[],"product_brand":[],"product_cat":[9857,9985,1177],"product_tag":[],"class_list":{"0":"post-334927","1":"product","2":"type-product","3":"status-publish","4":"has-post-thumbnail","6":"product_cat-meblast","7":"product_cat-sliding-wardrobes-meblast","8":"product_cat-wardrobes","10":"first","11":"instock","12":"shipping-taxable","13":"purchasable","14":"product-type-variable","15":"wvs-archive-product-wrapper"},"_links":{"self":[{"href":"https:\/\/baldumarket.lt\/lt\/wp-json\/wp\/v2\/product\/334927","targetHints":{"allow":["GET"]}}],"collection":[{"href":"https:\/\/baldumarket.lt\/lt\/wp-json\/wp\/v2\/product"}],"about":[{"href":"https:\/\/baldumarket.lt\/lt\/wp-json\/wp\/v2\/types\/product"}],"replies":[{"embeddable":true,"href":"https:\/\/baldumarket.lt\/lt\/wp-json\/wp\/v2\/comments?post=334927"}],"wp:featuredmedia":[{"embeddable":true,"href":"https:\/\/baldumarket.lt\/lt\/wp-json\/wp\/v2\/media\/335002"}],"wp:attachment":[{"href":"https:\/\/baldumarket.lt\/lt\/wp-json\/wp\/v2\/media?parent=334927"}],"wp:term":[{"taxonomy":"product_brand","embeddable":true,"href":"https:\/\/baldumarket.lt\/lt\/wp-json\/wp\/v2\/product_brand?post=334927"},{"taxonomy":"product_cat","embeddable":true,"href":"https:\/\/baldumarket.lt\/lt\/wp-json\/wp\/v2\/product_cat?post=334927"},{"taxonomy":"product_tag","embeddable":true,"href":"https:\/\/baldumarket.lt\/lt\/wp-json\/wp\/v2\/product_tag?post=334927"}],"curies":[{"name":"wp","href":"https:\/\/api.w.org\/{rel}","templated":true}]}}