{"id":334925,"date":"2026-03-07T00:54:02","date_gmt":"2026-03-06T21:54:02","guid":{"rendered":"https:\/\/baldumarket.lt\/?post_type=product&#038;p=334925"},"modified":"2026-03-30T09:38:04","modified_gmt":"2026-03-30T06:38:04","slug":"spinta-4d-276-pakabinimo-begeliai-istraukiamos-lentynos-stalciai-daug-lentynu","status":"publish","type":"product","link":"https:\/\/baldumarket.lt\/lt\/product\/spinta-4d-276-pakabinimo-begeliai-istraukiamos-lentynos-stalciai-daug-lentynu\/","title":{"rendered":"Spinta 4D\/276 \u2013 pakabinimo b\u0117geliai, i\u0161traukiamos lentynos, stal\u010diai, daug lentyn\u0173"},"content":{"rendered":"<p>Prakti\u0161kas sprendimas su unikaliu stiliumi.<br \/>\nStumdomos spintos yra prakti\u0161kas sprendimas miegamiesiems, koridoriams ir svetain\u0117ms.<br \/>\nStumdomos spintos yra vienas akivaizd\u017eiausi\u0173 ir populiariausi\u0173 miegamojo pasirinkim\u0173. Ta\u010diau prakti\u0161kai \u0161is baldas puikiai tinka ir kituose kambariuose. Kur dar reik\u0117t\u0173 apsvarstyti jo panaudojim\u0105?<br \/>\nStumdomos spintos koridoriams yra funkcionalus pasirinkimas, ypa\u010d ilgiems ir siauriems kambariams, tokiems kaip dauguma but\u0173. Tradicini\u0173 spint\u0173 atidaromos durys u\u017eima viet\u0105 ir gali trukdyti patekti prie \u012f\u0117jimo dur\u0173. Tod\u0117l verta rinktis spint\u0105 su stumdomomis durimis.<br \/>\nJei jums reikia papildomos vietos daiktams susid\u0117ti arba j\u016bs\u0173 miegamajame yra vietos tik lovai ir naktiniams staliukams, stumdoma spinta svetainei gali b\u016bti puikus sprendimas. Ji si\u016blo alternatyv\u0105 sienin\u0117ms spintoms, ypa\u010d jei kiti svetain\u0117s baldai yra moduliniai. Svetain\u0117je rekomenduojame keturi\u0173 dur\u0173 spint\u0105, kad u\u017epildytum\u0117te ni\u0161\u0105.<br \/>\nPaskutinis kambarys, \u012f kur\u012f verta atkreipti d\u0117mes\u012f, yra vaik\u0173 ar paaugli\u0173 kambarys. \u0160iuo atveju stumdoma spinta yra ne tik prakti\u0161kas sprendimas, bet ir u\u017etikrina didesn\u012f saugum\u0105, suma\u017eindama rizik\u0105 u\u017ekli\u016bti u\u017e i\u0161siki\u0161usi\u0173 element\u0173 \u017eaid\u017eiant.<br \/>\nApibendrinant, stumdomos spintos yra prakti\u0161kas ir populiarus pasirinkimas \u012fvairiems kambariams, pavyzd\u017eiui, miegamiesiems, koridoriams, svetain\u0117ms ir vaik\u0173 ar paaugli\u0173 kambariams. Jos suteikia funkcional\u0173 daikt\u0173 laikymo sprendim\u0105, kartu optimizuodamos prieig\u0105 ir didindamos saugum\u0105.<br \/>\nRinkit\u0117s auk\u0161tos kokyb\u0117s lenk\u0173 gamintojo spintas ir m\u0117gaukit\u0117s j\u0173 funkcionalumu bei patvarumu ilgus metus.<\/p>","protected":false},"excerpt":{"rendered":"<p>Matmenys:<br \/>\nPlotis: 276 cm<br \/>\n\u016agis: 244 cm<br \/>\nGylis: 65 cm<\/p>","protected":false},"featured_media":334999,"comment_status":"open","ping_status":"closed","template":"","meta":[],"product_brand":[],"product_cat":[9857,9985,1177],"product_tag":[],"class_list":{"0":"post-334925","1":"product","2":"type-product","3":"status-publish","4":"has-post-thumbnail","6":"product_cat-meblast","7":"product_cat-sliding-wardrobes-meblast","8":"product_cat-wardrobes","10":"first","11":"instock","12":"shipping-taxable","13":"purchasable","14":"product-type-variable","15":"wvs-archive-product-wrapper"},"_links":{"self":[{"href":"https:\/\/baldumarket.lt\/lt\/wp-json\/wp\/v2\/product\/334925","targetHints":{"allow":["GET"]}}],"collection":[{"href":"https:\/\/baldumarket.lt\/lt\/wp-json\/wp\/v2\/product"}],"about":[{"href":"https:\/\/baldumarket.lt\/lt\/wp-json\/wp\/v2\/types\/product"}],"replies":[{"embeddable":true,"href":"https:\/\/baldumarket.lt\/lt\/wp-json\/wp\/v2\/comments?post=334925"}],"wp:featuredmedia":[{"embeddable":true,"href":"https:\/\/baldumarket.lt\/lt\/wp-json\/wp\/v2\/media\/334999"}],"wp:attachment":[{"href":"https:\/\/baldumarket.lt\/lt\/wp-json\/wp\/v2\/media?parent=334925"}],"wp:term":[{"taxonomy":"product_brand","embeddable":true,"href":"https:\/\/baldumarket.lt\/lt\/wp-json\/wp\/v2\/product_brand?post=334925"},{"taxonomy":"product_cat","embeddable":true,"href":"https:\/\/baldumarket.lt\/lt\/wp-json\/wp\/v2\/product_cat?post=334925"},{"taxonomy":"product_tag","embeddable":true,"href":"https:\/\/baldumarket.lt\/lt\/wp-json\/wp\/v2\/product_tag?post=334925"}],"curies":[{"name":"wp","href":"https:\/\/api.w.org\/{rel}","templated":true}]}}