{"id":334923,"date":"2026-03-07T00:53:57","date_gmt":"2026-03-06T21:53:57","guid":{"rendered":"https:\/\/baldumarket.lt\/?post_type=product&#038;p=334923"},"modified":"2026-03-30T09:38:04","modified_gmt":"2026-03-30T06:38:04","slug":"spinta-4d-320-stalciai-lentynos-drabuziu-pakabos","status":"publish","type":"product","link":"https:\/\/baldumarket.lt\/lt\/product\/spinta-4d-320-stalciai-lentynos-drabuziu-pakabos\/","title":{"rendered":"Spinta 4D\/320 \u2013 stal\u010diai, lentynos, drabu\u017ei\u0173 pakabos"},"content":{"rendered":"<p>Prakti\u0161kas sprendimas su unikaliu stiliumi.<br \/>\nDidel\u0117 spinta yra b\u016btina!<br \/>\n4D\/320 stumdoma spinta yra nepakei\u010diamas baldas, puikiai papildantis j\u016bs\u0173 nam\u0173 garderob\u0105. Erdvus vidus su sumaniai suprojektuotomis lentynomis u\u017etikrina tvark\u0105. Be to, priekyje esantis veidrodis skatina nar\u0161yti. Eleganti\u0161kas ir minimalistinis \u0161ios spintos stilius pritrauks kiekvieno nam\u0173 \u016bkio nario ak\u012f!<br \/>\nD\u0117l eleganti\u0161k\u0173 fasad\u0173 4D\/320 stumdoma spinta puikiai tinka miegamajam. Veidrodis vizualiai padidina erdv\u0119 ir suteikia papildomos \u0161viesos. Minimalistinis dizainas skland\u017eiai dera su \u012fvairiais interjerais, o prieinamos spalvos puikiai papildo modern\u0173 dekor\u0105. Prakti\u0161kas spintos vidus leid\u017eia lengvai r\u016b\u0161iuoti drabu\u017eius, tod\u0117l nereikia vargti tvarkant garderob\u0105.<br \/>\n4D\/320 stumdoma spinta pagaminta i\u0161 auk\u0161tos kokyb\u0117s, 18 milimetr\u0173 storio laminuotos plok\u0161t\u0117s, u\u017etikrinan\u010dios jos ilgaam\u017ei\u0161kum\u0105. Tvirtos aliuminio b\u0117gel\u0117s ir \u201eSevroll\u201c stumdom\u0173 dur\u0173 sistema u\u017etikrina lengv\u0105 ir patog\u0173 naudojim\u0105. \u0160i sistema leid\u017eia lengvai stumdyti duris abiem kryptimis. Aliuminio juostel\u0117s, kurios atlieka ranken\u0173 funkcij\u0105, ne tik suteikia spintai minimalistin\u0119 i\u0161vaizd\u0105, bet ir apsaugo fasadus nuo deformacijos.<br \/>\n4D\/320 stumdoma spinta taip pat turi tris pakabos b\u0117gelius, erdvius stal\u010dius ir 11 lentyn\u0173 \u012fvairiems daiktams laikyti. Plok\u0161\u010di\u0173 kra\u0161tai apsaugoti 0,8 mm storio PVC fanera, kuri prailgina baldo tarnavimo laik\u0105. Visas baldas pagamintas i\u0161 auk\u0161\u010diausios kokyb\u0117s med\u017eiag\u0173, u\u017etikrinan\u010di\u0173 patvarum\u0105 ir tvirtum\u0105.<br \/>\nTrumpai tariant, 4D\/320 stumdoma spinta yra puikus pasirinkimas j\u016bs\u0173 namams. Jos funkcionalumas, eleganti\u0161ka i\u0161vaizda ir patvari konstrukcija u\u017etikrins j\u016bs\u0173 pasitenkinim\u0105 ilgus metus.<br \/>\nRinkit\u0117s auk\u0161tos kokyb\u0117s ir patvarius baldus i\u0161 Lenkijos gamintojo.<\/p>","protected":false},"excerpt":{"rendered":"<p>Matmenys:<br \/>\nPlotis: 320 cm<br \/>\n\u016agis: 244 cm<br \/>\nGylis: 64 cm<\/p>","protected":false},"featured_media":334995,"comment_status":"open","ping_status":"closed","template":"","meta":[],"product_brand":[],"product_cat":[9857,9985,1177],"product_tag":[],"class_list":{"0":"post-334923","1":"product","2":"type-product","3":"status-publish","4":"has-post-thumbnail","6":"product_cat-meblast","7":"product_cat-sliding-wardrobes-meblast","8":"product_cat-wardrobes","10":"first","11":"instock","12":"shipping-taxable","13":"purchasable","14":"product-type-variable","15":"wvs-archive-product-wrapper"},"_links":{"self":[{"href":"https:\/\/baldumarket.lt\/lt\/wp-json\/wp\/v2\/product\/334923","targetHints":{"allow":["GET"]}}],"collection":[{"href":"https:\/\/baldumarket.lt\/lt\/wp-json\/wp\/v2\/product"}],"about":[{"href":"https:\/\/baldumarket.lt\/lt\/wp-json\/wp\/v2\/types\/product"}],"replies":[{"embeddable":true,"href":"https:\/\/baldumarket.lt\/lt\/wp-json\/wp\/v2\/comments?post=334923"}],"wp:featuredmedia":[{"embeddable":true,"href":"https:\/\/baldumarket.lt\/lt\/wp-json\/wp\/v2\/media\/334995"}],"wp:attachment":[{"href":"https:\/\/baldumarket.lt\/lt\/wp-json\/wp\/v2\/media?parent=334923"}],"wp:term":[{"taxonomy":"product_brand","embeddable":true,"href":"https:\/\/baldumarket.lt\/lt\/wp-json\/wp\/v2\/product_brand?post=334923"},{"taxonomy":"product_cat","embeddable":true,"href":"https:\/\/baldumarket.lt\/lt\/wp-json\/wp\/v2\/product_cat?post=334923"},{"taxonomy":"product_tag","embeddable":true,"href":"https:\/\/baldumarket.lt\/lt\/wp-json\/wp\/v2\/product_tag?post=334923"}],"curies":[{"name":"wp","href":"https:\/\/api.w.org\/{rel}","templated":true}]}}