{"id":334902,"date":"2026-03-07T00:53:08","date_gmt":"2026-03-06T21:53:08","guid":{"rendered":"https:\/\/baldumarket.lt\/?post_type=product&#038;p=334902"},"modified":"2026-03-24T09:58:57","modified_gmt":"2026-03-24T06:58:57","slug":"drabuzine-100-pakabinimo-begeliai-lentynos","status":"publish","type":"product","link":"https:\/\/baldumarket.lt\/lt\/product\/drabuzine-100-pakabinimo-begeliai-lentynos\/","title":{"rendered":"Drabu\u017ein\u0117 100 \u2013 pakabinimo b\u0117geliai, lentynos"},"content":{"rendered":"<p>Ie\u0161kote ma\u017eos spintos savo miegamajam, prie\u0161kambariui ar svetainei? Per\u017ei\u016br\u0117kite 100 spint\u0173 e-meblast.pl svetain\u0117je, kurioje tilps j\u016bs\u0173 drabu\u017eiai ir kiti aksesuarai. D\u0117l gerai apgalvotos daikt\u0173 laikymo sistemos gal\u0117site net ir labiausiai u\u017egriozdintoje erdv\u0117je sukurti tobul\u0105 tvark\u0105. Tiesiog suplanuokite savo spintos i\u0161d\u0117stym\u0105. Valymas dar niekada nebuvo toks paprastas!<br \/>\nBalta spinta \u201e100\u201c \u2013 puikus sprendimas ma\u017eam miegamajam ar prie\u0161kambariui. Ji ne tik leid\u017eia patogiai susid\u0117ti kasdienius daiktus, bet ir vizualiai padidina erdv\u0119 bei suteikia jai lengvumo poj\u016bt\u012f.<br \/>\nRinkit\u0117s auk\u0161\u010diausios kokyb\u0117s baldus tiesiai i\u0161 Lenkijos gamintojo!<\/p>","protected":false},"excerpt":{"rendered":"<p>Matmenys: Plotis: 100 cm Auk\u0161tis: 200 cm Gylis: 53 cm<\/p>","protected":false},"featured_media":334986,"comment_status":"open","ping_status":"closed","template":"","meta":[],"product_brand":[],"product_cat":[9857,1177],"product_tag":[],"class_list":{"0":"post-334902","1":"product","2":"type-product","3":"status-publish","4":"has-post-thumbnail","6":"product_cat-meblast","7":"product_cat-wardrobes","9":"first","10":"instock","11":"shipping-taxable","12":"purchasable","13":"product-type-variable","14":"wvs-archive-product-wrapper"},"_links":{"self":[{"href":"https:\/\/baldumarket.lt\/lt\/wp-json\/wp\/v2\/product\/334902","targetHints":{"allow":["GET"]}}],"collection":[{"href":"https:\/\/baldumarket.lt\/lt\/wp-json\/wp\/v2\/product"}],"about":[{"href":"https:\/\/baldumarket.lt\/lt\/wp-json\/wp\/v2\/types\/product"}],"replies":[{"embeddable":true,"href":"https:\/\/baldumarket.lt\/lt\/wp-json\/wp\/v2\/comments?post=334902"}],"wp:featuredmedia":[{"embeddable":true,"href":"https:\/\/baldumarket.lt\/lt\/wp-json\/wp\/v2\/media\/334986"}],"wp:attachment":[{"href":"https:\/\/baldumarket.lt\/lt\/wp-json\/wp\/v2\/media?parent=334902"}],"wp:term":[{"taxonomy":"product_brand","embeddable":true,"href":"https:\/\/baldumarket.lt\/lt\/wp-json\/wp\/v2\/product_brand?post=334902"},{"taxonomy":"product_cat","embeddable":true,"href":"https:\/\/baldumarket.lt\/lt\/wp-json\/wp\/v2\/product_cat?post=334902"},{"taxonomy":"product_tag","embeddable":true,"href":"https:\/\/baldumarket.lt\/lt\/wp-json\/wp\/v2\/product_tag?post=334902"}],"curies":[{"name":"wp","href":"https:\/\/api.w.org\/{rel}","templated":true}]}}