{"id":334900,"date":"2026-03-07T00:53:06","date_gmt":"2026-03-06T21:53:06","guid":{"rendered":"https:\/\/baldumarket.lt\/?post_type=product&#038;p=334900"},"modified":"2026-03-30T09:38:04","modified_gmt":"2026-03-30T06:38:04","slug":"spinta-4d-300-pakabos-pakabinimui-istraukiamos-lentynos-vieta-lyginimo-lentai-stalciai","status":"publish","type":"product","link":"https:\/\/baldumarket.lt\/lt\/product\/spinta-4d-300-pakabos-pakabinimui-istraukiamos-lentynos-vieta-lyginimo-lentai-stalciai\/","title":{"rendered":"Spinta 4D\/300 \u2013 pakabos pakabinimui, i\u0161traukiamos lentynos, vieta lyginimo lentai, stal\u010diai"},"content":{"rendered":"<p>Prakti\u0161kas sprendimas su unikaliu stiliumi.<br \/>\nDidel\u0117 spinta yra bet kurio miegamojo ar prie\u0161kambario pagrindas.<br \/>\nMiegamajame nepakei\u010diama erdvi spinta. Rekomenduojame stumdom\u0173 dur\u0173 4D\/300 stumdom\u0105 spint\u0105 su veidrod\u017eiais arba be j\u0173 i\u0161 e-meblast.pl. Veidrodis vizualiai padidina kambar\u012f \u2013 jis taip pat gali b\u016bti naudingas rytinio drabu\u017ei\u0173 spintos \u012frengimo metu.<br \/>\nSpintos viduje yra keturi tvirti drabu\u017ei\u0173 kabyklai ir pla\u010dios bei gilios lentynos. Be to, spintoje yra erdv\u016bs stal\u010diai ir i\u0161traukiamos lentynos, kad b\u016bt\u0173 lengviau rasti laikomus daiktus.<br \/>\n4D\/300 spinta \u2013 tai i\u0161skirtinai erdvus baldas, puikiai tiksiantis tiek moderniame, tiek minimalistiniame interjere. Kolekcijoje yra \u012fvairi\u0173 dyd\u017ei\u0173 spintos su pasirinktomis fasad\u0173 spalvomis. Susisiekite su mumis, jei norite, kad spintos vidus ar fasadai der\u0117t\u0173 prie j\u016bs\u0173 kambario dekoro.<br \/>\nRinkit\u0117s kokybi\u0161kus ir patvarius baldus i\u0161 Lenkijos gamintojo.<\/p>","protected":false},"excerpt":{"rendered":"<p>Matmenys:<br \/>\nPlotis: 300 cm<br \/>\n\u016agis: 244 cm<br \/>\nGylis: 65 cm<\/p>","protected":false},"featured_media":334982,"comment_status":"open","ping_status":"closed","template":"","meta":[],"product_brand":[],"product_cat":[9857,9985,1177],"product_tag":[],"class_list":{"0":"post-334900","1":"product","2":"type-product","3":"status-publish","4":"has-post-thumbnail","6":"product_cat-meblast","7":"product_cat-sliding-wardrobes-meblast","8":"product_cat-wardrobes","10":"first","11":"instock","12":"shipping-taxable","13":"purchasable","14":"product-type-variable","15":"wvs-archive-product-wrapper"},"_links":{"self":[{"href":"https:\/\/baldumarket.lt\/lt\/wp-json\/wp\/v2\/product\/334900","targetHints":{"allow":["GET"]}}],"collection":[{"href":"https:\/\/baldumarket.lt\/lt\/wp-json\/wp\/v2\/product"}],"about":[{"href":"https:\/\/baldumarket.lt\/lt\/wp-json\/wp\/v2\/types\/product"}],"replies":[{"embeddable":true,"href":"https:\/\/baldumarket.lt\/lt\/wp-json\/wp\/v2\/comments?post=334900"}],"wp:featuredmedia":[{"embeddable":true,"href":"https:\/\/baldumarket.lt\/lt\/wp-json\/wp\/v2\/media\/334982"}],"wp:attachment":[{"href":"https:\/\/baldumarket.lt\/lt\/wp-json\/wp\/v2\/media?parent=334900"}],"wp:term":[{"taxonomy":"product_brand","embeddable":true,"href":"https:\/\/baldumarket.lt\/lt\/wp-json\/wp\/v2\/product_brand?post=334900"},{"taxonomy":"product_cat","embeddable":true,"href":"https:\/\/baldumarket.lt\/lt\/wp-json\/wp\/v2\/product_cat?post=334900"},{"taxonomy":"product_tag","embeddable":true,"href":"https:\/\/baldumarket.lt\/lt\/wp-json\/wp\/v2\/product_tag?post=334900"}],"curies":[{"name":"wp","href":"https:\/\/api.w.org\/{rel}","templated":true}]}}