{"id":334889,"date":"2026-03-07T00:52:32","date_gmt":"2026-03-06T21:52:32","guid":{"rendered":"https:\/\/baldumarket.lt\/?post_type=product&#038;p=334889"},"modified":"2026-03-30T09:50:10","modified_gmt":"2026-03-30T06:50:10","slug":"spinta-5d-400-su-pakabomis-pakabinimui-istraukiamomis-lentynomis-vieta-lyginimo-lentai-stalciais","status":"publish","type":"product","link":"https:\/\/baldumarket.lt\/lt\/product\/spinta-5d-400-su-pakabomis-pakabinimui-istraukiamomis-lentynomis-vieta-lyginimo-lentai-stalciais\/","title":{"rendered":"Spinta 5D\/400 su pakabomis pakabinimui, istraukiamomis lentynomis, vieta lyginimo lentai, stal\u010diais"},"content":{"rendered":"<p>Prakti\u0161kas sprendimas unikaliu stiliumi.<br \/>\n5D\/400 stumdoma spinta \u2013 puikus pasirinkimas ie\u0161kantiems prakti\u0161k\u0173 sprendim\u0173, derinam\u0173 su unikalia ir patrauklia i\u0161vaizda. Spintos priekyje esantis viso \u016bgio veidrodis puikiai atitinka dabartines tendencijas. Spintos vidus buvo sukurtas atsi\u017evelgiant \u012f funkcionalum\u0105 \u2013 joje yra prakti\u0161kos lentynos, a\u0161tuoni stal\u010diai \u012fvairiems aksesuarams ir trys metaliniai b\u0117geliai, kurie suteikia daug vietos daiktams pakabinti.<\/p>\n<p>\u0160i moderni e-meblast.pl spinta su stumdomomis durimis pasi\u017eymi didele talpa, tod\u0117l joje lengva susid\u0117ti visus drabu\u017eius, aksesuarus ir d\u0117\u017ees. Gilios lentynos puikiai tinka patalynei, rank\u0161luos\u010diams, \u017eiemin\u0117ms striuk\u0117ms ir kitiems daiktams, kuri\u0173 nenaudojate kasdien, laikyti. Siekiant u\u017etikrinti maksimal\u0173 funkcionalum\u0105, spint\u0105 galima pritaikyti pagal j\u016bs\u0173 individualius poreikius, pridedant arba pa\u0161alinant b\u0117gelius, lentynas ir kt. Jei norite pakeisti savo spintos i\u0161vaizd\u0105, susisiekite su mumis \u0161iandien.<\/p>\n<p>Rinkit\u0117s auk\u0161tos kokyb\u0117s ir patvarius baldus i\u0161 Lenkijos gamintojo. M\u016bs\u0173 pasi\u016blymas garantuoja ne tik prakti\u0161kus sprendimus, bet ir estetik\u0105 bei tvirt\u0105 meistri\u0161kum\u0105.<\/p>","protected":false},"excerpt":{"rendered":"<p>Matmenys:<br \/>\nPlotis: 400 cm<br \/>\n\u016agis: 244 cm<br \/>\nGylis: 64 cm<\/p>","protected":false},"featured_media":334978,"comment_status":"open","ping_status":"closed","template":"","meta":[],"product_brand":[],"product_cat":[9857,9985,1177],"product_tag":[],"class_list":{"0":"post-334889","1":"product","2":"type-product","3":"status-publish","4":"has-post-thumbnail","6":"product_cat-meblast","7":"product_cat-sliding-wardrobes-meblast","8":"product_cat-wardrobes","10":"first","11":"instock","12":"shipping-taxable","13":"purchasable","14":"product-type-variable","15":"wvs-archive-product-wrapper"},"_links":{"self":[{"href":"https:\/\/baldumarket.lt\/lt\/wp-json\/wp\/v2\/product\/334889","targetHints":{"allow":["GET"]}}],"collection":[{"href":"https:\/\/baldumarket.lt\/lt\/wp-json\/wp\/v2\/product"}],"about":[{"href":"https:\/\/baldumarket.lt\/lt\/wp-json\/wp\/v2\/types\/product"}],"replies":[{"embeddable":true,"href":"https:\/\/baldumarket.lt\/lt\/wp-json\/wp\/v2\/comments?post=334889"}],"wp:featuredmedia":[{"embeddable":true,"href":"https:\/\/baldumarket.lt\/lt\/wp-json\/wp\/v2\/media\/334978"}],"wp:attachment":[{"href":"https:\/\/baldumarket.lt\/lt\/wp-json\/wp\/v2\/media?parent=334889"}],"wp:term":[{"taxonomy":"product_brand","embeddable":true,"href":"https:\/\/baldumarket.lt\/lt\/wp-json\/wp\/v2\/product_brand?post=334889"},{"taxonomy":"product_cat","embeddable":true,"href":"https:\/\/baldumarket.lt\/lt\/wp-json\/wp\/v2\/product_cat?post=334889"},{"taxonomy":"product_tag","embeddable":true,"href":"https:\/\/baldumarket.lt\/lt\/wp-json\/wp\/v2\/product_tag?post=334889"}],"curies":[{"name":"wp","href":"https:\/\/api.w.org\/{rel}","templated":true}]}}