{"id":334887,"date":"2026-03-07T00:52:29","date_gmt":"2026-03-06T21:52:29","guid":{"rendered":"https:\/\/baldumarket.lt\/?post_type=product&#038;p=334887"},"modified":"2026-03-26T11:55:08","modified_gmt":"2026-03-26T08:55:08","slug":"prieskambaris-130-prieskambario-spinta-su-sedyne-stalciais-uzdaromis-lentynomis-pakaba","status":"publish","type":"product","link":"https:\/\/baldumarket.lt\/lt\/product\/prieskambaris-130-prieskambario-spinta-su-sedyne-stalciais-uzdaromis-lentynomis-pakaba\/","title":{"rendered":"Prie\u0161kambaris 130 \u2013 prie\u0161kambario spinta su s\u0117dyne, stal\u010diais, u\u017edaromis lentynomis, pakaba"},"content":{"rendered":"<p>Jei svajojate \u012frengti savo prie\u0161kambar\u012f, apsvarstykite funkcional\u0173 ir modern\u0173 bald\u0105 i\u0161 emeblast.pl kolekcijos \u2013 spinta su s\u0117dyne tikrai pateisins j\u016bs\u0173 l\u016bkes\u010dius. Prie\u0161kambario spinta su s\u0117dyne \u2013 puikus pasirinkimas tiems, kurie vertina komfort\u0105 ir tvark\u0105. \u0160iame balde yra viskas, ko reikia prie\u0161kambariui. Rasite atidarom\u0105 bat\u0173 spintel\u0119, auk\u0161t\u0105, u\u017edar\u0105 spint\u0105 su b\u0117geliu ir lentynomis, kabykl\u0105 paltams ir nedidel\u0119 lentyn\u0117l\u0119 kepur\u0117ms ar sk\u0117\u010diams. Pageidaujant, spintos priekyje galite prid\u0117ti didel\u012f veidrod\u012f. Tai vizualiai padidins erdv\u0119. Patogi s\u0117dyn\u0117 ne tik maloni liesti, bet ir atspari trin\u010diai, dilimui ir pumpuravimuisi. Rinkit\u0117s kokybi\u0161kus Lenkijos gamintojo baldus!<\/p>","protected":false},"excerpt":{"rendered":"<p>Matmenys: Plotis: 130 cm Auk\u0161tis: 200 cm Gylis: 40 cm<\/p>","protected":false},"featured_media":334966,"comment_status":"open","ping_status":"closed","template":"","meta":[],"product_brand":[],"product_cat":[9857,9985,1177],"product_tag":[],"class_list":{"0":"post-334887","1":"product","2":"type-product","3":"status-publish","4":"has-post-thumbnail","6":"product_cat-meblast","7":"product_cat-sliding-wardrobes-meblast","8":"product_cat-wardrobes","10":"first","11":"instock","12":"shipping-taxable","13":"purchasable","14":"product-type-variable","15":"wvs-archive-product-wrapper"},"_links":{"self":[{"href":"https:\/\/baldumarket.lt\/lt\/wp-json\/wp\/v2\/product\/334887","targetHints":{"allow":["GET"]}}],"collection":[{"href":"https:\/\/baldumarket.lt\/lt\/wp-json\/wp\/v2\/product"}],"about":[{"href":"https:\/\/baldumarket.lt\/lt\/wp-json\/wp\/v2\/types\/product"}],"replies":[{"embeddable":true,"href":"https:\/\/baldumarket.lt\/lt\/wp-json\/wp\/v2\/comments?post=334887"}],"wp:featuredmedia":[{"embeddable":true,"href":"https:\/\/baldumarket.lt\/lt\/wp-json\/wp\/v2\/media\/334966"}],"wp:attachment":[{"href":"https:\/\/baldumarket.lt\/lt\/wp-json\/wp\/v2\/media?parent=334887"}],"wp:term":[{"taxonomy":"product_brand","embeddable":true,"href":"https:\/\/baldumarket.lt\/lt\/wp-json\/wp\/v2\/product_brand?post=334887"},{"taxonomy":"product_cat","embeddable":true,"href":"https:\/\/baldumarket.lt\/lt\/wp-json\/wp\/v2\/product_cat?post=334887"},{"taxonomy":"product_tag","embeddable":true,"href":"https:\/\/baldumarket.lt\/lt\/wp-json\/wp\/v2\/product_tag?post=334887"}],"curies":[{"name":"wp","href":"https:\/\/api.w.org\/{rel}","templated":true}]}}