{"id":334885,"date":"2026-03-07T00:52:27","date_gmt":"2026-03-06T21:52:27","guid":{"rendered":"https:\/\/baldumarket.lt\/?post_type=product&#038;p=334885"},"modified":"2026-03-26T11:55:08","modified_gmt":"2026-03-26T08:55:08","slug":"prieskambaris-140-prieskambario-spinta-su-sedyne-stalciais-uzdaromis-lentynomis-pakaba","status":"publish","type":"product","link":"https:\/\/baldumarket.lt\/lt\/product\/prieskambaris-140-prieskambario-spinta-su-sedyne-stalciais-uzdaromis-lentynomis-pakaba\/","title":{"rendered":"Prie\u0161kambaris 140 \u2013 prie\u0161kambario spinta su s\u0117dyne, stal\u010diais, u\u017edaromis lentynomis, pakaba"},"content":{"rendered":"<p>Jei planuojate \u012frengti prie\u0161kambar\u012f, apsvarstykite funkcional\u0173 ir modern\u0173 bald\u0105 i\u0161 emeblast.pl kolekcijos \u2013 spinta su s\u0117dyne tikrai pateisins j\u016bs\u0173 l\u016bkes\u010dius.<br \/>\nPrie\u0161kambario spinta su s\u0117dyne \u2013 puikus pasirinkimas tiems, kurie vertina komfort\u0105 ir tvark\u0105. \u0160iame balde yra viskas, ko reikia prie\u0161kambariui. Joje yra atidaroma bat\u0173 spintel\u0117, auk\u0161ta, u\u017edara spinta su pakaba ir lentynomis, kabykla paltams ir lentyna kepur\u0117ms ar sk\u0117\u010diams. Pageidaujant, spintos priekyje taip pat galite \u012fmontuoti didel\u012f veidrod\u012f, kuris vizualiai padidins erdv\u0119.<br \/>\nPatogi s\u0117dyn\u0117 ne tik maloni liesti, bet ir atspari trin\u010diai, dilimui ir pumpuravimuisi. Pasirink\u0119 Lenkijos gamintojo baldus, galite b\u016bti tikri d\u0117l kokyb\u0117s ir patikimos gamybos. E-meblast.pl \u2013 tai prek\u0117s \u017eenklas, kuriuo galite pasikliauti kurdami savo prie\u0161kambar\u012f.<\/p>","protected":false},"excerpt":{"rendered":"<p>Matmenys:<br \/>\nPlotis: 140 cm<br \/>\n\u016agis: 225 cm<br \/>\nGylis: 52 cm<\/p>","protected":false},"featured_media":334962,"comment_status":"open","ping_status":"closed","template":"","meta":[],"product_brand":[],"product_cat":[9857,9985,1177],"product_tag":[],"class_list":{"0":"post-334885","1":"product","2":"type-product","3":"status-publish","4":"has-post-thumbnail","6":"product_cat-meblast","7":"product_cat-sliding-wardrobes-meblast","8":"product_cat-wardrobes","10":"first","11":"instock","12":"shipping-taxable","13":"purchasable","14":"product-type-variable","15":"wvs-archive-product-wrapper"},"_links":{"self":[{"href":"https:\/\/baldumarket.lt\/lt\/wp-json\/wp\/v2\/product\/334885","targetHints":{"allow":["GET"]}}],"collection":[{"href":"https:\/\/baldumarket.lt\/lt\/wp-json\/wp\/v2\/product"}],"about":[{"href":"https:\/\/baldumarket.lt\/lt\/wp-json\/wp\/v2\/types\/product"}],"replies":[{"embeddable":true,"href":"https:\/\/baldumarket.lt\/lt\/wp-json\/wp\/v2\/comments?post=334885"}],"wp:featuredmedia":[{"embeddable":true,"href":"https:\/\/baldumarket.lt\/lt\/wp-json\/wp\/v2\/media\/334962"}],"wp:attachment":[{"href":"https:\/\/baldumarket.lt\/lt\/wp-json\/wp\/v2\/media?parent=334885"}],"wp:term":[{"taxonomy":"product_brand","embeddable":true,"href":"https:\/\/baldumarket.lt\/lt\/wp-json\/wp\/v2\/product_brand?post=334885"},{"taxonomy":"product_cat","embeddable":true,"href":"https:\/\/baldumarket.lt\/lt\/wp-json\/wp\/v2\/product_cat?post=334885"},{"taxonomy":"product_tag","embeddable":true,"href":"https:\/\/baldumarket.lt\/lt\/wp-json\/wp\/v2\/product_tag?post=334885"}],"curies":[{"name":"wp","href":"https:\/\/api.w.org\/{rel}","templated":true}]}}