{"id":334883,"date":"2026-03-07T00:52:20","date_gmt":"2026-03-06T21:52:20","guid":{"rendered":"https:\/\/baldumarket.lt\/?post_type=product&#038;p=334883"},"modified":"2026-03-31T10:17:14","modified_gmt":"2026-03-31T07:17:14","slug":"spinta-120-pakabinimo-begeliai-lentynos","status":"publish","type":"product","link":"https:\/\/baldumarket.lt\/lt\/product\/spinta-120-pakabinimo-begeliai-lentynos\/","title":{"rendered":"Spinta 120 \u2013 pakabinimo b\u0117geliai, lentynos"},"content":{"rendered":"<p>Ie\u0161kote spintos ma\u017eam kambariui? 120 dyd\u017eio spinta i\u0161 e-meblast.pl yra puikus sprendimas jums! M\u016bs\u0173 pasi\u016blyme yra kompakti\u0161ka spinta, puikiai tinkanti ma\u017eoms erdv\u0117ms. Nesvarbu, ar jums reikia spintos miegamajam, svetainei ar prie\u0161kambariui, mes turime jums tinkam\u0105 variant\u0105.<br \/>\nM\u016bs\u0173 spintos ma\u017eiems kambariams sukurtos taip, kad maksimaliai i\u0161naudot\u0173 erdv\u0119. D\u0117l apgalvot\u0173 sprendim\u0173 gausite daugiau vietos daiktams susid\u0117ti neu\u017egriozdindami kambario.<br \/>\nE-meblast.pl spintos yra ne tik funkcionalios, bet ir esteti\u0161kai patrauklios. Jos, b\u016bna \u012fvairi\u0173 stili\u0173 ir spalv\u0173, papildys j\u016bs\u0173 interjer\u0105, suteikdamos jam unikal\u0173 charakter\u012f.<br \/>\nNesvarbu, ar jums reikia vietos drabu\u017eiams, knygoms, elektronikai ar kitiems aksesuarams, m\u016bs\u0173 ma\u017eoms erdv\u0117ms skirtos spintos yra prakti\u0161kas ir stilingas sprendimas. Pasinaudokite m\u016bs\u0173 pasi\u016blymu ir m\u0117gaukit\u0117s tvarka savo ma\u017eoje erdv\u0117je!<\/p>","protected":false},"excerpt":{"rendered":"<p>Matmenys: Plotis: 120 cm Auk\u0161tis: 200 cm Gylis: 53 cm<\/p>","protected":false},"featured_media":334959,"comment_status":"open","ping_status":"closed","template":"","meta":[],"product_brand":[],"product_cat":[9857,1177],"product_tag":[],"class_list":{"0":"post-334883","1":"product","2":"type-product","3":"status-publish","4":"has-post-thumbnail","6":"product_cat-meblast","7":"product_cat-wardrobes","9":"first","10":"instock","11":"shipping-taxable","12":"purchasable","13":"product-type-variable","14":"wvs-archive-product-wrapper"},"_links":{"self":[{"href":"https:\/\/baldumarket.lt\/lt\/wp-json\/wp\/v2\/product\/334883","targetHints":{"allow":["GET"]}}],"collection":[{"href":"https:\/\/baldumarket.lt\/lt\/wp-json\/wp\/v2\/product"}],"about":[{"href":"https:\/\/baldumarket.lt\/lt\/wp-json\/wp\/v2\/types\/product"}],"replies":[{"embeddable":true,"href":"https:\/\/baldumarket.lt\/lt\/wp-json\/wp\/v2\/comments?post=334883"}],"wp:featuredmedia":[{"embeddable":true,"href":"https:\/\/baldumarket.lt\/lt\/wp-json\/wp\/v2\/media\/334959"}],"wp:attachment":[{"href":"https:\/\/baldumarket.lt\/lt\/wp-json\/wp\/v2\/media?parent=334883"}],"wp:term":[{"taxonomy":"product_brand","embeddable":true,"href":"https:\/\/baldumarket.lt\/lt\/wp-json\/wp\/v2\/product_brand?post=334883"},{"taxonomy":"product_cat","embeddable":true,"href":"https:\/\/baldumarket.lt\/lt\/wp-json\/wp\/v2\/product_cat?post=334883"},{"taxonomy":"product_tag","embeddable":true,"href":"https:\/\/baldumarket.lt\/lt\/wp-json\/wp\/v2\/product_tag?post=334883"}],"curies":[{"name":"wp","href":"https:\/\/api.w.org\/{rel}","templated":true}]}}