{"id":334869,"date":"2026-03-07T00:51:40","date_gmt":"2026-03-06T21:51:40","guid":{"rendered":"https:\/\/baldumarket.lt\/?post_type=product&#038;p=334869"},"modified":"2026-03-27T12:17:20","modified_gmt":"2026-03-27T09:17:20","slug":"spinta-140-216-pakabinimo-karnizas-lentynos-isoriniai-stalciai","status":"publish","type":"product","link":"https:\/\/baldumarket.lt\/lt\/product\/spinta-140-216-pakabinimo-karnizas-lentynos-isoriniai-stalciai\/","title":{"rendered":"Spinta 140\/216 \u2013 pakabinimo karnizas, lentynos, i\u0161oriniai stal\u010diai"},"content":{"rendered":"<p>Ie\u0161kote spintos nedidelei erdvei? 140\/216 cm spinta i\u0161 emeblast.pl yra puikus sprendimas drabu\u017eiams, batams ir aksesuarams laikyti. Kuo didesn\u0117 spinta, tuo geriau, ta\u010diau jei erdv\u0117 ribota, puikiai tiks ma\u017eesn\u0117 spinta su varstomomis durimis. Jos gerai organizuotas vidus ir vizualin\u0117s u\u017euominos daro j\u0105 itin \u012fdomiu ir prakti\u0161ku spintos modeliu.<br \/>\n\u0160i spinta su varstomomis durimis \u2013 tai modelis, kuris puikiai dera prie modernaus interjero dizaino ir yra neatsiejama m\u016bs\u0173 spintos dalis. Jos madingi balti fasadai atitinka naujausias tendencijas. \u0160i spinta pasi\u017eymi erdviu interjeru, praturtintu prakti\u0161komis funkcijomis.<br \/>\nSpintos vidus suprojektuotas taip, kad b\u016bt\u0173 pakankamai vietos daiktams susid\u0117ti. Joje rasite drabu\u017ei\u0173 pakab\u0105 drabu\u017eiams pakabinti, taip pat \u012fvairi\u0173 tinkamo auk\u0161\u010dio ir gylio lentyn\u0173. Be to, trys stal\u010diai puikiai tinka ma\u017eesniems daiktams pasl\u0117pti.<br \/>\n\u0160i spinta su varstomomis durimis ne tik puikiai papildys modern\u0173 interjer\u0105, bet ir pad\u0117s palaikyti tvark\u0105 j\u016bs\u0173 garderoboje. D\u0117l savo funkcionalumo ir stilingos i\u0161vaizdos tur\u0117site prakti\u0161k\u0105 sprendim\u0105 drabu\u017eiams ir aksesuarams laikyti.<\/p>","protected":false},"excerpt":{"rendered":"<p>Matmenys: Plotis: 140 cm Auk\u0161tis: 216 cm Gylis: 60 cm<\/p>","protected":false},"featured_media":334956,"comment_status":"open","ping_status":"closed","template":"","meta":[],"product_brand":[],"product_cat":[9857,9985,1177],"product_tag":[],"class_list":{"0":"post-334869","1":"product","2":"type-product","3":"status-publish","4":"has-post-thumbnail","6":"product_cat-meblast","7":"product_cat-sliding-wardrobes-meblast","8":"product_cat-wardrobes","10":"first","11":"instock","12":"shipping-taxable","13":"purchasable","14":"product-type-variable","15":"wvs-archive-product-wrapper"},"_links":{"self":[{"href":"https:\/\/baldumarket.lt\/lt\/wp-json\/wp\/v2\/product\/334869","targetHints":{"allow":["GET"]}}],"collection":[{"href":"https:\/\/baldumarket.lt\/lt\/wp-json\/wp\/v2\/product"}],"about":[{"href":"https:\/\/baldumarket.lt\/lt\/wp-json\/wp\/v2\/types\/product"}],"replies":[{"embeddable":true,"href":"https:\/\/baldumarket.lt\/lt\/wp-json\/wp\/v2\/comments?post=334869"}],"wp:featuredmedia":[{"embeddable":true,"href":"https:\/\/baldumarket.lt\/lt\/wp-json\/wp\/v2\/media\/334956"}],"wp:attachment":[{"href":"https:\/\/baldumarket.lt\/lt\/wp-json\/wp\/v2\/media?parent=334869"}],"wp:term":[{"taxonomy":"product_brand","embeddable":true,"href":"https:\/\/baldumarket.lt\/lt\/wp-json\/wp\/v2\/product_brand?post=334869"},{"taxonomy":"product_cat","embeddable":true,"href":"https:\/\/baldumarket.lt\/lt\/wp-json\/wp\/v2\/product_cat?post=334869"},{"taxonomy":"product_tag","embeddable":true,"href":"https:\/\/baldumarket.lt\/lt\/wp-json\/wp\/v2\/product_tag?post=334869"}],"curies":[{"name":"wp","href":"https:\/\/api.w.org\/{rel}","templated":true}]}}