{"id":334867,"date":"2026-03-07T00:51:34","date_gmt":"2026-03-06T21:51:34","guid":{"rendered":"https:\/\/baldumarket.lt\/?post_type=product&#038;p=334867"},"modified":"2026-03-28T11:20:34","modified_gmt":"2026-03-28T08:20:34","slug":"spinta-240-220-drabuziu-kabykla-lentynos-isoriniai-stalciai","status":"publish","type":"product","link":"https:\/\/baldumarket.lt\/lt\/product\/spinta-240-220-drabuziu-kabykla-lentynos-isoriniai-stalciai\/","title":{"rendered":"Spinta 240\/220 \u2013 drabu\u017ei\u0173 kabykla, lentynos, i\u0161oriniai stal\u010diai"},"content":{"rendered":"<p>Spintos i\u0161 e-meblast.pl \u2013 tai baldai, kuriuos galima lengvai pritaikyti prie bet kokio nam\u0173 ar buto interjero. M\u016bs\u0173 spintos da\u017enai pasirenkamos sve\u010di\u0173 kambariams ir miegamiesiems.<br \/>\nSpintos yra puiki vieta drabu\u017eiams ir asmeniniams daiktams laikyti. Tokiu b\u016bdu, kai gyventoj\u0173 asmeniniai daiktai yra pasl\u0117pti, interjeras tampa tvarkingas ir esteti\u0161kai patrauklus. Spintos taip pat tarnauja kaip sl\u0117ptuv\u0117s nieku\u010diams, patalynei, batams ir papuo\u0161alams.<br \/>\nSu 240\/220 spinta taip pat galite sutvarkyti erdv\u0119 vaiko kambaryje. Modeliai su patraukliais, moderniais ir madingais fasadais puikiai tinka tiek vyresni\u0173 vaik\u0173, tiek paaugli\u0173 kambariams, suteikdami asmeni\u0161kumo keturioms sienoms ir pad\u0117dami i\u0161laikyti kambar\u012f tvarking\u0105 ir organizuot\u0105.<br \/>\nRinkit\u0117s kokybi\u0161kas spintas i\u0161 lenk\u0173 bald\u0173 gamintojo.<\/p>","protected":false},"excerpt":{"rendered":"<p>Matmenys: Plotis: 240 cm Auk\u0161tis: 220 cm Gylis: 57 cm<\/p>","protected":false},"featured_media":334946,"comment_status":"open","ping_status":"closed","template":"","meta":[],"product_brand":[],"product_cat":[9857,9985,1177],"product_tag":[],"class_list":{"0":"post-334867","1":"product","2":"type-product","3":"status-publish","4":"has-post-thumbnail","6":"product_cat-meblast","7":"product_cat-sliding-wardrobes-meblast","8":"product_cat-wardrobes","10":"first","11":"instock","12":"shipping-taxable","13":"purchasable","14":"product-type-variable","15":"wvs-archive-product-wrapper"},"_links":{"self":[{"href":"https:\/\/baldumarket.lt\/lt\/wp-json\/wp\/v2\/product\/334867","targetHints":{"allow":["GET"]}}],"collection":[{"href":"https:\/\/baldumarket.lt\/lt\/wp-json\/wp\/v2\/product"}],"about":[{"href":"https:\/\/baldumarket.lt\/lt\/wp-json\/wp\/v2\/types\/product"}],"replies":[{"embeddable":true,"href":"https:\/\/baldumarket.lt\/lt\/wp-json\/wp\/v2\/comments?post=334867"}],"wp:featuredmedia":[{"embeddable":true,"href":"https:\/\/baldumarket.lt\/lt\/wp-json\/wp\/v2\/media\/334946"}],"wp:attachment":[{"href":"https:\/\/baldumarket.lt\/lt\/wp-json\/wp\/v2\/media?parent=334867"}],"wp:term":[{"taxonomy":"product_brand","embeddable":true,"href":"https:\/\/baldumarket.lt\/lt\/wp-json\/wp\/v2\/product_brand?post=334867"},{"taxonomy":"product_cat","embeddable":true,"href":"https:\/\/baldumarket.lt\/lt\/wp-json\/wp\/v2\/product_cat?post=334867"},{"taxonomy":"product_tag","embeddable":true,"href":"https:\/\/baldumarket.lt\/lt\/wp-json\/wp\/v2\/product_tag?post=334867"}],"curies":[{"name":"wp","href":"https:\/\/api.w.org\/{rel}","templated":true}]}}