{"id":334853,"date":"2026-03-07T00:51:02","date_gmt":"2026-03-06T21:51:02","guid":{"rendered":"https:\/\/baldumarket.lt\/?post_type=product&#038;p=334853"},"modified":"2026-03-28T11:48:55","modified_gmt":"2026-03-28T08:48:55","slug":"spinta-270-210-drabuziu-kabyklos-vidines-lentynos-isoriniai-stalciai","status":"publish","type":"product","link":"https:\/\/baldumarket.lt\/lt\/product\/spinta-270-210-drabuziu-kabyklos-vidines-lentynos-isoriniai-stalciai\/","title":{"rendered":"Spinta 270\/210 \u2013 drabu\u017ei\u0173 kabyklos, vidin\u0117s lentynos, i\u0161oriniai stal\u010diai"},"content":{"rendered":"<p>Ar j\u016bs\u0173 kambaryje yra ma\u017ea ni\u0161a ir ne\u017einote, kaip ja naudotis?<br \/>\n\u012esigykite tinkam\u0173 matmen\u0173 spint\u0105 su varstomomis durimis. e-meblast.pl rasite sprendim\u0173, kurie pad\u0117s funkcionaliai i\u0161d\u0117styti erdv\u0119.<br \/>\nSpinta su veidrod\u017eiu ar be jo?<br \/>\nVeidrodin\u0117s spintos yra nepakei\u010diamas interjero dizaino elementas, nepriklausomai nuo stiliaus. Jos derina funkcionalum\u0105 su \u012fdomiu dizainu. Veidrodin\u0117 spinta puikiai tinka erdviam miegamajam arba ma\u017eam prie\u0161kambariui. Veidrodin\u0117 spinta i\u0161 e-meblast.pl yra erdvi ir auk\u0161ta, tod\u0117l ji i\u0161lieka populiari daugelyje nam\u0173.<br \/>\nRinkit\u0117s spint\u0105 su veidrod\u017eiu, kuri pad\u0117s i\u0161laikyti tvark\u0105 ir organizuotum\u0105 j\u016bs\u0173 erdv\u0117je, tuo pa\u010diu u\u017etikrindama absoliut\u0173 komfort\u0105. Jei pasirinkote spint\u0105 be veidrod\u017eio, susisiekite su mumis, kad pakeistume dizain\u0105 \u2013 tai taip paprasta!<\/p>","protected":false},"excerpt":{"rendered":"<p>Matmenys:<br \/>\nPlotis: 270 cm<br \/>\nAuk\u0161tis: 210 cm<br \/>\nGylis: 57 cm<\/p>","protected":false},"featured_media":334941,"comment_status":"open","ping_status":"closed","template":"","meta":[],"product_brand":[],"product_cat":[9857,9985,1177],"product_tag":[],"class_list":{"0":"post-334853","1":"product","2":"type-product","3":"status-publish","4":"has-post-thumbnail","6":"product_cat-meblast","7":"product_cat-sliding-wardrobes-meblast","8":"product_cat-wardrobes","10":"first","11":"instock","12":"shipping-taxable","13":"purchasable","14":"product-type-variable","15":"wvs-archive-product-wrapper"},"_links":{"self":[{"href":"https:\/\/baldumarket.lt\/lt\/wp-json\/wp\/v2\/product\/334853","targetHints":{"allow":["GET"]}}],"collection":[{"href":"https:\/\/baldumarket.lt\/lt\/wp-json\/wp\/v2\/product"}],"about":[{"href":"https:\/\/baldumarket.lt\/lt\/wp-json\/wp\/v2\/types\/product"}],"replies":[{"embeddable":true,"href":"https:\/\/baldumarket.lt\/lt\/wp-json\/wp\/v2\/comments?post=334853"}],"wp:featuredmedia":[{"embeddable":true,"href":"https:\/\/baldumarket.lt\/lt\/wp-json\/wp\/v2\/media\/334941"}],"wp:attachment":[{"href":"https:\/\/baldumarket.lt\/lt\/wp-json\/wp\/v2\/media?parent=334853"}],"wp:term":[{"taxonomy":"product_brand","embeddable":true,"href":"https:\/\/baldumarket.lt\/lt\/wp-json\/wp\/v2\/product_brand?post=334853"},{"taxonomy":"product_cat","embeddable":true,"href":"https:\/\/baldumarket.lt\/lt\/wp-json\/wp\/v2\/product_cat?post=334853"},{"taxonomy":"product_tag","embeddable":true,"href":"https:\/\/baldumarket.lt\/lt\/wp-json\/wp\/v2\/product_tag?post=334853"}],"curies":[{"name":"wp","href":"https:\/\/api.w.org\/{rel}","templated":true}]}}