{"id":334851,"date":"2026-03-07T00:50:59","date_gmt":"2026-03-06T21:50:59","guid":{"rendered":"https:\/\/baldumarket.lt\/?post_type=product&#038;p=334851"},"modified":"2026-03-31T10:17:14","modified_gmt":"2026-03-31T07:17:14","slug":"kampine-spinta-pakabinamas-karnizas-lentynos","status":"publish","type":"product","link":"https:\/\/baldumarket.lt\/lt\/product\/kampine-spinta-pakabinamas-karnizas-lentynos\/","title":{"rendered":"Kampin\u0117 spinta \u2013 pakabinamas karnizas, lentynos"},"content":{"rendered":"<p>Ar turite ma\u017e\u0105 kambar\u012f?<br \/>\nI\u0161sirinkite kampin\u0119 spint\u0105 i\u0161 e-meblast.pl, kuri suteiks jums daug vietos daiktams susid\u0117ti, u\u017eimdama minimaliai vietos. \u0160i spinta maksimaliai i\u0161naudos erdv\u0119 j\u016bs\u0173 namuose, o sumanus daikt\u0173 i\u0161d\u0117stymas viduje leis lengviau sutvarkyti atskirus spintos elementus.<br \/>\nUniversalus kampin\u0117s spintos dizainas leid\u017eia j\u0105 naudoti kaip atskir\u0105 bald\u0105 arba kaip unikal\u0173 persirengimo kambario papildym\u0105. \u0160i spinta puikiai atrodys tiek pagrindiniame miegamajame, tiek paauglio kambaryje.<br \/>\nVienoje spintos dalyje yra penkios gilios ir erdvios lentynos, kuri\u0173 auk\u0161t\u012f taip pat galima reguliuoti, tod\u0117l erdv\u0119 galite pritaikyti pagal savo poreikius.<br \/>\nKitoje dalyje yra lentyna ir drabu\u017ei\u0173 kabykla, kuriuose galima susid\u0117ti \u012fvairius drabu\u017ei\u0173 spintos daiktus, tokius kaip mar\u0161kiniai, megztiniai, paltai ir striuk\u0117s.<br \/>\nTaip pat galite \u012fdiegti \u0161velnaus u\u017edarymo sistem\u0105, u\u017etikrinan\u010di\u0105 tyl\u0173 ir \u0161veln\u0173 u\u017edarym\u0105.<br \/>\nKampin\u0117 spinta yra \u012fvairi\u0173 spalv\u0173, suteiksianti j\u016bs\u0173 erdvei harmonijos ir elegancijos. Nepraleiskite \u0161ios progos ir i\u0161sirinkite m\u016bs\u0173 kampin\u0119 spint\u0105, kurioje dera funkcionalumas ir estetika. M\u0117gaukit\u0117s tvarkinga erdve savo namuose ir susikurkite erdv\u0119, kuri puikiai atspind\u0117t\u0173 j\u016bs\u0173 gyvenimo b\u016bd\u0105. Rinkit\u0117s auk\u0161tos kokyb\u0117s lenk\u0173 gamintojo spintas.<\/p>","protected":false},"excerpt":{"rendered":"<p>Matmenys:<br \/>\nPlotis: 85 x 85 cm<br \/>\nAuk\u0161tis: 200 cm<br \/>\nGylis: 53 cm<\/p>","protected":false},"featured_media":334933,"comment_status":"open","ping_status":"closed","template":"","meta":[],"product_brand":[],"product_cat":[9857,1177],"product_tag":[],"class_list":{"0":"post-334851","1":"product","2":"type-product","3":"status-publish","4":"has-post-thumbnail","6":"product_cat-meblast","7":"product_cat-wardrobes","9":"first","10":"instock","11":"shipping-taxable","12":"purchasable","13":"product-type-variable","14":"wvs-archive-product-wrapper"},"_links":{"self":[{"href":"https:\/\/baldumarket.lt\/lt\/wp-json\/wp\/v2\/product\/334851","targetHints":{"allow":["GET"]}}],"collection":[{"href":"https:\/\/baldumarket.lt\/lt\/wp-json\/wp\/v2\/product"}],"about":[{"href":"https:\/\/baldumarket.lt\/lt\/wp-json\/wp\/v2\/types\/product"}],"replies":[{"embeddable":true,"href":"https:\/\/baldumarket.lt\/lt\/wp-json\/wp\/v2\/comments?post=334851"}],"wp:featuredmedia":[{"embeddable":true,"href":"https:\/\/baldumarket.lt\/lt\/wp-json\/wp\/v2\/media\/334933"}],"wp:attachment":[{"href":"https:\/\/baldumarket.lt\/lt\/wp-json\/wp\/v2\/media?parent=334851"}],"wp:term":[{"taxonomy":"product_brand","embeddable":true,"href":"https:\/\/baldumarket.lt\/lt\/wp-json\/wp\/v2\/product_brand?post=334851"},{"taxonomy":"product_cat","embeddable":true,"href":"https:\/\/baldumarket.lt\/lt\/wp-json\/wp\/v2\/product_cat?post=334851"},{"taxonomy":"product_tag","embeddable":true,"href":"https:\/\/baldumarket.lt\/lt\/wp-json\/wp\/v2\/product_tag?post=334851"}],"curies":[{"name":"wp","href":"https:\/\/api.w.org\/{rel}","templated":true}]}}