{"id":334835,"date":"2026-03-07T00:50:28","date_gmt":"2026-03-06T21:50:28","guid":{"rendered":"https:\/\/baldumarket.lt\/?post_type=product&#038;p=334835"},"modified":"2026-03-27T12:20:59","modified_gmt":"2026-03-27T09:20:59","slug":"spinta-150-210-pakabinimo-karnizas-lentynos-vidiniai-stalciai","status":"publish","type":"product","link":"https:\/\/baldumarket.lt\/lt\/product\/spinta-150-210-pakabinimo-karnizas-lentynos-vidiniai-stalciai\/","title":{"rendered":"Spinta 150\/210 \u2013 pakabinimo karnizas, lentynos, vidiniai stal\u010diai"},"content":{"rendered":"<p>150\/210 cm varstoma spinta i\u0161 emeblast.pl yra daugelio moter\u0173 svajon\u0117s i\u0161sipildymas.<br \/>\nSi\u016blome puiki\u0105 alternatyv\u0105 j\u016bs\u0173 drabu\u017ei\u0173 spintai, kurioje gal\u0117site laikyti drabu\u017eius ir aksesuarus. M\u016bs\u0173 spintos u\u017etikrina patogi\u0105 prieig\u0105 prie turinio d\u0117l lengvai atidarom\u0173 dureli\u0173. Galite pritaikyti savo spintos i\u0161vaizd\u0105 ir turin\u012f pasirinkdami i\u0161 turim\u0173 modeli\u0173.<br \/>\nReikia kitos spalvos fasadams? Susisiekite su mumis.<br \/>\nPrid\u0117kite lentynas, kad optimizuotum\u0117te erdv\u0119 savo spintoje. Atraskite savo vidin\u012f interjero dizainer\u012f ir sukurkite savo svajoni\u0173 spint\u0105 su emeblast.pl.<br \/>\nLeiskite mums sukurti J\u016bs\u0173 poreikius atitinkan\u010di\u0105 spint\u0105. Rinkit\u0117s kokybi\u0161kus baldus i\u0161 Lenkijos gamintojo.<\/p>","protected":false},"excerpt":{"rendered":"<p>Matmenys:<br \/>\nPlotis: 150 cm<br \/>\nAuk\u0161tis: 210 cm<br \/>\nGylis: 56 cm<\/p>","protected":false},"featured_media":334930,"comment_status":"open","ping_status":"closed","template":"","meta":[],"product_brand":[],"product_cat":[9857,9985,1177],"product_tag":[],"class_list":{"0":"post-334835","1":"product","2":"type-product","3":"status-publish","4":"has-post-thumbnail","6":"product_cat-meblast","7":"product_cat-sliding-wardrobes-meblast","8":"product_cat-wardrobes","10":"first","11":"instock","12":"shipping-taxable","13":"purchasable","14":"product-type-variable","15":"wvs-archive-product-wrapper"},"_links":{"self":[{"href":"https:\/\/baldumarket.lt\/lt\/wp-json\/wp\/v2\/product\/334835","targetHints":{"allow":["GET"]}}],"collection":[{"href":"https:\/\/baldumarket.lt\/lt\/wp-json\/wp\/v2\/product"}],"about":[{"href":"https:\/\/baldumarket.lt\/lt\/wp-json\/wp\/v2\/types\/product"}],"replies":[{"embeddable":true,"href":"https:\/\/baldumarket.lt\/lt\/wp-json\/wp\/v2\/comments?post=334835"}],"wp:featuredmedia":[{"embeddable":true,"href":"https:\/\/baldumarket.lt\/lt\/wp-json\/wp\/v2\/media\/334930"}],"wp:attachment":[{"href":"https:\/\/baldumarket.lt\/lt\/wp-json\/wp\/v2\/media?parent=334835"}],"wp:term":[{"taxonomy":"product_brand","embeddable":true,"href":"https:\/\/baldumarket.lt\/lt\/wp-json\/wp\/v2\/product_brand?post=334835"},{"taxonomy":"product_cat","embeddable":true,"href":"https:\/\/baldumarket.lt\/lt\/wp-json\/wp\/v2\/product_cat?post=334835"},{"taxonomy":"product_tag","embeddable":true,"href":"https:\/\/baldumarket.lt\/lt\/wp-json\/wp\/v2\/product_tag?post=334835"}],"curies":[{"name":"wp","href":"https:\/\/api.w.org\/{rel}","templated":true}]}}