{"id":334833,"date":"2026-03-07T00:50:26","date_gmt":"2026-03-06T21:50:26","guid":{"rendered":"https:\/\/baldumarket.lt\/?post_type=product&#038;p=334833"},"modified":"2026-03-27T12:33:19","modified_gmt":"2026-03-27T09:33:19","slug":"spinta-200-220-pakabinimo-karnizas-vidines-lentynos-isoriniai-stalciai","status":"publish","type":"product","link":"https:\/\/baldumarket.lt\/lt\/product\/spinta-200-220-pakabinimo-karnizas-vidines-lentynos-isoriniai-stalciai\/","title":{"rendered":"Spinta 200\/220 \u2013 pakabinimo karnizas, vidin\u0117s lentynos, i\u0161oriniai stal\u010diai"},"content":{"rendered":"<p>200\/220 spinta i\u0161 e-meblast.pl \u2013 puikus pasirinkimas svetainei, miegamajam ir prie\u0161kambariui. Nesvarbu, ar kuriate atskir\u0105 persirengimo kambar\u012f, ar \u012frengiate miegam\u0105j\u012f, ar prie\u0161kambar\u012f, tinkamos spintos pasirinkimas yra labai svarbus.<\/p>\n<p>Joje turi tilpti dauguma j\u016bs\u0173 drabu\u017ei\u0173 ir kit\u0173 daikt\u0173, tod\u0117l svarbu tur\u0117ti daug lentyn\u0173 ir vietos pakabinti. Bet tai dar ne viskas! 200\/220 spinta taip pat turi tris labai didelius ir erdvius i\u0161orinius stal\u010dius, puikiai tinkan\u010dius laikyti visus aksesuarus, kuri\u0173 nenaudojate kasdien. Tai puikus sprendimas patalyn\u0117s, rank\u0161luos\u010di\u0173 ir kit\u0173 daikt\u0173 laikymui. Tvarkingas vidus, platus spalv\u0173 pasirinkimas ir unikalus dizainas daro \u0161\u012f model\u012f ne\u012ftik\u0117tinai patraukliu ir prakti\u0161ku.<br \/>\nRinkit\u0117s kokybi\u0161k\u0105 spint\u0105 i\u0161 lenk\u0173 bald\u0173 gamintojo.<\/p>","protected":false},"excerpt":{"rendered":"<p>Matmenys: Plotis: 200 cm Auk\u0161tis: 220 cm Gylis: 57 cm<\/p>","protected":false},"featured_media":334919,"comment_status":"open","ping_status":"closed","template":"","meta":[],"product_brand":[],"product_cat":[9857,9985,1177],"product_tag":[],"class_list":{"0":"post-334833","1":"product","2":"type-product","3":"status-publish","4":"has-post-thumbnail","6":"product_cat-meblast","7":"product_cat-sliding-wardrobes-meblast","8":"product_cat-wardrobes","10":"first","11":"instock","12":"shipping-taxable","13":"purchasable","14":"product-type-variable","15":"wvs-archive-product-wrapper"},"_links":{"self":[{"href":"https:\/\/baldumarket.lt\/lt\/wp-json\/wp\/v2\/product\/334833","targetHints":{"allow":["GET"]}}],"collection":[{"href":"https:\/\/baldumarket.lt\/lt\/wp-json\/wp\/v2\/product"}],"about":[{"href":"https:\/\/baldumarket.lt\/lt\/wp-json\/wp\/v2\/types\/product"}],"replies":[{"embeddable":true,"href":"https:\/\/baldumarket.lt\/lt\/wp-json\/wp\/v2\/comments?post=334833"}],"wp:featuredmedia":[{"embeddable":true,"href":"https:\/\/baldumarket.lt\/lt\/wp-json\/wp\/v2\/media\/334919"}],"wp:attachment":[{"href":"https:\/\/baldumarket.lt\/lt\/wp-json\/wp\/v2\/media?parent=334833"}],"wp:term":[{"taxonomy":"product_brand","embeddable":true,"href":"https:\/\/baldumarket.lt\/lt\/wp-json\/wp\/v2\/product_brand?post=334833"},{"taxonomy":"product_cat","embeddable":true,"href":"https:\/\/baldumarket.lt\/lt\/wp-json\/wp\/v2\/product_cat?post=334833"},{"taxonomy":"product_tag","embeddable":true,"href":"https:\/\/baldumarket.lt\/lt\/wp-json\/wp\/v2\/product_tag?post=334833"}],"curies":[{"name":"wp","href":"https:\/\/api.w.org\/{rel}","templated":true}]}}