{"id":33483,"date":"2025-11-14T23:02:07","date_gmt":"2025-11-14T20:02:07","guid":{"rendered":"https:\/\/baldumarket.lt\/product\/loze-magentta-stelaz-met-pod-gaz-kontener-180x200\/"},"modified":"2026-03-24T16:24:41","modified_gmt":"2026-03-24T13:24:41","slug":"loze-magentta-stelaz-met-pod-gaz-kontener-180x200","status":"publish","type":"product","link":"https:\/\/baldumarket.lt\/lt\/product\/loze-magentta-stelaz-met-pod-gaz-kontener-180x200\/","title":{"rendered":"Purpurin\u0117 lova + metalinis r\u0117mas\/dujos\/konteineris 180\u00d7200"},"content":{"rendered":"<p>\u201eMagentta\u201c lova apjungia modern\u0173 dizain\u0105, funkcionalum\u0105 ir i\u0161skirtin\u012f komfort\u0105. Apmu\u0161tas atlo\u0161as suteikia lovai eleganti\u0161k\u0105 i\u0161vaizd\u0105 ir jaukumo bet kuriame miegamajame. Tvirtas r\u0117mas ir atlo\u0161as, u\u017epildyti T2130 putomis, suteikia puiki\u0105 atram\u0105 ir komfort\u0105 tiek miegant, tiek ilsintis. Lova yra trij\u0173 dyd\u017ei\u0173: 140 cm, 160 cm ir 180 cm, tod\u0117l j\u0105 galima pritaikyti prie j\u016bs\u0173 kambario dyd\u017eio ir individuali\u0173 pageidavim\u0173. Metalinis r\u0117mas turi 36 lenteles, kurios tolygiai palaiko \u010diu\u017ein\u012f, padidindamos patvarum\u0105 ir komfort\u0105. Juoda metalin\u0117 koja suteikia tvirt\u0105 pagrind\u0105 ir pabr\u0117\u017eia minimalistin\u012f, modern\u0173 lovos charakter\u012f. Papildomas privalumas \u2013 patalyn\u0117s skyrius, kuriame galima prakti\u0161kai laikyti antklodes, pagalves ir kitus tekstil\u0117s gaminius, taupant viet\u0105. \u201eMagentta\u201c \u2013 puikus pasirinkimas tiems, kurie vertina modern\u0173 stili\u0173, komfort\u0105 ir funkcionalum\u0105.<\/p>","protected":false},"excerpt":{"rendered":"<p>\u201eMagentta\u201c lova apjungia modern\u0173 dizain\u0105, funkcionalum\u0105 ir i\u0161skirtin\u012f komfort\u0105. Apmu\u0161tas atlo\u0161as suteikia lovai eleganti\u0161k\u0105 i\u0161vaizd\u0105 ir jaukumo bet kuriame miegamajame. Tvirtas r\u0117mas ir atlo\u0161as, u\u017epildyti T2130 putomis, suteikia puiki\u0105 atram\u0105 ir komfort\u0105 tiek miegant, tiek ilsintis. Galima rinktis i\u0161 trij\u0173 dyd\u017ei\u0173: 140 cm, 160 cm ir [\u2026]<\/p>","protected":false},"featured_media":33301,"comment_status":"open","ping_status":"open","template":"","meta":[],"product_brand":[],"product_cat":[505,1972,2012],"product_tag":[],"class_list":{"0":"post-33483","1":"product","2":"type-product","3":"status-publish","4":"has-post-thumbnail","6":"product_cat-bedroom-beds","7":"product_cat-beds-180x200","8":"product_cat-eltap","10":"first","11":"instock","12":"purchasable","13":"product-type-variable","14":"wvs-archive-product-wrapper"},"_links":{"self":[{"href":"https:\/\/baldumarket.lt\/lt\/wp-json\/wp\/v2\/product\/33483","targetHints":{"allow":["GET"]}}],"collection":[{"href":"https:\/\/baldumarket.lt\/lt\/wp-json\/wp\/v2\/product"}],"about":[{"href":"https:\/\/baldumarket.lt\/lt\/wp-json\/wp\/v2\/types\/product"}],"replies":[{"embeddable":true,"href":"https:\/\/baldumarket.lt\/lt\/wp-json\/wp\/v2\/comments?post=33483"}],"wp:featuredmedia":[{"embeddable":true,"href":"https:\/\/baldumarket.lt\/lt\/wp-json\/wp\/v2\/media\/33301"}],"wp:attachment":[{"href":"https:\/\/baldumarket.lt\/lt\/wp-json\/wp\/v2\/media?parent=33483"}],"wp:term":[{"taxonomy":"product_brand","embeddable":true,"href":"https:\/\/baldumarket.lt\/lt\/wp-json\/wp\/v2\/product_brand?post=33483"},{"taxonomy":"product_cat","embeddable":true,"href":"https:\/\/baldumarket.lt\/lt\/wp-json\/wp\/v2\/product_cat?post=33483"},{"taxonomy":"product_tag","embeddable":true,"href":"https:\/\/baldumarket.lt\/lt\/wp-json\/wp\/v2\/product_tag?post=33483"}],"curies":[{"name":"wp","href":"https:\/\/api.w.org\/{rel}","templated":true}]}}