{"id":334820,"date":"2026-03-07T00:49:50","date_gmt":"2026-03-06T21:49:50","guid":{"rendered":"https:\/\/baldumarket.lt\/?post_type=product&#038;p=334820"},"modified":"2026-03-27T12:37:11","modified_gmt":"2026-03-27T09:37:11","slug":"spinta-200-242-drabuziu-kabykla-vidines-lentynos-isoriniai-stalciai","status":"publish","type":"product","link":"https:\/\/baldumarket.lt\/lt\/product\/spinta-200-242-drabuziu-kabykla-vidines-lentynos-isoriniai-stalciai\/","title":{"rendered":"Spinta 200\/242 \u2013 drabu\u017ei\u0173 kabykla, vidin\u0117s lentynos, i\u0161oriniai stal\u010diai"},"content":{"rendered":"<p>Svarstote, kuri spinta geriausiai tiks j\u016bs\u0173 erdvei? Rekomenduojame 200\/242 spint\u0105 i\u0161 e-meblast.pl. Projektuojant atskir\u0105 persirengimo kambar\u012f, miegam\u0105j\u012f ar prie\u0161kambar\u012f, labai svarbu pasirinkti spint\u0105. Nepriklausomai nuo kambario, kuriam ji skirta, joje turi tilpti visi j\u016bs\u0173 drabu\u017eiai ir daugyb\u0117 aksesuar\u0173. \u0160tai kod\u0117l taip svarbu, kad spintoje b\u016bt\u0173 kuo daugiau lentyn\u0173 ir vietos pakabinti daiktus. Nepakanka vietos daiktams susid\u0117ti? Mes turime sprendim\u0105!<\/p>\n<p>Pasirink\u0119 200\/242 spint\u0105, be pakab\u0173 ir lentyn\u0173, tur\u0117site ir keturis didelius, erdvius i\u0161orinius stal\u010dius. Gal\u0117site laikyti daiktus, kuri\u0173 nenaudojate kasdien. Tvarkingas vidus, platus spalv\u0173 pasirinkimas ir unikalus dizainas daro \u0161\u012f model\u012f nepaprastai patraukliu ir prakti\u0161ku.<br \/>\nRinkit\u0117s kokybi\u0161kus baldus i\u0161 Lenkijos gamintojo.<\/p>","protected":false},"excerpt":{"rendered":"<p>Matmenys: Plotis: 200 cm Auk\u0161tis: 242 cm Gylis: 60 cm<\/p>","protected":false},"featured_media":334915,"comment_status":"open","ping_status":"closed","template":"","meta":[],"product_brand":[],"product_cat":[9857,9985,1177],"product_tag":[],"class_list":{"0":"post-334820","1":"product","2":"type-product","3":"status-publish","4":"has-post-thumbnail","6":"product_cat-meblast","7":"product_cat-sliding-wardrobes-meblast","8":"product_cat-wardrobes","10":"first","11":"instock","12":"shipping-taxable","13":"purchasable","14":"product-type-variable","15":"wvs-archive-product-wrapper"},"_links":{"self":[{"href":"https:\/\/baldumarket.lt\/lt\/wp-json\/wp\/v2\/product\/334820","targetHints":{"allow":["GET"]}}],"collection":[{"href":"https:\/\/baldumarket.lt\/lt\/wp-json\/wp\/v2\/product"}],"about":[{"href":"https:\/\/baldumarket.lt\/lt\/wp-json\/wp\/v2\/types\/product"}],"replies":[{"embeddable":true,"href":"https:\/\/baldumarket.lt\/lt\/wp-json\/wp\/v2\/comments?post=334820"}],"wp:featuredmedia":[{"embeddable":true,"href":"https:\/\/baldumarket.lt\/lt\/wp-json\/wp\/v2\/media\/334915"}],"wp:attachment":[{"href":"https:\/\/baldumarket.lt\/lt\/wp-json\/wp\/v2\/media?parent=334820"}],"wp:term":[{"taxonomy":"product_brand","embeddable":true,"href":"https:\/\/baldumarket.lt\/lt\/wp-json\/wp\/v2\/product_brand?post=334820"},{"taxonomy":"product_cat","embeddable":true,"href":"https:\/\/baldumarket.lt\/lt\/wp-json\/wp\/v2\/product_cat?post=334820"},{"taxonomy":"product_tag","embeddable":true,"href":"https:\/\/baldumarket.lt\/lt\/wp-json\/wp\/v2\/product_tag?post=334820"}],"curies":[{"name":"wp","href":"https:\/\/api.w.org\/{rel}","templated":true}]}}