{"id":334818,"date":"2026-03-07T00:49:45","date_gmt":"2026-03-06T21:49:45","guid":{"rendered":"https:\/\/baldumarket.lt\/?post_type=product&#038;p=334818"},"modified":"2026-03-28T11:17:23","modified_gmt":"2026-03-28T08:17:23","slug":"spinta-225-210-drabuziu-kabykla-vidines-lentynos-isoriniai-stalciai","status":"publish","type":"product","link":"https:\/\/baldumarket.lt\/lt\/product\/spinta-225-210-drabuziu-kabykla-vidines-lentynos-isoriniai-stalciai\/","title":{"rendered":"Spinta 225\/210 \u2013 drabu\u017ei\u0173 kabykla, vidin\u0117s lentynos, i\u0161oriniai stal\u010diai"},"content":{"rendered":"<p>Reikia erdvios ir funkcionalios spintos, kurioje tilps visi j\u016bs\u0173 drabu\u017eiai? 225\/210 spinta su atidaromomis durimis i\u0161 e-meblast.pl yra puikus sprendimas ie\u0161kantiems moderni\u0173 ir unikali\u0173 sprendim\u0173. Pasirink\u0119 225\/210 spint\u0105, gausite ne tik esteti\u0161kai patraukl\u0173, bet ir prakti\u0161k\u0105 sprendim\u0105. Atidaromos spintos yra patogus ir i\u0161manus b\u016bdas sutvarkyti savo erdv\u0119!<br \/>\nTinkama spinta puikiai der\u0117s prie bet kokio interjero. Jei j\u016bs\u0173 kambariai dekoruoti moderniu stiliumi, m\u016bs\u0173 pasirinkimas, pasi\u017eymintis paprastomis, minimalistin\u0117mis ir eleganti\u0161komis linijomis, tikrai pateisins j\u016bs\u0173 l\u016bkes\u010dius. Klasikinio interjero m\u0117g\u0117jams paruo\u0161\u0117me unikalias spintas, kuri\u0173 dizainas, spalv\u0173 palet\u0117 ir ra\u0161tai atkartoja tradicinius sprendimus. Bet kuri\u0105 j\u016bs\u0173 pasirinkt\u0105 spint\u0105 galime pritaikyti pagal j\u016bs\u0173 poreikius \u2013 susisiekite su mumis.<br \/>\nRinkit\u0117s lenk\u0173 gamintojo 225\/210 spint\u0105, pagamint\u0105 i\u0161 auk\u0161tos kokyb\u0117s med\u017eiag\u0173, kad gal\u0117tum\u0117te ja d\u017eiaugtis ilgus metus.<\/p>","protected":false},"excerpt":{"rendered":"<p>Matmenys: Plotis: 225 cm Auk\u0161tis: 210 cm Gylis: 57 cm<\/p>","protected":false},"featured_media":334910,"comment_status":"open","ping_status":"closed","template":"","meta":[],"product_brand":[],"product_cat":[9857,9985,1177],"product_tag":[],"class_list":{"0":"post-334818","1":"product","2":"type-product","3":"status-publish","4":"has-post-thumbnail","6":"product_cat-meblast","7":"product_cat-sliding-wardrobes-meblast","8":"product_cat-wardrobes","10":"first","11":"instock","12":"shipping-taxable","13":"purchasable","14":"product-type-variable","15":"wvs-archive-product-wrapper"},"_links":{"self":[{"href":"https:\/\/baldumarket.lt\/lt\/wp-json\/wp\/v2\/product\/334818","targetHints":{"allow":["GET"]}}],"collection":[{"href":"https:\/\/baldumarket.lt\/lt\/wp-json\/wp\/v2\/product"}],"about":[{"href":"https:\/\/baldumarket.lt\/lt\/wp-json\/wp\/v2\/types\/product"}],"replies":[{"embeddable":true,"href":"https:\/\/baldumarket.lt\/lt\/wp-json\/wp\/v2\/comments?post=334818"}],"wp:featuredmedia":[{"embeddable":true,"href":"https:\/\/baldumarket.lt\/lt\/wp-json\/wp\/v2\/media\/334910"}],"wp:attachment":[{"href":"https:\/\/baldumarket.lt\/lt\/wp-json\/wp\/v2\/media?parent=334818"}],"wp:term":[{"taxonomy":"product_brand","embeddable":true,"href":"https:\/\/baldumarket.lt\/lt\/wp-json\/wp\/v2\/product_brand?post=334818"},{"taxonomy":"product_cat","embeddable":true,"href":"https:\/\/baldumarket.lt\/lt\/wp-json\/wp\/v2\/product_cat?post=334818"},{"taxonomy":"product_tag","embeddable":true,"href":"https:\/\/baldumarket.lt\/lt\/wp-json\/wp\/v2\/product_tag?post=334818"}],"curies":[{"name":"wp","href":"https:\/\/api.w.org\/{rel}","templated":true}]}}