{"id":334816,"date":"2026-03-07T00:49:43","date_gmt":"2026-03-06T21:49:43","guid":{"rendered":"https:\/\/baldumarket.lt\/?post_type=product&#038;p=334816"},"modified":"2026-03-28T11:31:20","modified_gmt":"2026-03-28T08:31:20","slug":"spinta-250-220-drabuziu-kabyklos-vidines-lentynos-isoriniai-stalciai","status":"publish","type":"product","link":"https:\/\/baldumarket.lt\/lt\/product\/spinta-250-220-drabuziu-kabyklos-vidines-lentynos-isoriniai-stalciai\/","title":{"rendered":"Spinta 250\/220 \u2013 drabu\u017ei\u0173 kabyklos, vidin\u0117s lentynos, i\u0161oriniai stal\u010diai"},"content":{"rendered":"<p>Planuojate apstatyti savo but\u0105 ir ie\u0161kote bald\u0173, kurie b\u016bt\u0173 ne tik funkcional\u016bs ir prakti\u0161ki, bet ir nepriekai\u0161tingai pagaminti?<br \/>\nNorite b\u016bti tikri, kad j\u016bs\u0173 pirkiniai atlaikys laiko i\u0161bandym\u0105 ir i\u0161laikys nepriekai\u0161ting\u0105 i\u0161vaizd\u0105? Tuo pa\u010diu metu nenorite permok\u0117ti? M\u016bs\u0173 drabu\u017ei\u0173 spint\u0173 pasirinkimas \u2013 puikus pasirinkimas.<br \/>\nGarantuojame plat\u0173 modeli\u0173 pasirinkim\u0105, kad kiekvienas rast\u0173 sau idealiai tinkan\u010di\u0105 spint\u0105. Si\u016blome dideles ir erdvias spintas, kurios puikiai dera tiek su moderniu, tiek su tradiciniu interjeru. Pirmenyb\u0119 teikiame kokybi\u0161koms med\u017eiagoms ir kruop\u0161\u010diai r\u016bpinam\u0117s net ir ma\u017eiausiomis detal\u0117mis. Tai rei\u0161kia, kad pasirink\u0119 modernias spintas i\u0161 e-meblast.pl, galite b\u016bti visi\u0161kai patenkinti.<br \/>\nMes u\u017etikriname ne tik auk\u0161t\u0105 darb\u0173 kokyb\u0119, bet ir patrauklias kainas. M\u016bs\u0173 tikslas \u2013 klientams pasi\u016blyti puikius baldus, atitinkan\u010dius j\u0173 l\u016bkes\u010dius, u\u017e prieinam\u0105 kain\u0105. Platus modeli\u0173 pasirinkimas leis jums tikrai rasti spint\u0105, kuri puikiai atitiks j\u016bs\u0173 stili\u0173 ir poreikius.<br \/>\nPasirinkdami m\u016bs\u0173 spintas, investuojate \u012f patvar\u0173 ir funkcional\u0173 sprendim\u0105, kuris tikrai d\u017eiugins jus ilg\u0105 laik\u0105.<\/p>","protected":false},"excerpt":{"rendered":"<p>Matmenys:<br \/>\nPlotis: 250 cm<br \/>\nAuk\u0161tis: 220 cm<br \/>\nGylis: 57 cm<\/p>","protected":false},"featured_media":334904,"comment_status":"open","ping_status":"closed","template":"","meta":[],"product_brand":[],"product_cat":[9857,9985,1177],"product_tag":[],"class_list":{"0":"post-334816","1":"product","2":"type-product","3":"status-publish","4":"has-post-thumbnail","6":"product_cat-meblast","7":"product_cat-sliding-wardrobes-meblast","8":"product_cat-wardrobes","10":"first","11":"instock","12":"shipping-taxable","13":"purchasable","14":"product-type-variable","15":"wvs-archive-product-wrapper"},"_links":{"self":[{"href":"https:\/\/baldumarket.lt\/lt\/wp-json\/wp\/v2\/product\/334816","targetHints":{"allow":["GET"]}}],"collection":[{"href":"https:\/\/baldumarket.lt\/lt\/wp-json\/wp\/v2\/product"}],"about":[{"href":"https:\/\/baldumarket.lt\/lt\/wp-json\/wp\/v2\/types\/product"}],"replies":[{"embeddable":true,"href":"https:\/\/baldumarket.lt\/lt\/wp-json\/wp\/v2\/comments?post=334816"}],"wp:featuredmedia":[{"embeddable":true,"href":"https:\/\/baldumarket.lt\/lt\/wp-json\/wp\/v2\/media\/334904"}],"wp:attachment":[{"href":"https:\/\/baldumarket.lt\/lt\/wp-json\/wp\/v2\/media?parent=334816"}],"wp:term":[{"taxonomy":"product_brand","embeddable":true,"href":"https:\/\/baldumarket.lt\/lt\/wp-json\/wp\/v2\/product_brand?post=334816"},{"taxonomy":"product_cat","embeddable":true,"href":"https:\/\/baldumarket.lt\/lt\/wp-json\/wp\/v2\/product_cat?post=334816"},{"taxonomy":"product_tag","embeddable":true,"href":"https:\/\/baldumarket.lt\/lt\/wp-json\/wp\/v2\/product_tag?post=334816"}],"curies":[{"name":"wp","href":"https:\/\/api.w.org\/{rel}","templated":true}]}}