{"id":334801,"date":"2026-03-07T00:49:03","date_gmt":"2026-03-06T21:49:03","guid":{"rendered":"https:\/\/baldumarket.lt\/?post_type=product&#038;p=334801"},"modified":"2026-03-28T11:43:24","modified_gmt":"2026-03-28T08:43:24","slug":"spinta-260-240-drabuziu-kabyklos-vidines-lentynos-isoriniai-stalciai","status":"publish","type":"product","link":"https:\/\/baldumarket.lt\/lt\/product\/spinta-260-240-drabuziu-kabyklos-vidines-lentynos-isoriniai-stalciai\/","title":{"rendered":"Spinta 260\/240 \u2013 drabu\u017ei\u0173 kabyklos, vidin\u0117s lentynos, i\u0161oriniai stal\u010diai"},"content":{"rendered":"<p>\u0160i moderni ir itin prakti\u0161ka spinta su varstomomis durimis yra i\u0161skirtinai funkcionalus, erdvus ir gerai \u012frengtas baldas.<\/p>\n<p>Lentynos, b\u0117geliai ir stal\u010diai padidina jo funkcionalum\u0105. Komplekt\u0105 sudaro 6 atskiri segmentai (3 apatin\u0117s ir 3 vir\u0161utin\u0117s dalys), kurie kartu sukuria erdvi\u0105 spint\u0105. Kiekvienas segmentas turi skirting\u0105 funkcionalum\u0105 ir paskirt\u012f, o juos sujungus sukursite ne\u012ftik\u0117tinai erdv\u0173 komplekt\u0105, kuriame tilps visi j\u016bs\u0173 daiktai. Jei pageidaujate, spintas galima pastatyti ir atskirai, o tai yra neabejotinas privalumas.<\/p>\n<p>Rinkit\u0117s auk\u0161tos kokyb\u0117s baldus i\u0161 Lenkijos gamintojo.<\/p>","protected":false},"excerpt":{"rendered":"<p>Matmenys:<br \/>\nPlotis: 260 cm<br \/>\nAuk\u0161tis: 240 cm<br \/>\nGylis: 56 cm<\/p>","protected":false},"featured_media":334893,"comment_status":"open","ping_status":"closed","template":"","meta":[],"product_brand":[],"product_cat":[9857,9985,1177],"product_tag":[],"class_list":{"0":"post-334801","1":"product","2":"type-product","3":"status-publish","4":"has-post-thumbnail","6":"product_cat-meblast","7":"product_cat-sliding-wardrobes-meblast","8":"product_cat-wardrobes","10":"first","11":"instock","12":"shipping-taxable","13":"purchasable","14":"product-type-variable","15":"wvs-archive-product-wrapper"},"_links":{"self":[{"href":"https:\/\/baldumarket.lt\/lt\/wp-json\/wp\/v2\/product\/334801","targetHints":{"allow":["GET"]}}],"collection":[{"href":"https:\/\/baldumarket.lt\/lt\/wp-json\/wp\/v2\/product"}],"about":[{"href":"https:\/\/baldumarket.lt\/lt\/wp-json\/wp\/v2\/types\/product"}],"replies":[{"embeddable":true,"href":"https:\/\/baldumarket.lt\/lt\/wp-json\/wp\/v2\/comments?post=334801"}],"wp:featuredmedia":[{"embeddable":true,"href":"https:\/\/baldumarket.lt\/lt\/wp-json\/wp\/v2\/media\/334893"}],"wp:attachment":[{"href":"https:\/\/baldumarket.lt\/lt\/wp-json\/wp\/v2\/media?parent=334801"}],"wp:term":[{"taxonomy":"product_brand","embeddable":true,"href":"https:\/\/baldumarket.lt\/lt\/wp-json\/wp\/v2\/product_brand?post=334801"},{"taxonomy":"product_cat","embeddable":true,"href":"https:\/\/baldumarket.lt\/lt\/wp-json\/wp\/v2\/product_cat?post=334801"},{"taxonomy":"product_tag","embeddable":true,"href":"https:\/\/baldumarket.lt\/lt\/wp-json\/wp\/v2\/product_tag?post=334801"}],"curies":[{"name":"wp","href":"https:\/\/api.w.org\/{rel}","templated":true}]}}