{"id":334799,"date":"2026-03-07T00:48:58","date_gmt":"2026-03-06T21:48:58","guid":{"rendered":"https:\/\/baldumarket.lt\/?post_type=product&#038;p=334799"},"modified":"2026-03-26T11:55:08","modified_gmt":"2026-03-26T08:55:08","slug":"prieskambaris-120-prieskambario-spinta-su-sedyne-stalciais-uzdaromis-lentynomis","status":"publish","type":"product","link":"https:\/\/baldumarket.lt\/lt\/product\/prieskambaris-120-prieskambario-spinta-su-sedyne-stalciais-uzdaromis-lentynomis\/","title":{"rendered":"Prie\u0161kambaris 120 \u2013 prie\u0161kambario spinta su s\u0117dyne, stal\u010diais, u\u017edaromis lentynomis"},"content":{"rendered":"<p>Ie\u0161kote modernios spintos su s\u0117dyne savo prie\u0161kambariui? Apsilankykite emeblast.pl.<br \/>\nPrie\u0161kambaris atlieka svarb\u0173 vaidmen\u012f kaip kiekvien\u0173 nam\u0173 ar buto vitrina, tod\u0117l jo dekor\u0105 reik\u0117t\u0173 atid\u017eiai apgalvoti. Verta investuoti \u012f funkcionali\u0105 ir esteti\u0161k\u0105 spint\u0105 su s\u0117dyne ir pakabomis. Kadangi prie\u0161kambariuose paprastai yra ma\u017eai erdv\u0117s, gerai suprojektuoti baldai yra b\u016btini funkcionalumui.<br \/>\nRinkit\u0117s kokybi\u0161kus baldus i\u0161 Lenkijos gamintojo.<\/p>","protected":false},"excerpt":{"rendered":"<p>Matmenys:<br \/>\nPlotis: 120 cm<br \/>\nAuk\u0161tis: 200 cm<br \/>\nGylis: 40 cm<\/p>","protected":false},"featured_media":334890,"comment_status":"open","ping_status":"closed","template":"","meta":[],"product_brand":[],"product_cat":[9857,9985,1177],"product_tag":[],"class_list":{"0":"post-334799","1":"product","2":"type-product","3":"status-publish","4":"has-post-thumbnail","6":"product_cat-meblast","7":"product_cat-sliding-wardrobes-meblast","8":"product_cat-wardrobes","10":"first","11":"instock","12":"shipping-taxable","13":"purchasable","14":"product-type-variable","15":"wvs-archive-product-wrapper"},"_links":{"self":[{"href":"https:\/\/baldumarket.lt\/lt\/wp-json\/wp\/v2\/product\/334799","targetHints":{"allow":["GET"]}}],"collection":[{"href":"https:\/\/baldumarket.lt\/lt\/wp-json\/wp\/v2\/product"}],"about":[{"href":"https:\/\/baldumarket.lt\/lt\/wp-json\/wp\/v2\/types\/product"}],"replies":[{"embeddable":true,"href":"https:\/\/baldumarket.lt\/lt\/wp-json\/wp\/v2\/comments?post=334799"}],"wp:featuredmedia":[{"embeddable":true,"href":"https:\/\/baldumarket.lt\/lt\/wp-json\/wp\/v2\/media\/334890"}],"wp:attachment":[{"href":"https:\/\/baldumarket.lt\/lt\/wp-json\/wp\/v2\/media?parent=334799"}],"wp:term":[{"taxonomy":"product_brand","embeddable":true,"href":"https:\/\/baldumarket.lt\/lt\/wp-json\/wp\/v2\/product_brand?post=334799"},{"taxonomy":"product_cat","embeddable":true,"href":"https:\/\/baldumarket.lt\/lt\/wp-json\/wp\/v2\/product_cat?post=334799"},{"taxonomy":"product_tag","embeddable":true,"href":"https:\/\/baldumarket.lt\/lt\/wp-json\/wp\/v2\/product_tag?post=334799"}],"curies":[{"name":"wp","href":"https:\/\/api.w.org\/{rel}","templated":true}]}}