{"id":334797,"date":"2026-03-07T00:48:54","date_gmt":"2026-03-06T21:48:54","guid":{"rendered":"https:\/\/baldumarket.lt\/?post_type=product&#038;p=334797"},"modified":"2026-03-31T10:17:14","modified_gmt":"2026-03-31T07:17:14","slug":"spinta-866-su-metaline-strypu-ir-lentynomis-drabuziams","status":"publish","type":"product","link":"https:\/\/baldumarket.lt\/lt\/product\/spinta-866-su-metaline-strypu-ir-lentynomis-drabuziams\/","title":{"rendered":"Spinta 866 su metaline strypu ir lentynomis drabu\u017eiams"},"content":{"rendered":"<p>Spinta su pakaba ir lentynomis \u2013 kompakti\u0161ka, funkcionali, ideali ma\u017eoms erdv\u0117ms<br \/>\nIe\u0161kote prakti\u0161ko drabu\u017ei\u0173 laikymo sprendimo, kur\u012f tilpt\u0173 net ir ma\u017eoje erdv\u0117je? M\u016bs\u0173 spinta su pakaba ir lentynomis yra puikus pasirinkimas. J\u0105 galite pastatyti koridoriuje, vaiko kambaryje, miegamajame ar net svetain\u0117je. Joje yra viskas, ko reikia tvarkingam daikt\u0173 laikymui \u2013 neu\u017eimant daug vietos.<\/p>","protected":false},"excerpt":{"rendered":"<p>Matmenys:<br \/>\nAuk\u0161tis: 240 cm<br \/>\nPlotis: 86,6 cm<br \/>\nGylis: 54 cm<\/p>","protected":false},"featured_media":334880,"comment_status":"open","ping_status":"closed","template":"","meta":[],"product_brand":[],"product_cat":[9857,1177],"product_tag":[],"class_list":{"0":"post-334797","1":"product","2":"type-product","3":"status-publish","4":"has-post-thumbnail","6":"product_cat-meblast","7":"product_cat-wardrobes","9":"first","10":"instock","11":"shipping-taxable","12":"purchasable","13":"product-type-variable","14":"wvs-archive-product-wrapper"},"_links":{"self":[{"href":"https:\/\/baldumarket.lt\/lt\/wp-json\/wp\/v2\/product\/334797","targetHints":{"allow":["GET"]}}],"collection":[{"href":"https:\/\/baldumarket.lt\/lt\/wp-json\/wp\/v2\/product"}],"about":[{"href":"https:\/\/baldumarket.lt\/lt\/wp-json\/wp\/v2\/types\/product"}],"replies":[{"embeddable":true,"href":"https:\/\/baldumarket.lt\/lt\/wp-json\/wp\/v2\/comments?post=334797"}],"wp:featuredmedia":[{"embeddable":true,"href":"https:\/\/baldumarket.lt\/lt\/wp-json\/wp\/v2\/media\/334880"}],"wp:attachment":[{"href":"https:\/\/baldumarket.lt\/lt\/wp-json\/wp\/v2\/media?parent=334797"}],"wp:term":[{"taxonomy":"product_brand","embeddable":true,"href":"https:\/\/baldumarket.lt\/lt\/wp-json\/wp\/v2\/product_brand?post=334797"},{"taxonomy":"product_cat","embeddable":true,"href":"https:\/\/baldumarket.lt\/lt\/wp-json\/wp\/v2\/product_cat?post=334797"},{"taxonomy":"product_tag","embeddable":true,"href":"https:\/\/baldumarket.lt\/lt\/wp-json\/wp\/v2\/product_tag?post=334797"}],"curies":[{"name":"wp","href":"https:\/\/api.w.org\/{rel}","templated":true}]}}