{"id":334778,"date":"2026-03-07T00:48:15","date_gmt":"2026-03-06T21:48:15","guid":{"rendered":"https:\/\/baldumarket.lt\/?post_type=product&#038;p=334778"},"modified":"2026-03-23T17:39:52","modified_gmt":"2026-03-23T14:39:52","slug":"434-kolona-su-drabuziu-kabykla-ir-lentynomis","status":"publish","type":"product","link":"https:\/\/baldumarket.lt\/lt\/product\/434-kolona-su-drabuziu-kabykla-ir-lentynomis\/","title":{"rendered":"434 kolona su drabu\u017ei\u0173 kabykla ir lentynomis"},"content":{"rendered":"<p>Kolona su strypu ir lentynomis \u2013 i\u0161pl\u0117skite erdv\u0119 taip, kaip norite<br \/>\nJau\u010diate, kad j\u016bs\u0173 spintoje tr\u016bksta vietos? O galb\u016bt jums reikia papildomos vietos daiktams laikyti koridoriuje, miegamajame ar vaiko kambaryje? Kolona su strypu ir lentynomis yra puikus sprendimas, kai norite greitai ir patogiai sukurti daugiau erdv\u0117s \u2013 nekeisdami vis\u0173 bald\u0173.<\/p>","protected":false},"excerpt":{"rendered":"<p>Matmenys:<br \/>\nAuk\u0161tis: 240 cm<br \/>\nPlotis: 43,4 cm<br \/>\nGylis: 54 cm<\/p>","protected":false},"featured_media":334877,"comment_status":"open","ping_status":"closed","template":"","meta":[],"product_brand":[],"product_cat":[9857,1987],"product_tag":[],"class_list":{"0":"post-334778","1":"product","2":"type-product","3":"status-publish","4":"has-post-thumbnail","6":"product_cat-meblast","7":"product_cat-shelving-units","9":"first","10":"instock","11":"shipping-taxable","12":"purchasable","13":"product-type-variable","14":"wvs-archive-product-wrapper"},"_links":{"self":[{"href":"https:\/\/baldumarket.lt\/lt\/wp-json\/wp\/v2\/product\/334778","targetHints":{"allow":["GET"]}}],"collection":[{"href":"https:\/\/baldumarket.lt\/lt\/wp-json\/wp\/v2\/product"}],"about":[{"href":"https:\/\/baldumarket.lt\/lt\/wp-json\/wp\/v2\/types\/product"}],"replies":[{"embeddable":true,"href":"https:\/\/baldumarket.lt\/lt\/wp-json\/wp\/v2\/comments?post=334778"}],"wp:featuredmedia":[{"embeddable":true,"href":"https:\/\/baldumarket.lt\/lt\/wp-json\/wp\/v2\/media\/334877"}],"wp:attachment":[{"href":"https:\/\/baldumarket.lt\/lt\/wp-json\/wp\/v2\/media?parent=334778"}],"wp:term":[{"taxonomy":"product_brand","embeddable":true,"href":"https:\/\/baldumarket.lt\/lt\/wp-json\/wp\/v2\/product_brand?post=334778"},{"taxonomy":"product_cat","embeddable":true,"href":"https:\/\/baldumarket.lt\/lt\/wp-json\/wp\/v2\/product_cat?post=334778"},{"taxonomy":"product_tag","embeddable":true,"href":"https:\/\/baldumarket.lt\/lt\/wp-json\/wp\/v2\/product_tag?post=334778"}],"curies":[{"name":"wp","href":"https:\/\/api.w.org\/{rel}","templated":true}]}}