{"id":334776,"date":"2026-03-07T00:48:11","date_gmt":"2026-03-06T21:48:11","guid":{"rendered":"https:\/\/baldumarket.lt\/?post_type=product&#038;p=334776"},"modified":"2026-03-31T10:17:14","modified_gmt":"2026-03-31T07:17:14","slug":"spinta-90-su-lentynomis-ir-drabuziu-pakaba","status":"publish","type":"product","link":"https:\/\/baldumarket.lt\/lt\/product\/spinta-90-su-lentynomis-ir-drabuziu-pakaba\/","title":{"rendered":"Spinta 90 su lentynomis ir drabu\u017ei\u0173 pakaba"},"content":{"rendered":"<p>Universali spinta su pakaba ir lentynomis \u2013 tvarkingai i\u0161d\u0117styti daiktai pagal j\u016bs\u0173 stili\u0173<br \/>\nReikia prakti\u0161kos spintos, kuri neu\u017eimt\u0173 daug vietos, bet vis tiek tilpt\u0173 viskas, ko jums reikia? M\u016bs\u0173 90 coli\u0173 spinta su pakaba ir lentynomis puikiai tiks bet kokiam interjerui \u2013 nuo prie\u0161kambario iki vaiko kambario ar svetain\u0117s.<\/p>\n<p>D\u0117l kompakti\u0161ko dizaino jis puikiai tinka ma\u017eoms erdv\u0117ms, o funkcionalus i\u0161d\u0117stymas u\u017etikrina patog\u0173 drabu\u017ei\u0173, aksesuar\u0173 ir nam\u0173 tekstil\u0117s laikym\u0105.<\/p>","protected":false},"excerpt":{"rendered":"<p>Matmenys:<br \/>\nPlotis: 90 cm<br \/>\nAuk\u0161tis: 220 cm<br \/>\nGylis: 57 cm<\/p>","protected":false},"featured_media":334874,"comment_status":"open","ping_status":"closed","template":"","meta":[],"product_brand":[],"product_cat":[9857,1177],"product_tag":[],"class_list":{"0":"post-334776","1":"product","2":"type-product","3":"status-publish","4":"has-post-thumbnail","6":"product_cat-meblast","7":"product_cat-wardrobes","9":"first","10":"instock","11":"shipping-taxable","12":"purchasable","13":"product-type-variable","14":"wvs-archive-product-wrapper"},"_links":{"self":[{"href":"https:\/\/baldumarket.lt\/lt\/wp-json\/wp\/v2\/product\/334776","targetHints":{"allow":["GET"]}}],"collection":[{"href":"https:\/\/baldumarket.lt\/lt\/wp-json\/wp\/v2\/product"}],"about":[{"href":"https:\/\/baldumarket.lt\/lt\/wp-json\/wp\/v2\/types\/product"}],"replies":[{"embeddable":true,"href":"https:\/\/baldumarket.lt\/lt\/wp-json\/wp\/v2\/comments?post=334776"}],"wp:featuredmedia":[{"embeddable":true,"href":"https:\/\/baldumarket.lt\/lt\/wp-json\/wp\/v2\/media\/334874"}],"wp:attachment":[{"href":"https:\/\/baldumarket.lt\/lt\/wp-json\/wp\/v2\/media?parent=334776"}],"wp:term":[{"taxonomy":"product_brand","embeddable":true,"href":"https:\/\/baldumarket.lt\/lt\/wp-json\/wp\/v2\/product_brand?post=334776"},{"taxonomy":"product_cat","embeddable":true,"href":"https:\/\/baldumarket.lt\/lt\/wp-json\/wp\/v2\/product_cat?post=334776"},{"taxonomy":"product_tag","embeddable":true,"href":"https:\/\/baldumarket.lt\/lt\/wp-json\/wp\/v2\/product_tag?post=334776"}],"curies":[{"name":"wp","href":"https:\/\/api.w.org\/{rel}","templated":true}]}}