{"id":334762,"date":"2026-03-07T00:47:34","date_gmt":"2026-03-06T21:47:34","guid":{"rendered":"https:\/\/baldumarket.lt\/?post_type=product&#038;p=334762"},"modified":"2026-03-23T17:39:52","modified_gmt":"2026-03-23T14:39:52","slug":"50-kolonu-su-strypu-ir-lentynomis-puikus-jusu-spintos-pratesimas","status":"publish","type":"product","link":"https:\/\/baldumarket.lt\/lt\/product\/50-kolonu-su-strypu-ir-lentynomis-puikus-jusu-spintos-pratesimas\/","title":{"rendered":"50 kolon\u0173 su strypu ir lentynomis \u2013 puikus j\u016bs\u0173 spintos prat\u0119simas"},"content":{"rendered":"<p>Kolona su pakabinamu b\u0117geliu ir lentynomis \u2013 ma\u017eas baldas, didelis pokytis<br \/>\nVis dar tr\u016bksta vietos drabu\u017eiams? O galb\u016bt norite sumaniai susitvarkyti kampel\u012f ar i\u0161pl\u0117sti savo garderob\u0105? 50 kolon\u0173 spinta su pakaba ir lentynomis \u2013 puikus, kompakti\u0161kas sprendimas, stebinantis savo funkcionalumu.<\/p>","protected":false},"excerpt":{"rendered":"<p>Matmenys:<br \/>\nPlotis: 50 cm<br \/>\nAuk\u0161tis: 220 cm<br \/>\nGylis: 57 cm<\/p>","protected":false},"featured_media":334871,"comment_status":"open","ping_status":"closed","template":"","meta":[],"product_brand":[],"product_cat":[9857,1987],"product_tag":[],"class_list":{"0":"post-334762","1":"product","2":"type-product","3":"status-publish","4":"has-post-thumbnail","6":"product_cat-meblast","7":"product_cat-shelving-units","9":"first","10":"instock","11":"shipping-taxable","12":"purchasable","13":"product-type-variable","14":"wvs-archive-product-wrapper"},"_links":{"self":[{"href":"https:\/\/baldumarket.lt\/lt\/wp-json\/wp\/v2\/product\/334762","targetHints":{"allow":["GET"]}}],"collection":[{"href":"https:\/\/baldumarket.lt\/lt\/wp-json\/wp\/v2\/product"}],"about":[{"href":"https:\/\/baldumarket.lt\/lt\/wp-json\/wp\/v2\/types\/product"}],"replies":[{"embeddable":true,"href":"https:\/\/baldumarket.lt\/lt\/wp-json\/wp\/v2\/comments?post=334762"}],"wp:featuredmedia":[{"embeddable":true,"href":"https:\/\/baldumarket.lt\/lt\/wp-json\/wp\/v2\/media\/334871"}],"wp:attachment":[{"href":"https:\/\/baldumarket.lt\/lt\/wp-json\/wp\/v2\/media?parent=334762"}],"wp:term":[{"taxonomy":"product_brand","embeddable":true,"href":"https:\/\/baldumarket.lt\/lt\/wp-json\/wp\/v2\/product_brand?post=334762"},{"taxonomy":"product_cat","embeddable":true,"href":"https:\/\/baldumarket.lt\/lt\/wp-json\/wp\/v2\/product_cat?post=334762"},{"taxonomy":"product_tag","embeddable":true,"href":"https:\/\/baldumarket.lt\/lt\/wp-json\/wp\/v2\/product_tag?post=334762"}],"curies":[{"name":"wp","href":"https:\/\/api.w.org\/{rel}","templated":true}]}}