{"id":334760,"date":"2026-03-07T00:47:32","date_gmt":"2026-03-06T21:47:32","guid":{"rendered":"https:\/\/baldumarket.lt\/?post_type=product&#038;p=334760"},"modified":"2026-03-28T11:54:42","modified_gmt":"2026-03-28T08:54:42","slug":"spinta-270-220-drabuziu-kabykla-vidines-lentynos-6-erdvus-stalciai","status":"publish","type":"product","link":"https:\/\/baldumarket.lt\/lt\/product\/spinta-270-220-drabuziu-kabykla-vidines-lentynos-6-erdvus-stalciai\/","title":{"rendered":"Spinta 270\/220 \u2013 drabu\u017ei\u0173 kabykla, vidin\u0117s lentynos, 6 erdv\u016bs stal\u010diai"},"content":{"rendered":"<p>Svarstote, ar e-meblast.pl spintoje tilps visi j\u016bs\u0173 drabu\u017eiai, batai, aksesuarai ir kiti daiktai?<br \/>\nRinkit\u0117s tikrai erdvi\u0105 spint\u0105, kuri puikiai tiks tiek miegamajam, tiek funkcionaliai sutvarkys j\u016bs\u0173 prie\u0161kambario erdv\u0119. Platus modeli\u0173 ir stili\u0173 pasirinkimas leid\u017eia spint\u0105 naudoti kaip ry\u0161k\u0173 bald\u0105 svetain\u0117je ar valgomajame. Galite pasirinkti dur\u0173 tip\u0105, med\u017eiag\u0105 ir spalv\u0105, kad spinta idealiai der\u0117t\u0173 prie j\u016bs\u0173 interjero.<br \/>\nRenkantis drabu\u017ei\u0173 spint\u0105, atsi\u017evelkite \u012f kelis veiksnius, tokius kaip spalva ir suderinamumas su kambario dekoru, taip pat dydis, stilius, funkcionalumas ir atidarymo b\u016bdas.<br \/>\nSpinta su varstomomis durimis yra geras pasirinkimas. Ji prakti\u0161ka ir patogi, geriausiai tinka didesn\u0117ms svetain\u0117ms arba persirengimo kambariams.<br \/>\nAuk\u0161tos spintos tinka ilgiems drabu\u017eiams, pavyzd\u017eiui, paltams ar kombinezonams, laikyti, tod\u0117l jos puikiai tinka prie\u0161kambariui.<br \/>\nBald\u0173 pasirinkimas e-meblast.pl svetain\u0117je yra platus, ir kiekvienas ras sau tobul\u0105 bald\u0105. Rinkit\u0117s kokybi\u0161kus Lenkijos gamintojo baldus ir m\u0117gaukit\u0117s jais daugel\u012f met\u0173.<\/p>","protected":false},"excerpt":{"rendered":"<p>Matmenys:<br \/>\nPlotis: 270 cm<br \/>\nAuk\u0161tis: 220 cm<br \/>\nGylis: 57 cm<\/p>","protected":false},"featured_media":334861,"comment_status":"open","ping_status":"closed","template":"","meta":[],"product_brand":[],"product_cat":[9857,9985,1177],"product_tag":[],"class_list":{"0":"post-334760","1":"product","2":"type-product","3":"status-publish","4":"has-post-thumbnail","6":"product_cat-meblast","7":"product_cat-sliding-wardrobes-meblast","8":"product_cat-wardrobes","10":"first","11":"instock","12":"shipping-taxable","13":"purchasable","14":"product-type-variable","15":"wvs-archive-product-wrapper"},"_links":{"self":[{"href":"https:\/\/baldumarket.lt\/lt\/wp-json\/wp\/v2\/product\/334760","targetHints":{"allow":["GET"]}}],"collection":[{"href":"https:\/\/baldumarket.lt\/lt\/wp-json\/wp\/v2\/product"}],"about":[{"href":"https:\/\/baldumarket.lt\/lt\/wp-json\/wp\/v2\/types\/product"}],"replies":[{"embeddable":true,"href":"https:\/\/baldumarket.lt\/lt\/wp-json\/wp\/v2\/comments?post=334760"}],"wp:featuredmedia":[{"embeddable":true,"href":"https:\/\/baldumarket.lt\/lt\/wp-json\/wp\/v2\/media\/334861"}],"wp:attachment":[{"href":"https:\/\/baldumarket.lt\/lt\/wp-json\/wp\/v2\/media?parent=334760"}],"wp:term":[{"taxonomy":"product_brand","embeddable":true,"href":"https:\/\/baldumarket.lt\/lt\/wp-json\/wp\/v2\/product_brand?post=334760"},{"taxonomy":"product_cat","embeddable":true,"href":"https:\/\/baldumarket.lt\/lt\/wp-json\/wp\/v2\/product_cat?post=334760"},{"taxonomy":"product_tag","embeddable":true,"href":"https:\/\/baldumarket.lt\/lt\/wp-json\/wp\/v2\/product_tag?post=334760"}],"curies":[{"name":"wp","href":"https:\/\/api.w.org\/{rel}","templated":true}]}}