{"id":334758,"date":"2026-03-07T00:47:31","date_gmt":"2026-03-06T21:47:31","guid":{"rendered":"https:\/\/baldumarket.lt\/?post_type=product&#038;p=334758"},"modified":"2026-03-28T11:59:08","modified_gmt":"2026-03-28T08:59:08","slug":"spinta-280-220-drabuziu-kabykla-vidines-lentynos-erdvus-isoriniai-stalciai","status":"publish","type":"product","link":"https:\/\/baldumarket.lt\/lt\/product\/spinta-280-220-drabuziu-kabykla-vidines-lentynos-erdvus-isoriniai-stalciai\/","title":{"rendered":"Spinta 280\/220 \u2013 drabu\u017ei\u0173 kabykla, vidin\u0117s lentynos, erdv\u016bs i\u0161oriniai stal\u010diai"},"content":{"rendered":"<p>Drabu\u017ein\u0117 \u2013 b\u016btinas kiekvien\u0173 nam\u0173 atributas.<br \/>\nErdvus ir funkcionalus e-meblast.pl si\u016blomos 280\/220 spintos interjeras leid\u017eia efektyviai organizuoti ir tvarkingai laikyti j\u016bs\u0173 garderobe. Rafinuotas stilius ir estetinis dizainas paver\u010dia \u0161i\u0105 spint\u0105 i\u0161skirtine detale. Ji puikiai tinka miegamajame, prie\u0161kambaryje ar net paauglio kambaryje.<br \/>\n280\/220 spinta su atidaromomis durel\u0117mis \u2013 prakti\u0161kas sprendimas j\u016bs\u0173 namams. Tai baldas, kuris ne tik palengvina kasdien\u012f gyvenim\u0105, bet ir yra patogus naudoti. Jo vidus leid\u017eia patogiai susid\u0117ti visus drabu\u017eius ir daiktus, taip pat laikyti tuos, kuriuos naudojate re\u010diau.<br \/>\nErdvios lentynos, i\u0161traukiami stal\u010diai ir drabu\u017ei\u0173 pakabos \u2013 puikus b\u016bdas palaikyti tvark\u0105 ir apgalvotai i\u0161d\u0117styti daiktus, o tai savo ruo\u017etu padeda greitai rasti visk\u0105, ko reikia. Verta investuoti \u012f spintas, pagamintas i\u0161 auk\u0161tos kokyb\u0117s med\u017eiag\u0173 ir pagamintas Lenkijos gamintojo. \u0160io tipo baldai tarnaus daugel\u012f met\u0173.<\/p>","protected":false},"excerpt":{"rendered":"<p>Matmenys:<br \/>\nPlotis: 280 cm<br \/>\nAuk\u0161tis: 220 cm<br \/>\nGylis: 57 cm<\/p>","protected":false},"featured_media":334855,"comment_status":"open","ping_status":"closed","template":"","meta":[],"product_brand":[],"product_cat":[9857,9985,1177],"product_tag":[],"class_list":{"0":"post-334758","1":"product","2":"type-product","3":"status-publish","4":"has-post-thumbnail","6":"product_cat-meblast","7":"product_cat-sliding-wardrobes-meblast","8":"product_cat-wardrobes","10":"first","11":"instock","12":"shipping-taxable","13":"purchasable","14":"product-type-variable","15":"wvs-archive-product-wrapper"},"_links":{"self":[{"href":"https:\/\/baldumarket.lt\/lt\/wp-json\/wp\/v2\/product\/334758","targetHints":{"allow":["GET"]}}],"collection":[{"href":"https:\/\/baldumarket.lt\/lt\/wp-json\/wp\/v2\/product"}],"about":[{"href":"https:\/\/baldumarket.lt\/lt\/wp-json\/wp\/v2\/types\/product"}],"replies":[{"embeddable":true,"href":"https:\/\/baldumarket.lt\/lt\/wp-json\/wp\/v2\/comments?post=334758"}],"wp:featuredmedia":[{"embeddable":true,"href":"https:\/\/baldumarket.lt\/lt\/wp-json\/wp\/v2\/media\/334855"}],"wp:attachment":[{"href":"https:\/\/baldumarket.lt\/lt\/wp-json\/wp\/v2\/media?parent=334758"}],"wp:term":[{"taxonomy":"product_brand","embeddable":true,"href":"https:\/\/baldumarket.lt\/lt\/wp-json\/wp\/v2\/product_brand?post=334758"},{"taxonomy":"product_cat","embeddable":true,"href":"https:\/\/baldumarket.lt\/lt\/wp-json\/wp\/v2\/product_cat?post=334758"},{"taxonomy":"product_tag","embeddable":true,"href":"https:\/\/baldumarket.lt\/lt\/wp-json\/wp\/v2\/product_tag?post=334758"}],"curies":[{"name":"wp","href":"https:\/\/api.w.org\/{rel}","templated":true}]}}