{"id":334738,"date":"2026-03-07T00:46:57","date_gmt":"2026-03-06T21:46:57","guid":{"rendered":"https:\/\/baldumarket.lt\/?post_type=product&#038;p=334738"},"modified":"2026-03-28T12:25:09","modified_gmt":"2026-03-28T09:25:09","slug":"spinta-300-240-drabuziu-kabyklos-vidines-lentynos-erdvus-isoriniai-stalciai","status":"publish","type":"product","link":"https:\/\/baldumarket.lt\/lt\/product\/spinta-300-240-drabuziu-kabyklos-vidines-lentynos-erdvus-isoriniai-stalciai\/","title":{"rendered":"Spinta 300\/240 \u2013 drabu\u017ei\u0173 kabyklos, vidin\u0117s lentynos, erdv\u016bs i\u0161oriniai stal\u010diai"},"content":{"rendered":"<p>Ie\u0161kote funkcionalios ir erdvios spintos savo namams? Rekomenduojame e-meblast.pl parduodam\u0105 300\/240 spint\u0105, kurioje, d\u0117ka prailginimo, tilps dar daugiau daikt\u0173.<br \/>\n300\/240 spinta papuo\u0161 j\u016bs\u0173 miegam\u0105j\u012f ar prie\u0161kambar\u012f. Ji derina modern\u0173 stili\u0173 su funkcionalumu ir puikiai tiks daugumoje interjer\u0173. Viduje yra daugyb\u0117 lentyn\u0173, stal\u010di\u0173 ir drabu\u017ei\u0173 pakab\u0173, kurios leis jums sutvarkyti savo garderob\u0105.<br \/>\n300\/240 spinta taip pat puikiai papildys j\u016bs\u0173 svetain\u0119. Modelis su veidrod\u017eiu priekyje vizualiai padidins kambar\u012f, o viduje su lentynomis ir drabu\u017ei\u0173 pakabomis tilps ne tik drabu\u017eiai, bet ir didesni daiktai.<br \/>\nSpinta pagaminta i\u0161 auk\u0161tos kokyb\u0117s 18 mm storio laminuotos plok\u0161t\u0117s. Spintos komponentai papildomai sutvirtinti itin patvariu 0,8 mm storio PVC kra\u0161tu, u\u017etikrinan\u010diu ilgesn\u012f tarnavimo laik\u0105. Be to, spinta turi prailginim\u0105, suteikiant\u012f daugiau vietos daiktams susid\u0117ti. Paprasta forma ir modernus dizainas pritrauks ne tik sve\u010di\u0173 d\u0117mes\u012f.<\/p>\n<p>Renkuosi nesenstan\u010dio stiliaus baldus i\u0161 lenk\u0173 gamintojo.<\/p>","protected":false},"excerpt":{"rendered":"<p>Matmenys:<br \/>\nPlotis: 300 cm<br \/>\nAuk\u0161tis: 240 cm<br \/>\nGylis: 57 cm<\/p>","protected":false},"featured_media":334844,"comment_status":"open","ping_status":"closed","template":"","meta":[],"product_brand":[],"product_cat":[9857,9985,1177],"product_tag":[],"class_list":{"0":"post-334738","1":"product","2":"type-product","3":"status-publish","4":"has-post-thumbnail","6":"product_cat-meblast","7":"product_cat-sliding-wardrobes-meblast","8":"product_cat-wardrobes","10":"first","11":"instock","12":"shipping-taxable","13":"purchasable","14":"product-type-variable","15":"wvs-archive-product-wrapper"},"_links":{"self":[{"href":"https:\/\/baldumarket.lt\/lt\/wp-json\/wp\/v2\/product\/334738","targetHints":{"allow":["GET"]}}],"collection":[{"href":"https:\/\/baldumarket.lt\/lt\/wp-json\/wp\/v2\/product"}],"about":[{"href":"https:\/\/baldumarket.lt\/lt\/wp-json\/wp\/v2\/types\/product"}],"replies":[{"embeddable":true,"href":"https:\/\/baldumarket.lt\/lt\/wp-json\/wp\/v2\/comments?post=334738"}],"wp:featuredmedia":[{"embeddable":true,"href":"https:\/\/baldumarket.lt\/lt\/wp-json\/wp\/v2\/media\/334844"}],"wp:attachment":[{"href":"https:\/\/baldumarket.lt\/lt\/wp-json\/wp\/v2\/media?parent=334738"}],"wp:term":[{"taxonomy":"product_brand","embeddable":true,"href":"https:\/\/baldumarket.lt\/lt\/wp-json\/wp\/v2\/product_brand?post=334738"},{"taxonomy":"product_cat","embeddable":true,"href":"https:\/\/baldumarket.lt\/lt\/wp-json\/wp\/v2\/product_cat?post=334738"},{"taxonomy":"product_tag","embeddable":true,"href":"https:\/\/baldumarket.lt\/lt\/wp-json\/wp\/v2\/product_tag?post=334738"}],"curies":[{"name":"wp","href":"https:\/\/api.w.org\/{rel}","templated":true}]}}