{"id":334736,"date":"2026-03-07T00:46:56","date_gmt":"2026-03-06T21:46:56","guid":{"rendered":"https:\/\/baldumarket.lt\/?post_type=product&#038;p=334736"},"modified":"2026-03-29T10:27:49","modified_gmt":"2026-03-29T07:27:49","slug":"spinta-360-220-drabuziu-kabyklos-vidines-lentynos-isoriniai-stalciai-spinteles-veidrodis","status":"publish","type":"product","link":"https:\/\/baldumarket.lt\/lt\/product\/spinta-360-220-drabuziu-kabyklos-vidines-lentynos-isoriniai-stalciai-spinteles-veidrodis\/","title":{"rendered":"Spinta 360\/220 \u2013 drabu\u017ei\u0173 kabyklos, vidin\u0117s lentynos, i\u0161oriniai stal\u010diai, spintel\u0117s, veidrodis"},"content":{"rendered":"<p>Atraskite moderni\u0105 ir ne\u012ftik\u0117tinai prakti\u0161k\u0105 360\/220 spint\u0105 su varstomomis durimis.<br \/>\n\u0160i funkcionali spinta yra ne tik erdvi, bet ir funkcionali \u2013 apr\u016bpinta lentynomis, b\u0117geliais ir stal\u010diais.<br \/>\nKomplekt\u0105 sudaro keturi atskiri segmentai, kurie kartu sudaro erdvi\u0105 spint\u0105. Prireikus spintas galima i\u0161d\u0117styti atskirai. Kiekvienas segmentas turi skirting\u0105 funkcionalum\u0105 ir paskirt\u012f, o juos sujungus sukuriamas ne\u012ftik\u0117tinai erdvus komplektas, kuriame tilps tiesiogine prasme viskas!<br \/>\nSpinta 360\/220 puikiai tinka tiek kaip spinta miegamajame, tiek kaip funkcionalus sprendimas prie\u0161kambario ni\u0161oje. Jos universalumas ir talpumas leis vienoje vietoje laikyti \u012fvairius drabu\u017eius ir aksesuarus, u\u017etikrinant lengv\u0105 prieig\u0105 prie j\u0173.<br \/>\nReikia modifikacijos? Susisiekite su mumis \u0161iandien. I\u0161sirinkite kokybi\u0161kus baldus i\u0161 e-meblast.pl<\/p>","protected":false},"excerpt":{"rendered":"<p>Matmenys:<br \/>\nPlotis: 360 cm<br \/>\nAuk\u0161tis: 220 cm<br \/>\nGylis: 57 cm<\/p>","protected":false},"featured_media":334837,"comment_status":"open","ping_status":"closed","template":"","meta":[],"product_brand":[],"product_cat":[9857,9985,1177],"product_tag":[],"class_list":{"0":"post-334736","1":"product","2":"type-product","3":"status-publish","4":"has-post-thumbnail","6":"product_cat-meblast","7":"product_cat-sliding-wardrobes-meblast","8":"product_cat-wardrobes","10":"first","11":"instock","12":"shipping-taxable","13":"purchasable","14":"product-type-variable","15":"wvs-archive-product-wrapper"},"_links":{"self":[{"href":"https:\/\/baldumarket.lt\/lt\/wp-json\/wp\/v2\/product\/334736","targetHints":{"allow":["GET"]}}],"collection":[{"href":"https:\/\/baldumarket.lt\/lt\/wp-json\/wp\/v2\/product"}],"about":[{"href":"https:\/\/baldumarket.lt\/lt\/wp-json\/wp\/v2\/types\/product"}],"replies":[{"embeddable":true,"href":"https:\/\/baldumarket.lt\/lt\/wp-json\/wp\/v2\/comments?post=334736"}],"wp:featuredmedia":[{"embeddable":true,"href":"https:\/\/baldumarket.lt\/lt\/wp-json\/wp\/v2\/media\/334837"}],"wp:attachment":[{"href":"https:\/\/baldumarket.lt\/lt\/wp-json\/wp\/v2\/media?parent=334736"}],"wp:term":[{"taxonomy":"product_brand","embeddable":true,"href":"https:\/\/baldumarket.lt\/lt\/wp-json\/wp\/v2\/product_brand?post=334736"},{"taxonomy":"product_cat","embeddable":true,"href":"https:\/\/baldumarket.lt\/lt\/wp-json\/wp\/v2\/product_cat?post=334736"},{"taxonomy":"product_tag","embeddable":true,"href":"https:\/\/baldumarket.lt\/lt\/wp-json\/wp\/v2\/product_tag?post=334736"}],"curies":[{"name":"wp","href":"https:\/\/api.w.org\/{rel}","templated":true}]}}