{"id":334734,"date":"2026-03-07T00:46:54","date_gmt":"2026-03-06T21:46:54","guid":{"rendered":"https:\/\/baldumarket.lt\/?post_type=product&#038;p=334734"},"modified":"2026-03-30T09:25:10","modified_gmt":"2026-03-30T06:25:10","slug":"spinta-400-220-drabuziu-kabykla-vidines-lentynos-isoriniai-stalciai-veidrodis","status":"publish","type":"product","link":"https:\/\/baldumarket.lt\/lt\/product\/spinta-400-220-drabuziu-kabykla-vidines-lentynos-isoriniai-stalciai-veidrodis\/","title":{"rendered":"Spinta 400\/220 \u2013 drabu\u017ei\u0173 kabykla, vidin\u0117s lentynos, i\u0161oriniai stal\u010diai, veidrodis"},"content":{"rendered":"<p>J\u016bs\u0173 persirengimo kambariui, miegamajam ar svetainei \u2013 ne\u012ftik\u0117tinai erdvi spinta, kurioje tilps visi j\u016bs\u0173 drabu\u017eiai, batai, kasdieniai daiktai ir smulk\u016bs daiktai.<\/p>\n<p>Atraskite 400\/220 drabu\u017ei\u0173 spint\u0105 i\u0161 e-meblast.pl<br \/>\n400\/220 spinta buvo sukurta siekiant maksimaliai padidinti daikt\u0173 laikymo erdv\u0119. \u012erengta daugybe pried\u0173, ji u\u017etikrina puiki\u0105 tvark\u0105 ir patogi\u0105 prieig\u0105 prie drabu\u017ei\u0173 bei kit\u0173 daikt\u0173.<br \/>\nSpintoje rasite keturis pakabos skersinius drabu\u017eiams, du i\u0161 j\u0173 skirti ilgesniems daiktams, pavyzd\u017eiui, paltams ar suknel\u0117ms, o kiti du \u2013 trumpesniems, pavyzd\u017eiui, mar\u0161kiniams ar sijonams. Tai puikus sprendimas norint tvarkingai laikyti drabu\u017eius ir i\u0161laikyti juos be rauk\u0161li\u0173.<\/p>\n<p>Daugyb\u0117 lentyn\u0173, u\u017edaryt\u0173 u\u017e dureli\u0173, leid\u017eia tvarkingai laikyti \u012fvairius daiktus. Nesvarbu, ar tai batai, rankin\u0117s, aksesuarai ar kiti smulk\u016bs daiktai, viskas ras savo viet\u0105 viduje.<br \/>\nBe to, spintos i\u0161or\u0117je yra keturi labai erdv\u016bs, dideli stal\u010diai. Tai puiki vieta laikyti daiktus, kuriuos norite laikyti po ranka, bet neb\u016btinai pasl\u0117ptus. \u0160iuose stal\u010diuose telpa \u012fvair\u016bs daiktai \u2013 nuo apatini\u0173 drabu\u017ei\u0173 ir kojini\u0173 iki aksesuar\u0173 ir dokument\u0173.<br \/>\n\u0160i erdvi spinta \u2013 sprendimas tiems, kurie vertina tvark\u0105, organizuotum\u0105 ir funkcionalum\u0105. Nesvarbu, ar jums reikia vietos nuolat augan\u010diai drabu\u017ei\u0173 kolekcijai, ar norite tvarkingai susid\u0117ti aksesuarus ir nieku\u010dius, \u0161i spinta pateisins j\u016bs\u0173 l\u016bkes\u010dius.<br \/>\nNegai\u0161kite laiko ie\u0161kodami tobulos spintos \u2013 \u0161i didel\u0117, erdvi spinta pasiruo\u0161usi sutalpinti visk\u0105, ko norite. Pakabinkite drabu\u017eius ant pakab\u0173, sutvarkykite daiktus lentynose ir laikykite ma\u017eesnius daiktus stal\u010diuose. Kontroliuokite savo erdv\u0119 ir m\u0117gaukit\u0117s tvarkingu interjeru su \u0161ia puikia Lenkijos gamintojo spinta.<\/p>","protected":false},"excerpt":{"rendered":"<p>Matmenys:<br \/>\nPlotis: 400 cm<br \/>\nAuk\u0161tis: 220 cm<br \/>\nGylis: 57 cm<\/p>","protected":false},"featured_media":334825,"comment_status":"open","ping_status":"closed","template":"","meta":[],"product_brand":[],"product_cat":[9857,9985,1177],"product_tag":[],"class_list":{"0":"post-334734","1":"product","2":"type-product","3":"status-publish","4":"has-post-thumbnail","6":"product_cat-meblast","7":"product_cat-sliding-wardrobes-meblast","8":"product_cat-wardrobes","10":"first","11":"instock","12":"shipping-taxable","13":"purchasable","14":"product-type-variable","15":"wvs-archive-product-wrapper"},"_links":{"self":[{"href":"https:\/\/baldumarket.lt\/lt\/wp-json\/wp\/v2\/product\/334734","targetHints":{"allow":["GET"]}}],"collection":[{"href":"https:\/\/baldumarket.lt\/lt\/wp-json\/wp\/v2\/product"}],"about":[{"href":"https:\/\/baldumarket.lt\/lt\/wp-json\/wp\/v2\/types\/product"}],"replies":[{"embeddable":true,"href":"https:\/\/baldumarket.lt\/lt\/wp-json\/wp\/v2\/comments?post=334734"}],"wp:featuredmedia":[{"embeddable":true,"href":"https:\/\/baldumarket.lt\/lt\/wp-json\/wp\/v2\/media\/334825"}],"wp:attachment":[{"href":"https:\/\/baldumarket.lt\/lt\/wp-json\/wp\/v2\/media?parent=334734"}],"wp:term":[{"taxonomy":"product_brand","embeddable":true,"href":"https:\/\/baldumarket.lt\/lt\/wp-json\/wp\/v2\/product_brand?post=334734"},{"taxonomy":"product_cat","embeddable":true,"href":"https:\/\/baldumarket.lt\/lt\/wp-json\/wp\/v2\/product_cat?post=334734"},{"taxonomy":"product_tag","embeddable":true,"href":"https:\/\/baldumarket.lt\/lt\/wp-json\/wp\/v2\/product_tag?post=334734"}],"curies":[{"name":"wp","href":"https:\/\/api.w.org\/{rel}","templated":true}]}}