{"id":334715,"date":"2026-03-07T00:46:17","date_gmt":"2026-03-06T21:46:17","guid":{"rendered":"https:\/\/baldumarket.lt\/?post_type=product&#038;p=334715"},"modified":"2026-03-27T12:25:24","modified_gmt":"2026-03-27T09:25:24","slug":"spinta-150-242-pakabinimo-karnizas-lentynos-isoriniai-stalciai-prailginimas","status":"publish","type":"product","link":"https:\/\/baldumarket.lt\/lt\/product\/spinta-150-242-pakabinimo-karnizas-lentynos-isoriniai-stalciai-prailginimas\/","title":{"rendered":"Spinta 150\/242 \u2013 pakabinimo karnizas, lentynos, i\u0161oriniai stal\u010diai, prailginimas"},"content":{"rendered":"<p>Pristatome 150\u00d7242 cm dyd\u017eio atvir\u0105 spint\u0105, kuri tikrai pateisins j\u016bs\u0173 l\u016bkes\u010dius.<br \/>\n\u0160i funkcionali spinta buvo sukurta atsi\u017evelgiant \u012f optimal\u0173 erdv\u0117s panaudojim\u0105 ir drabu\u017ei\u0173 bei aksesuar\u0173 laikym\u0105.<br \/>\n150 \u00d7 242 cm dyd\u017eio spinta i\u0161 emeblast.pl turi tris erdvius stal\u010dius, kuriuose patogu laikyti ma\u017eesnius daiktus, tokius kaip apatiniai, kojin\u0117s ir aksesuarai. Sutvarkyti savo spint\u0105 bus lengviau ir efektyviau.<br \/>\nDaugyb\u0117 spintos lentyn\u0173 suteikia papildomos vietos daiktams susid\u0117ti. Jas galite naudoti nor\u0117dami sur\u016b\u0161iuoti savo garderob\u0105 pagal kategorij\u0105, sezon\u0105 ar stili\u0173, taip u\u017etikrindami lengv\u0105 prieig\u0105 prie vis\u0173 drabu\u017ei\u0173 ir aksesuar\u0173.<br \/>\n150 \u00d7 242 cm dyd\u017eio atvira spinta su trimis stal\u010diais, prailginimu ir daugybe lentyn\u0173 \u2013 puikus sprendimas ie\u0161kantiems funkcionalios ir erdvios vietos drabu\u017eiams laikyti. Ji u\u017etikrina patogum\u0105, tvark\u0105 ir lengv\u0105 prieig\u0105 prie daikt\u0173, kartu suteikdama interjerui stiliaus ir elegancijos.<\/p>","protected":false},"excerpt":{"rendered":"<p>Matmenys:<br \/>\nPlotis: 150 cm<br \/>\n\u016agis: 242 cm<br \/>\nGylis: 60 cm<\/p>","protected":false},"featured_media":334821,"comment_status":"open","ping_status":"closed","template":"","meta":[],"product_brand":[],"product_cat":[9857,9985,1177],"product_tag":[],"class_list":{"0":"post-334715","1":"product","2":"type-product","3":"status-publish","4":"has-post-thumbnail","6":"product_cat-meblast","7":"product_cat-sliding-wardrobes-meblast","8":"product_cat-wardrobes","10":"first","11":"instock","12":"shipping-taxable","13":"purchasable","14":"product-type-variable","15":"wvs-archive-product-wrapper"},"_links":{"self":[{"href":"https:\/\/baldumarket.lt\/lt\/wp-json\/wp\/v2\/product\/334715","targetHints":{"allow":["GET"]}}],"collection":[{"href":"https:\/\/baldumarket.lt\/lt\/wp-json\/wp\/v2\/product"}],"about":[{"href":"https:\/\/baldumarket.lt\/lt\/wp-json\/wp\/v2\/types\/product"}],"replies":[{"embeddable":true,"href":"https:\/\/baldumarket.lt\/lt\/wp-json\/wp\/v2\/comments?post=334715"}],"wp:featuredmedia":[{"embeddable":true,"href":"https:\/\/baldumarket.lt\/lt\/wp-json\/wp\/v2\/media\/334821"}],"wp:attachment":[{"href":"https:\/\/baldumarket.lt\/lt\/wp-json\/wp\/v2\/media?parent=334715"}],"wp:term":[{"taxonomy":"product_brand","embeddable":true,"href":"https:\/\/baldumarket.lt\/lt\/wp-json\/wp\/v2\/product_brand?post=334715"},{"taxonomy":"product_cat","embeddable":true,"href":"https:\/\/baldumarket.lt\/lt\/wp-json\/wp\/v2\/product_cat?post=334715"},{"taxonomy":"product_tag","embeddable":true,"href":"https:\/\/baldumarket.lt\/lt\/wp-json\/wp\/v2\/product_tag?post=334715"}],"curies":[{"name":"wp","href":"https:\/\/api.w.org\/{rel}","templated":true}]}}