{"id":334713,"date":"2026-03-07T00:46:15","date_gmt":"2026-03-06T21:46:15","guid":{"rendered":"https:\/\/baldumarket.lt\/?post_type=product&#038;p=334713"},"modified":"2026-03-31T10:17:06","modified_gmt":"2026-03-31T07:17:06","slug":"moduline-spinta-50x225-cm-su-pakabinimo-begeliu-ir-lentynomis-max-premium-d","status":"publish","type":"product","link":"https:\/\/baldumarket.lt\/lt\/product\/moduline-spinta-50x225-cm-su-pakabinimo-begeliu-ir-lentynomis-max-premium-d\/","title":{"rendered":"Modulin\u0117 spinta 50\u00d7225 cm su pakabinimo b\u0117geliu ir lentynomis \u2013 MAX Premium \u201cD\u201d"},"content":{"rendered":"<p>\u201cModulin\u0117s spint\u0173 sistemos \u201dMAX\u201c modulis \u2013 spinta 50 \u201dD\u201c<\/p>\n<p>\u0160i 50 \u00d7 225 cm modulin\u0117 spinta su pakaba ir lentynomis i\u0161 MAX Premium sistemos yra kompakti\u0161kas, ta\u010diau ne\u012ftik\u0117tinai funkcionalus sprendimas drabu\u017eiams ir aksesuarams laikyti bet kuriame kambaryje. Siauras dizainas (tik 50 cm plo\u010dio) idealiai tinka ma\u017eoms erdv\u0117ms, kur svarbus kiekvienas centimetras. Nepaisant kompakti\u0161ko dyd\u017eio, spinta pasi\u017eymi didele talpa ir patogiu vidini\u0173 komponent\u0173 i\u0161d\u0117stymu.<\/p>\n<p>Spintel\u0117s viduje yra prakti\u0161kas drabu\u017ei\u0173 kabinimo skersinis, leid\u017eiantis tvarkingai ir lengvai pasiekiamu b\u016bdu pakabinti striukes, paltus, sukneles ar mar\u0161kinius. Vir\u0161 ir po skersiniu yra lentynos, puikiai tinkan\u010dios sulankstytiems drabu\u017eiams, d\u0117\u017e\u0117ms ar nam\u0173 tekstilei laikyti. Toks i\u0161d\u0117stymas suteikia greit\u0105 prieig\u0105 prie da\u017enai naudojam\u0173 daikt\u0173 ir padeda palaikyti tvark\u0105. Spinta pagaminta pagal \u201ePremium\u201c standart\u0105, o tai rei\u0161kia, kad joje \u012frengti \u0161velnaus u\u017edarymo vyriai, metalin\u0117s rankenos (galima rinktis i\u0161 trij\u0173 spalv\u0173: juodos, aliuminio ir auksin\u0117s), o fasadai ir korpusas pagaminti i\u0161 patvarios med\u017eio dro\u017eli\u0173 plok\u0161t\u0117s. Pasirinkus \u0161i\u0105 spint\u0105, taip pat galite suasmeninti spalv\u0105, nes kiekviena MAX sistemos dalis gali b\u016bti apdailinta bet kokiu \u012fmanomu atspalviu, tod\u0117l baldus galite priderinti prie konkretaus interjero dizaino.<\/p>\n<p>Modulinis dizainas leid\u017eia derinti j\u012f su kitomis MAX System serijos dalimis. Tai leid\u017eia susikurti tobul\u0105 erdv\u0117s i\u0161planavim\u0105 ir j\u0105 i\u0161pl\u0117sti pagal pageidavim\u0105. Tai puikus pagrindas susikurti savo individualiai pritaikyt\u0105 garderob\u0105, kuris augs kartu su j\u016bs\u0173 poreikiais.<\/p>","protected":false},"excerpt":{"rendered":"<p>Matmenys:<br \/>\nPlotis: 50 cm<br \/>\n\u016agis: 225 cm<br \/>\nGylis: 54 cm<\/p>","protected":false},"featured_media":334811,"comment_status":"open","ping_status":"closed","template":"","meta":[],"product_brand":[],"product_cat":[9990,9857,1177],"product_tag":[],"class_list":{"0":"post-334713","1":"product","2":"type-product","3":"status-publish","4":"has-post-thumbnail","6":"product_cat-furniture-system-max","7":"product_cat-meblast","8":"product_cat-wardrobes","10":"first","11":"instock","12":"shipping-taxable","13":"purchasable","14":"product-type-variable","15":"wvs-archive-product-wrapper"},"_links":{"self":[{"href":"https:\/\/baldumarket.lt\/lt\/wp-json\/wp\/v2\/product\/334713","targetHints":{"allow":["GET"]}}],"collection":[{"href":"https:\/\/baldumarket.lt\/lt\/wp-json\/wp\/v2\/product"}],"about":[{"href":"https:\/\/baldumarket.lt\/lt\/wp-json\/wp\/v2\/types\/product"}],"replies":[{"embeddable":true,"href":"https:\/\/baldumarket.lt\/lt\/wp-json\/wp\/v2\/comments?post=334713"}],"wp:featuredmedia":[{"embeddable":true,"href":"https:\/\/baldumarket.lt\/lt\/wp-json\/wp\/v2\/media\/334811"}],"wp:attachment":[{"href":"https:\/\/baldumarket.lt\/lt\/wp-json\/wp\/v2\/media?parent=334713"}],"wp:term":[{"taxonomy":"product_brand","embeddable":true,"href":"https:\/\/baldumarket.lt\/lt\/wp-json\/wp\/v2\/product_brand?post=334713"},{"taxonomy":"product_cat","embeddable":true,"href":"https:\/\/baldumarket.lt\/lt\/wp-json\/wp\/v2\/product_cat?post=334713"},{"taxonomy":"product_tag","embeddable":true,"href":"https:\/\/baldumarket.lt\/lt\/wp-json\/wp\/v2\/product_tag?post=334713"}],"curies":[{"name":"wp","href":"https:\/\/api.w.org\/{rel}","templated":true}]}}